{"id":4098,"date":"2025-05-09T18:19:48","date_gmt":"2025-05-09T15:19:48","guid":{"rendered":"https:\/\/wristbandfactory.eu\/?post_type=product&#038;p=4098"},"modified":"2026-04-01T21:52:04","modified_gmt":"2026-04-01T18:52:04","slug":"pu-leather-wristbands-with-details","status":"publish","type":"product","link":"https:\/\/displayproducts.eu\/es\/p\/pu-leather-wristbands-with-details\/","title":{"rendered":"Pulseras de piel sint\u00e9tica con detalles"},"content":{"rendered":"<p class=\"\" data-start=\"132\" data-end=\"394\">Dale un toque de brillo y elegancia a tu colecci\u00f3n de accesorios con esta elegante pulsera de piel sint\u00e9tica, con un dise\u00f1o moderno y detalles de cristal de colores brillantes. Es perfecta tanto para uso diario como para un regalo corporativo de alta gama.<\/p>\n<p class=\"\" data-start=\"396\" data-end=\"640\">La correa ajustable con cierre a presi\u00f3n se adapta a mu\u00f1ecas de diferentes tama\u00f1os. La pulsera est\u00e1 disponible en tres elegantes tonos: dorado, negro y plateado; cada uno realza el estilo de quien la lleva a su manera y crea un hermoso fondo para las brillantes piedras.<\/p>\n<p class=\"\" data-start=\"642\" data-end=\"891\">Este producto tambi\u00e9n se puede personalizar: el \u00e1rea de impresi\u00f3n se encuentra cerca del cierre, donde se puede a\u00f1adir un logotipo o mensaje mediante tampograf\u00eda a un solo color, con un tama\u00f1o de impresi\u00f3n de 15 \u00d7 12 mm. Esto hace que la pulsera sea ideal como regalo promocional o de campa\u00f1a.<\/p>\n<p class=\"\" data-start=\"893\" data-end=\"912\"><strong data-start=\"893\" data-end=\"912\">Presupuesto:<\/strong><\/p>\n<ul data-start=\"913\" data-end=\"1238\">\n<li class=\"\" data-start=\"913\" data-end=\"941\">\n<p class=\"\" data-start=\"915\" data-end=\"941\"><strong data-start=\"915\" data-end=\"928\">Material:<\/strong> Cuero de PU<\/p>\n<\/li>\n<li class=\"\" data-start=\"942\" data-end=\"995\">\n<p class=\"\" data-start=\"944\" data-end=\"995\"><strong data-start=\"944\" data-end=\"955\">Dise\u00f1o:<\/strong> Detalles brillantes con acabado elegante.<\/p>\n<\/li>\n<li class=\"\" data-start=\"996\" data-end=\"1038\">\n<p class=\"\" data-start=\"998\" data-end=\"1038\"><strong data-start=\"998\" data-end=\"1016\">Opciones de color:<\/strong> Oro, negro, plata<\/p>\n<\/li>\n<li class=\"\" data-start=\"1039\" data-end=\"1084\">\n<p class=\"\" data-start=\"1041\" data-end=\"1084\"><strong data-start=\"1041\" data-end=\"1051\">Corchete:<\/strong> Cierre con bot\u00f3n a presi\u00f3n ajustable<\/p>\n<\/li>\n<li class=\"\" data-start=\"1085\" data-end=\"1118\">\n<p class=\"\" data-start=\"1087\" data-end=\"1118\"><strong data-start=\"1087\" data-end=\"1102\">Dimensiones:<\/strong> 20,5 \u00d7 2,6 cm<\/p>\n<\/li>\n<li class=\"\" data-start=\"1119\" data-end=\"1138\">\n<p class=\"\" data-start=\"1121\" data-end=\"1138\"><strong data-start=\"1121\" data-end=\"1132\">Peso:<\/strong> 8 gramos<\/p>\n<\/li>\n<li class=\"\" data-start=\"1139\" data-end=\"1181\">\n<p class=\"\" data-start=\"1141\" data-end=\"1181\"><strong data-start=\"1141\" data-end=\"1156\">\u00c1rea de impresi\u00f3n:<\/strong> Cierre cercano, 15 \u00d7 12 mm<\/p>\n<\/li>\n<li class=\"\" data-start=\"1182\" data-end=\"1238\">\n<p class=\"\" data-start=\"1184\" data-end=\"1238\"><strong data-start=\"1184\" data-end=\"1207\">T\u00e9cnica de impresi\u00f3n:<\/strong> Tampograf\u00eda (m\u00e1ximo 1 color)<\/p>\n<\/li>\n<\/ul>","protected":false},"excerpt":{"rendered":"<p class=\"\" data-start=\"80\" data-end=\"438\">La pulsera de piel sint\u00e9tica presenta llamativos detalles de colores con cristales. Tiene un cierre a presi\u00f3n ajustable y est\u00e1 disponible en tres elegantes tonos: dorado, negro y plateado, cada uno de los cuales realza la personalidad de quien la lleva. Se puede a\u00f1adir un logotipo o mensaje junto al cierre mediante tampograf\u00eda, convirti\u00e9ndola en un regalo promocional o de campa\u00f1a atractivo.<\/p>","protected":false},"featured_media":6430,"comment_status":"closed","ping_status":"closed","template":"","meta":[],"product_brand":[],"product_cat":[66,117],"product_tag":[],"class_list":{"0":"post-4098","1":"product","2":"type-product","3":"status-publish","4":"has-post-thumbnail","6":"product_cat-wristbands","7":"product_cat-leather-wristbands","9":"first","10":"instock","11":"shipping-taxable","12":"purchasable","13":"product-type-simple"},"_links":{"self":[{"href":"https:\/\/displayproducts.eu\/es\/wp-json\/wp\/v2\/product\/4098","targetHints":{"allow":["GET"]}}],"collection":[{"href":"https:\/\/displayproducts.eu\/es\/wp-json\/wp\/v2\/product"}],"about":[{"href":"https:\/\/displayproducts.eu\/es\/wp-json\/wp\/v2\/types\/product"}],"replies":[{"embeddable":true,"href":"https:\/\/displayproducts.eu\/es\/wp-json\/wp\/v2\/comments?post=4098"}],"wp:featuredmedia":[{"embeddable":true,"href":"https:\/\/displayproducts.eu\/es\/wp-json\/wp\/v2\/media\/6430"}],"wp:attachment":[{"href":"https:\/\/displayproducts.eu\/es\/wp-json\/wp\/v2\/media?parent=4098"}],"wp:term":[{"taxonomy":"product_brand","embeddable":true,"href":"https:\/\/displayproducts.eu\/es\/wp-json\/wp\/v2\/product_brand?post=4098"},{"taxonomy":"product_cat","embeddable":true,"href":"https:\/\/displayproducts.eu\/es\/wp-json\/wp\/v2\/product_cat?post=4098"},{"taxonomy":"product_tag","embeddable":true,"href":"https:\/\/displayproducts.eu\/es\/wp-json\/wp\/v2\/product_tag?post=4098"}],"curies":[{"name":"wp","href":"https:\/\/api.w.org\/{rel}","templated":true}]}}