{"id":4065,"date":"2025-05-09T17:33:44","date_gmt":"2025-05-09T14:33:44","guid":{"rendered":"https:\/\/wristbandfactory.eu\/?post_type=product&#038;p=4065"},"modified":"2026-04-01T21:52:04","modified_gmt":"2026-04-01T18:52:04","slug":"three-strand-leather-wristband-with-light-green-glass-beads","status":"publish","type":"product","link":"https:\/\/displayproducts.eu\/es\/p\/three-strand-leather-wristband-with-light-green-glass-beads\/","title":{"rendered":"Pulsera de cuero de tres hilos con cuentas de vidrio"},"content":{"rendered":"<p data-path-to-node=\"12\">\u00bfBuscas un regalo corporativo que parezca m\u00e1s un accesorio de moda que un art\u00edculo promocional? Nuestro <b data-path-to-node=\"12\" data-index-in-node=\"124\">Pulsera de cuero de tres hilos hecha a mano<\/b> Combina el encanto r\u00fastico con la elegancia. A diferencia de las pulseras est\u00e1ndar de silicona o tela, esta pulsera est\u00e1 fabricada con materiales naturales, lo que la convierte en una excelente opci\u00f3n para marcas con conciencia ecol\u00f3gica, eventos boutique y regalos de agradecimiento a empleados.<\/p>\n<h2 data-path-to-node=\"13\">Caracter\u00edsticas principales<\/h2>\n<ul data-path-to-node=\"14\">\n<li>\n<p data-path-to-node=\"14,0,0\"><b data-path-to-node=\"14,0,0\" data-index-in-node=\"0\">Dise\u00f1o de tr\u00edo distintivo:<\/b> La pulsera combina una tira de cuero suave de color marr\u00f3n claro, un cord\u00f3n de cuero trenzado texturizado de color marr\u00f3n oscuro y una hebra central adornada con cuentas de vidrio de color verde claro.<\/p>\n<\/li>\n<li>\n<p data-path-to-node=\"14,1,0\"><b data-path-to-node=\"14,1,0\" data-index-in-node=\"0\">Embalaje de marca:<\/b> La personalizaci\u00f3n se aplica a la <b data-path-to-node=\"14,1,0\" data-index-in-node=\"51\">Tarjeta de papel kraft<\/b> Sujetando la pulsera. Utilizamos tampograf\u00eda (hasta 4 colores) para mostrar su logotipo o mensaje directamente sobre la pulsera, creando una presentaci\u00f3n profesional lista para la venta.<\/p>\n<\/li>\n<li>\n<p data-path-to-node=\"14,2,0\"><b data-path-to-node=\"14,2,0\" data-index-in-node=\"0\">Comodidad universal:<\/b> El cierre ajustable de algod\u00f3n encerado garantiza un ajuste c\u00f3modo para varios tama\u00f1os de mu\u00f1eca, eliminando la necesidad de tablas de tallas complejas.<\/p>\n<\/li>\n<li>\n<p data-path-to-node=\"14,3,0\"><b data-path-to-node=\"14,3,0\" data-index-in-node=\"0\">Listo para regalar:<\/b> Entregadas montadas en la tarjeta, estas pulseras est\u00e1n instant\u00e1neamente listas para ser entregadas en eventos o incluidas en bolsas de bienvenida.<\/p>\n<\/li>\n<\/ul>\n<h2 data-path-to-node=\"15\">Presupuesto<\/h2>\n<ul data-path-to-node=\"16\">\n<li>\n<p data-path-to-node=\"16,0,0\"><b data-path-to-node=\"16,0,0\" data-index-in-node=\"0\">Materiales:<\/b> Cuero genuino, cuentas de vidrio, algod\u00f3n encerado.<\/p>\n<\/li>\n<li>\n<p data-path-to-node=\"16,1,0\"><b data-path-to-node=\"16,1,0\" data-index-in-node=\"0\">Dimensiones:<\/b> 26 \u00d7 1,2 cm (longitud ajustable).<\/p>\n<\/li>\n<li>\n<p data-path-to-node=\"16,2,0\"><b data-path-to-node=\"16,2,0\" data-index-in-node=\"0\">Peso:<\/b> 6 gramos.<\/p>\n<\/li>\n<li>\n<p data-path-to-node=\"16,3,0\"><b data-path-to-node=\"16,3,0\" data-index-in-node=\"0\">\u00c1rea de Marca:<\/b> 25 \u00d7 15 mm (en el encabezado de la tarjeta).<\/p>\n<\/li>\n<li>\n<p data-path-to-node=\"16,4,0\"><b data-path-to-node=\"16,4,0\" data-index-in-node=\"0\">T\u00e9cnica de impresi\u00f3n:<\/b> Tampograf\u00eda (M\u00e1ximo 4 colores).<\/p>\n<\/li>\n<li>\n<p data-path-to-node=\"16,5,0\"><b data-path-to-node=\"16,5,0\" data-index-in-node=\"0\">Embalaje:<\/b> Tarjeta de papel kraft ecol\u00f3gica.<\/p>\n<\/li>\n<\/ul>\n<h2 data-path-to-node=\"17\">Casos de uso<\/h2>\n<ul data-path-to-node=\"18\">\n<li>\n<p data-path-to-node=\"18,0,0\"><b data-path-to-node=\"18,0,0\" data-index-in-node=\"0\">Regalos corporativos:<\/b> Un regalo elegante y de gran valor percibido para empleados o socios.<\/p>\n<\/li>\n<li>\n<p data-path-to-node=\"18,1,0\"><b data-path-to-node=\"18,1,0\" data-index-in-node=\"0\">Art\u00edculos VIP del festival:<\/b> Un accesorio boho chic que los invitados usar\u00e1n mucho tiempo despu\u00e9s del evento.<\/p>\n<\/li>\n<li>\n<p data-path-to-node=\"18,2,0\"><b data-path-to-node=\"18,2,0\" data-index-in-node=\"0\">Campa\u00f1as ben\u00e9ficas:<\/b> Una pulsera sutil inspirada en la naturaleza para apoyar causas medioambientales.<\/p>\n<\/li>\n<li>\n<p data-path-to-node=\"18,3,0\"><b data-path-to-node=\"18,3,0\" data-index-in-node=\"0\">Mercanc\u00eda al por menor:<\/b> Perfecto para tiendas de museos, zool\u00f3gicos o reservas naturales para vender con una marca personalizada.<\/p>\n<\/li>\n<\/ul>\n<p data-path-to-node=\"19\">","protected":false},"excerpt":{"rendered":"<ul>\n<li>\n<p data-path-to-node=\"11,0,0\"><b data-path-to-node=\"11,0,0\" data-index-in-node=\"0\">Dise\u00f1o artesanal:<\/b> Presenta tres hebras distintas: cuero liso, cuero trenzado y cuentas de vidrio verde.<\/p>\n<\/li>\n<li>\n<p data-path-to-node=\"11,1,0\"><b data-path-to-node=\"11,1,0\" data-index-in-node=\"0\">Marca personalizada:<\/b> Su logotipo se imprime mediante almohadilla en la tarjeta de presentaci\u00f3n de papel kraft adjunta.<\/p>\n<\/li>\n<li>\n<p data-path-to-node=\"11,2,0\"><b data-path-to-node=\"11,2,0\" data-index-in-node=\"0\">Ajuste ajustable:<\/b> Se abrocha con un nudo corredizo de algod\u00f3n encerado duradero para adaptarse a la mayor\u00eda de los tama\u00f1os de mu\u00f1eca.<\/p>\n<\/li>\n<li>\n<p data-path-to-node=\"11,3,0\"><b data-path-to-node=\"11,3,0\" data-index-in-node=\"0\">Materiales naturales:<\/b> Fabricado con cuero genuino y vidrio para una apariencia de calidad minorista premium.<\/p>\n<\/li>\n<\/ul>","protected":false},"featured_media":6412,"comment_status":"closed","ping_status":"closed","template":"","meta":[],"product_brand":[],"product_cat":[66,117],"product_tag":[],"class_list":{"0":"post-4065","1":"product","2":"type-product","3":"status-publish","4":"has-post-thumbnail","6":"product_cat-wristbands","7":"product_cat-leather-wristbands","9":"first","10":"instock","11":"shipping-taxable","12":"purchasable","13":"product-type-simple"},"_links":{"self":[{"href":"https:\/\/displayproducts.eu\/es\/wp-json\/wp\/v2\/product\/4065","targetHints":{"allow":["GET"]}}],"collection":[{"href":"https:\/\/displayproducts.eu\/es\/wp-json\/wp\/v2\/product"}],"about":[{"href":"https:\/\/displayproducts.eu\/es\/wp-json\/wp\/v2\/types\/product"}],"replies":[{"embeddable":true,"href":"https:\/\/displayproducts.eu\/es\/wp-json\/wp\/v2\/comments?post=4065"}],"wp:featuredmedia":[{"embeddable":true,"href":"https:\/\/displayproducts.eu\/es\/wp-json\/wp\/v2\/media\/6412"}],"wp:attachment":[{"href":"https:\/\/displayproducts.eu\/es\/wp-json\/wp\/v2\/media?parent=4065"}],"wp:term":[{"taxonomy":"product_brand","embeddable":true,"href":"https:\/\/displayproducts.eu\/es\/wp-json\/wp\/v2\/product_brand?post=4065"},{"taxonomy":"product_cat","embeddable":true,"href":"https:\/\/displayproducts.eu\/es\/wp-json\/wp\/v2\/product_cat?post=4065"},{"taxonomy":"product_tag","embeddable":true,"href":"https:\/\/displayproducts.eu\/es\/wp-json\/wp\/v2\/product_tag?post=4065"}],"curies":[{"name":"wp","href":"https:\/\/api.w.org\/{rel}","templated":true}]}}