{"id":4046,"date":"2025-05-09T17:16:59","date_gmt":"2025-05-09T14:16:59","guid":{"rendered":"https:\/\/wristbandfactory.eu\/?post_type=product&#038;p=4046"},"modified":"2026-04-01T21:52:04","modified_gmt":"2026-04-01T18:52:04","slug":"custom-leather-wristbands","status":"publish","type":"product","link":"https:\/\/displayproducts.eu\/es\/p\/custom-leather-wristbands\/","title":{"rendered":"Pulseras de cuero personalizadas"},"content":{"rendered":"<p>Esta elegante pulsera est\u00e1 elaborada en cuero marr\u00f3n de alta calidad, adornada con resistentes cintas de cuello de algod\u00f3n encerado y elegantes cuentas plateadas. Una cuenta central con el s\u00edmbolo universal de la paz le aporta un toque especial, representando la armon\u00eda y la colaboraci\u00f3n. El dise\u00f1o se cierra con un cierre de aleaci\u00f3n met\u00e1lica plateada pulida, lo que garantiza durabilidad y un acabado refinado para el uso diario.<\/p>\n<p>La clave de su valor como herramienta promocional reside en su empaque. Cada pulsera est\u00e1 montada sobre una tarjeta de papel kraft natural, que sirve como lienzo para su marca. Ofrecemos tampograf\u00eda precisa del logotipo de su empresa o un mensaje personalizado en hasta cuatro colores en un \u00e1rea de 25 \u00d7 15 mm. Esta presentaci\u00f3n cuidada garantiza que su marca sea el centro de atenci\u00f3n, creando una impresi\u00f3n duradera mucho despu\u00e9s de recibir el regalo.<\/p>\n<p><b>Caracter\u00edsticas principales:<\/b><\/p>\n<ul>\n<li><b>Material:<\/b> Cuero genuino, algod\u00f3n encerado y aleaci\u00f3n plateada.<\/li>\n<li><b>Herrada:<\/b> Tarjeta de soporte de papel kraft impresa a medida<\/li>\n<li><b>\u00c1rea de impresi\u00f3n:<\/b> 25 \u00d7 15 mm en la parte superior de la tarjeta<\/li>\n<li><b>M\u00e9todo de impresi\u00f3n:<\/b> Tampograf\u00eda de alta calidad (hasta 4 colores)<\/li>\n<li><b>Simbolismo:<\/b> Incluye una cuenta con el s\u00edmbolo de la paz para un mensaje de unidad.<\/li>\n<li><b>Corchete:<\/b> Cierre de aleaci\u00f3n de metal plateado, seguro y elegante.<\/li>\n<\/ul>\n<p>&nbsp;<\/p>","protected":false},"excerpt":{"rendered":"<article class=\"text-token-text-primary w-full\" dir=\"auto\" data-testid=\"conversation-turn-440\" data-scroll-anchor=\"true\">\n<div class=\"text-base my-auto mx-auto py-5 [--thread-content-margin:--spacing(4)] @[37rem]:[--thread-content-margin:--spacing(6)] @[72rem]:[--thread-content-margin:--spacing(16)] px-(--thread-content-margin)\">\n<div class=\"[--thread-content-max-width:32rem] @[34rem]:[--thread-content-max-width:40rem] @[64rem]:[--thread-content-max-width:48rem] mx-auto flex max-w-(--thread-content-max-width) flex-1 text-base gap-4 md:gap-5 lg:gap-6 group\/turn-messages focus-visible:outline-hidden\" tabindex=\"-1\">\n<div class=\"group\/conversation-turn relative flex w-full min-w-0 flex-col agent-turn\">\n<div class=\"relative flex-col gap-1 md:gap-3\">\n<div class=\"flex max-w-full flex-col grow\">\n<div class=\"min-h-8 text-message relative flex w-full flex-col items-end gap-2 text-start break-words whitespace-normal [.text-message+&amp;]:mt-5\" dir=\"auto\" data-message-author-role=\"assistant\" data-message-id=\"90623f22-b929-41cf-a2ca-210f95d4ea1a\" data-message-model-slug=\"gpt-4o\">\n<div class=\"flex w-full flex-col gap-1 empty:hidden first:pt-[3px]\">\n<div class=\"markdown prose dark:prose-invert w-full break-words light\">\n<p>Descubra el regalo corporativo perfecto que combina un estilo atemporal con una imagen de marca impactante. Nuestras pulseras de cuero premium ofrecen una forma sofisticada de mostrar su agradecimiento a los clientes, recompensar a sus empleados o crear productos \u00fanicos. Presentadas en una tarjeta de soporte totalmente personalizable, este producto transforma un simple gesto en una experiencia de marca memorable.<\/p>\n<\/div>\n<\/div>\n<\/div>\n<\/div>\n<\/div>\n<\/div>\n<\/div>\n<\/div>\n<\/article>\n<div class=\"pointer-events-none h-px w-px\" aria-hidden=\"true\" data-edge=\"true\"><\/div>","protected":false},"featured_media":6404,"comment_status":"closed","ping_status":"closed","template":"","meta":[],"product_brand":[],"product_cat":[66,117],"product_tag":[],"class_list":{"0":"post-4046","1":"product","2":"type-product","3":"status-publish","4":"has-post-thumbnail","6":"product_cat-wristbands","7":"product_cat-leather-wristbands","9":"first","10":"instock","11":"shipping-taxable","12":"purchasable","13":"product-type-simple"},"_links":{"self":[{"href":"https:\/\/displayproducts.eu\/es\/wp-json\/wp\/v2\/product\/4046","targetHints":{"allow":["GET"]}}],"collection":[{"href":"https:\/\/displayproducts.eu\/es\/wp-json\/wp\/v2\/product"}],"about":[{"href":"https:\/\/displayproducts.eu\/es\/wp-json\/wp\/v2\/types\/product"}],"replies":[{"embeddable":true,"href":"https:\/\/displayproducts.eu\/es\/wp-json\/wp\/v2\/comments?post=4046"}],"wp:featuredmedia":[{"embeddable":true,"href":"https:\/\/displayproducts.eu\/es\/wp-json\/wp\/v2\/media\/6404"}],"wp:attachment":[{"href":"https:\/\/displayproducts.eu\/es\/wp-json\/wp\/v2\/media?parent=4046"}],"wp:term":[{"taxonomy":"product_brand","embeddable":true,"href":"https:\/\/displayproducts.eu\/es\/wp-json\/wp\/v2\/product_brand?post=4046"},{"taxonomy":"product_cat","embeddable":true,"href":"https:\/\/displayproducts.eu\/es\/wp-json\/wp\/v2\/product_cat?post=4046"},{"taxonomy":"product_tag","embeddable":true,"href":"https:\/\/displayproducts.eu\/es\/wp-json\/wp\/v2\/product_tag?post=4046"}],"curies":[{"name":"wp","href":"https:\/\/api.w.org\/{rel}","templated":true}]}}