{"id":4024,"date":"2025-05-09T16:57:10","date_gmt":"2025-05-09T13:57:10","guid":{"rendered":"https:\/\/wristbandfactory.eu\/?post_type=product&#038;p=4024"},"modified":"2026-04-01T21:52:36","modified_gmt":"2026-04-01T18:52:36","slug":"custom-engraved-multifunctional-paracord-survival-wristbands","status":"publish","type":"product","link":"https:\/\/displayproducts.eu\/es\/p\/custom-engraved-multifunctional-paracord-survival-wristbands\/","title":{"rendered":"Pulseras paracord personalizadas"},"content":{"rendered":"<p data-path-to-node=\"8\">Realce sus regalos corporativos con una herramienta que combina utilidad y estilo resistente. Nuestra pulsera de supervivencia multifuncional de paracord es m\u00e1s que un simple accesorio; es un kit de emergencia compacto dise\u00f1ado para personas activas y aventureras. Ya sea para senderismo, acampada o entrenamiento t\u00e1ctico, esta pulsera lleva las herramientas esenciales en la mu\u00f1eca.<\/p>\n<p data-path-to-node=\"9\">El n\u00facleo de la pulsera est\u00e1 hecho de paracord de nailon de alta resistencia, que se puede desenrollar en situaciones de emergencia. El cierre de hebilla integrado alberga un potente silbato de emergencia y un raspador para encender fuego, mientras que la parte superior cuenta con una br\u00fajula fiable y un resistente abridor de botellas.<\/p>\n<h2 data-path-to-node=\"10\">Caracter\u00edsticas principales<\/h2>\n<ul data-path-to-node=\"11\">\n<li>\n<p data-path-to-node=\"11,0,0\"><b data-path-to-node=\"11,0,0\" data-index-in-node=\"0\">Utilidad todo en uno:<\/b> Cinco herramientas de supervivencia esenciales integradas en un \u00fanico dise\u00f1o port\u00e1til.<\/p>\n<\/li>\n<li>\n<p data-path-to-node=\"11,1,0\"><b data-path-to-node=\"11,1,0\" data-index-in-node=\"0\">Grabado l\u00e1ser personalizado:<\/b> El logotipo de su empresa est\u00e1 grabado con precisi\u00f3n en la placa de metal, lo que garantiza que la marca nunca se desvanezca ni se despegue.<\/p>\n<\/li>\n<li>\n<p data-path-to-node=\"11,2,0\"><b data-path-to-node=\"11,2,0\" data-index-in-node=\"0\">Construcci\u00f3n robusta:<\/b> Dise\u00f1ado para soportar duras condiciones ambientales, lo que lo convierte en uno de los favoritos de los entusiastas del aire libre.<\/p>\n<\/li>\n<li>\n<p data-path-to-node=\"11,3,0\"><b data-path-to-node=\"11,3,0\" data-index-in-node=\"0\">Ajuste ergon\u00f3mico:<\/b> Dise\u00f1ado para brindar comodidad durante el uso prolongado, con un sistema de hebilla seguro.<\/p>\n<\/li>\n<\/ul>\n<h2 data-path-to-node=\"12\">Presupuesto<\/h2>\n<ul data-path-to-node=\"13\">\n<li>\n<p data-path-to-node=\"13,0,0\"><b data-path-to-node=\"13,0,0\" data-index-in-node=\"0\">Material:<\/b> Paracord de nailon de alta tenacidad y componentes met\u00e1licos<\/p>\n<\/li>\n<li>\n<p data-path-to-node=\"13,1,0\"><b data-path-to-node=\"13,1,0\" data-index-in-node=\"0\">Dimensiones:<\/b> 25,5 \u00d7 3,4 \u00d7 1,1 cm<\/p>\n<\/li>\n<li>\n<p data-path-to-node=\"13,2,0\"><b data-path-to-node=\"13,2,0\" data-index-in-node=\"0\">Peso:<\/b> 36 gramos<\/p>\n<\/li>\n<li>\n<p data-path-to-node=\"13,3,0\"><b data-path-to-node=\"13,3,0\" data-index-in-node=\"0\">Funciones integradas:<\/b> Pulsera, br\u00fajula, silbato, raspador de fuego, abrebotellas<\/p>\n<\/li>\n<li>\n<p data-path-to-node=\"13,4,0\"><b data-path-to-node=\"13,4,0\" data-index-in-node=\"0\">\u00c1rea de personalizaci\u00f3n:<\/b> 20 \u00d7 10 mm en la placa de metal<\/p>\n<\/li>\n<li>\n<p data-path-to-node=\"13,5,0\"><b data-path-to-node=\"13,5,0\" data-index-in-node=\"0\">T\u00e9cnica:<\/b> Grabado l\u00e1ser de un solo color<\/p>\n<\/li>\n<\/ul>\n<h2 data-path-to-node=\"14\">Casos de uso<\/h2>\n<ul data-path-to-node=\"15\">\n<li>\n<p data-path-to-node=\"15,0,0\"><b data-path-to-node=\"15,0,0\" data-index-in-node=\"0\">Formaci\u00f3n de equipos corporativos:<\/b> Un regalo perfecto para retiros en la naturaleza y desaf\u00edos de supervivencia al aire libre.<\/p>\n<\/li>\n<li>\n<p data-path-to-node=\"15,1,0\"><b data-path-to-node=\"15,1,0\" data-index-in-node=\"0\">Turismo de aventura:<\/b> Las agencias de viajes y los operadores tur\u00edsticos pueden proporcionar equipos de marca a sus clientes.<\/p>\n<\/li>\n<li>\n<p data-path-to-node=\"15,2,0\"><b data-path-to-node=\"15,2,0\" data-index-in-node=\"0\">Venta minorista y comercializaci\u00f3n:<\/b> Excelente art\u00edculo de alto valor percibido para tiendas de art\u00edculos deportivos y para actividades al aire libre.<\/p>\n<\/li>\n<li>\n<p data-path-to-node=\"15,3,0\"><b data-path-to-node=\"15,3,0\" data-index-in-node=\"0\">Campa\u00f1as de concientizaci\u00f3n sobre seguridad:<\/b> Ideal para organizaciones centradas en la preparaci\u00f3n y los servicios de emergencia.<\/p>\n<\/li>\n<\/ul>","protected":false},"excerpt":{"rendered":"<article class=\"text-token-text-primary w-full\" dir=\"auto\" data-testid=\"conversation-turn-434\" data-scroll-anchor=\"true\">\n<div class=\"text-base my-auto mx-auto py-5 [--thread-content-margin:--spacing(4)] @[37rem]:[--thread-content-margin:--spacing(6)] @[72rem]:[--thread-content-margin:--spacing(16)] px-(--thread-content-margin)\">\n<div class=\"[--thread-content-max-width:32rem] @[34rem]:[--thread-content-max-width:40rem] @[64rem]:[--thread-content-max-width:48rem] mx-auto flex max-w-(--thread-content-max-width) flex-1 text-base gap-4 md:gap-5 lg:gap-6 group\/turn-messages focus-visible:outline-hidden\" tabindex=\"-1\">\n<div class=\"group\/conversation-turn relative flex w-full min-w-0 flex-col agent-turn\">\n<div class=\"relative flex-col gap-1 md:gap-3\">\n<div class=\"flex max-w-full flex-col grow\">\n<div class=\"min-h-8 text-message relative flex w-full flex-col items-end gap-2 text-start break-words whitespace-normal [.text-message+&amp;]:mt-5\" dir=\"auto\" data-message-author-role=\"assistant\" data-message-id=\"209e0cfa-4190-4646-a2b0-a9a360850576\" data-message-model-slug=\"gpt-4o\">\n<div class=\"flex w-full flex-col gap-1 empty:hidden first:pt-[3px]\">\n<div class=\"markdown prose dark:prose-invert w-full break-words light\">\n<ul>\n<li>\n<p data-path-to-node=\"7,0,0\"><b data-path-to-node=\"7,0,0\" data-index-in-node=\"0\">Herramienta multifuncional 5 en 1:<\/b> Incluye una br\u00fajula, un silbato, un encendedor, un abridor de botellas y un paracord duradero.<\/p>\n<\/li>\n<li>\n<p data-path-to-node=\"7,1,0\"><b data-path-to-node=\"7,1,0\" data-index-in-node=\"0\">Marca Premium:<\/b> Grabado l\u00e1ser profesional sobre placa met\u00e1lica de 20\u00d710 mm para visibilidad permanente del logotipo.<\/p>\n<\/li>\n<li>\n<p data-path-to-node=\"7,2,0\"><b data-path-to-node=\"7,2,0\" data-index-in-node=\"0\">Durabilidad extrema:<\/b> Fabricado con nailon resistente, dise\u00f1ado para aventuras al aire libre y preparaci\u00f3n para emergencias.<\/p>\n<\/li>\n<li>\n<p data-path-to-node=\"7,3,0\"><b data-path-to-node=\"7,3,0\" data-index-in-node=\"0\">Versatilidad B2B:<\/b> Ideal para agencias de viajes, eventos de formaci\u00f3n de equipos y minoristas de equipos para actividades al aire libre.<\/p>\n<\/li>\n<\/ul>\n<\/div>\n<\/div>\n<\/div>\n<\/div>\n<\/div>\n<\/div>\n<\/div>\n<\/div>\n<\/article>","protected":false},"featured_media":6416,"comment_status":"closed","ping_status":"closed","template":"","meta":[],"product_brand":[],"product_cat":[66,112,45],"product_tag":[],"class_list":{"0":"post-4024","1":"product","2":"type-product","3":"status-publish","4":"has-post-thumbnail","6":"product_cat-wristbands","7":"product_cat-paracord-wristbands","8":"product_cat-other","10":"first","11":"instock","12":"shipping-taxable","13":"purchasable","14":"product-type-simple"},"_links":{"self":[{"href":"https:\/\/displayproducts.eu\/es\/wp-json\/wp\/v2\/product\/4024","targetHints":{"allow":["GET"]}}],"collection":[{"href":"https:\/\/displayproducts.eu\/es\/wp-json\/wp\/v2\/product"}],"about":[{"href":"https:\/\/displayproducts.eu\/es\/wp-json\/wp\/v2\/types\/product"}],"replies":[{"embeddable":true,"href":"https:\/\/displayproducts.eu\/es\/wp-json\/wp\/v2\/comments?post=4024"}],"wp:featuredmedia":[{"embeddable":true,"href":"https:\/\/displayproducts.eu\/es\/wp-json\/wp\/v2\/media\/6416"}],"wp:attachment":[{"href":"https:\/\/displayproducts.eu\/es\/wp-json\/wp\/v2\/media?parent=4024"}],"wp:term":[{"taxonomy":"product_brand","embeddable":true,"href":"https:\/\/displayproducts.eu\/es\/wp-json\/wp\/v2\/product_brand?post=4024"},{"taxonomy":"product_cat","embeddable":true,"href":"https:\/\/displayproducts.eu\/es\/wp-json\/wp\/v2\/product_cat?post=4024"},{"taxonomy":"product_tag","embeddable":true,"href":"https:\/\/displayproducts.eu\/es\/wp-json\/wp\/v2\/product_tag?post=4024"}],"curies":[{"name":"wp","href":"https:\/\/api.w.org\/{rel}","templated":true}]}}