{"id":3986,"date":"2025-05-08T16:58:54","date_gmt":"2025-05-08T13:58:54","guid":{"rendered":"https:\/\/wristbandfactory.eu\/?post_type=product&#038;p=3986"},"modified":"2026-04-01T21:52:04","modified_gmt":"2026-04-01T18:52:04","slug":"custom-printed-sustainable-cork-phone-straps","status":"publish","type":"product","link":"https:\/\/displayproducts.eu\/es\/p\/custom-printed-sustainable-cork-phone-straps\/","title":{"rendered":"Correas de corcho para m\u00f3vil personalizadas"},"content":{"rendered":"<p data-path-to-node=\"7\">Ofrezca a los asistentes y clientes de su evento un art\u00edculo promocional que combina funcionalidad moderna con responsabilidad ambiental. Nuestras correas promocionales de corcho para tel\u00e9fono ofrecen una forma segura y manos libres de llevar un smartphone, asegurando que su marca permanezca visible en la mano del usuario mucho despu\u00e9s de finalizado el evento.<\/p>\n<p data-path-to-node=\"8\">Elaborada con corcho natural de origen vegetal, esta correa de mu\u00f1eca es una opci\u00f3n responsable para su pr\u00f3xima campa\u00f1a de marketing o bolsa de regalo para ferias comerciales. Su mecanismo es sencillo pero universal: un soporte de corcho fino pero resistente se desliza f\u00e1cilmente entre el tel\u00e9fono y su funda, conect\u00e1ndose a la correa mediante un robusto mosquet\u00f3n met\u00e1lico giratorio.<\/p>\n<h2 data-path-to-node=\"9\">Caracter\u00edsticas principales<\/h2>\n<ul data-path-to-node=\"10\">\n<li>\n<p data-path-to-node=\"10,0,0\"><b data-path-to-node=\"10,0,0\" data-index-in-node=\"0\">Material ecol\u00f3gico:<\/b> Fabricado con corcho renovable, que proporciona una sensaci\u00f3n suave al tacto y una est\u00e9tica natural de primera calidad.<\/p>\n<\/li>\n<li>\n<p data-path-to-node=\"10,1,0\"><b data-path-to-node=\"10,1,0\" data-index-in-node=\"0\">Marca vers\u00e1til:<\/b> Ofrecemos tampograf\u00eda, serigraf\u00eda y transferencia a todo color. Para una sensaci\u00f3n de alta gama, el grabado l\u00e1ser graba su logotipo directamente en la textura del corcho.<\/p>\n<\/li>\n<li>\n<p data-path-to-node=\"10,2,0\"><b data-path-to-node=\"10,2,0\" data-index-in-node=\"0\">Hardware seguro:<\/b> Equipado con un mosquet\u00f3n giratorio de metal negro duradero para una fijaci\u00f3n confiable y una f\u00e1cil extracci\u00f3n.<\/p>\n<\/li>\n<li>\n<p data-path-to-node=\"10,3,0\"><b data-path-to-node=\"10,3,0\" data-index-in-node=\"0\">Producci\u00f3n con sede en la UE:<\/b> Tiempos de respuesta r\u00e1pidos para plazos ajustados, garantizando que su equipo promocional llegue listo para su pr\u00f3ximo gran evento.<\/p>\n<\/li>\n<\/ul>\n<h2 data-path-to-node=\"11\">Presupuesto<\/h2>\n<ul data-path-to-node=\"12\">\n<li>\n<p data-path-to-node=\"12,0,0\"><b data-path-to-node=\"12,0,0\" data-index-in-node=\"0\">Material:<\/b> Correa de corcho natural sostenible con pesta\u00f1a para sujetar el tel\u00e9fono a juego.<\/p>\n<\/li>\n<li>\n<p data-path-to-node=\"12,1,0\"><b data-path-to-node=\"12,1,0\" data-index-in-node=\"0\">Dimensiones:<\/b> Correa de tama\u00f1o compacto (2 x 16,5 cm) ideal para llevar en la mu\u00f1eca.<\/p>\n<\/li>\n<li>\n<p data-path-to-node=\"12,2,0\"><b data-path-to-node=\"12,2,0\" data-index-in-node=\"0\">Peso:<\/b> 8 gramos (construcci\u00f3n ligera como una pluma).<\/p>\n<\/li>\n<li>\n<p data-path-to-node=\"12,3,0\"><b data-path-to-node=\"12,3,0\" data-index-in-node=\"0\">Compatibilidad:<\/b> Ajuste universal para todos los tel\u00e9fonos inteligentes y fundas protectoras est\u00e1ndar.<\/p>\n<\/li>\n<li>\n<p data-path-to-node=\"12,4,0\"><b data-path-to-node=\"12,4,0\" data-index-in-node=\"0\">Personalizaci\u00f3n:<\/b> Tampograf\u00eda, grabado l\u00e1ser o transferencia a todo color.<\/p>\n<\/li>\n<li>\n<p data-path-to-node=\"12,5,0\"><b data-path-to-node=\"12,5,0\" data-index-in-node=\"0\">Cantidad m\u00ednima de pedido:<\/b> 100 unidades.<\/p>\n<\/li>\n<\/ul>\n<h2 data-path-to-node=\"13\">Casos de uso<\/h2>\n<ul data-path-to-node=\"14\">\n<li>\n<p data-path-to-node=\"14,0,0\"><b data-path-to-node=\"14,0,0\" data-index-in-node=\"0\">Conferencias y ferias comerciales:<\/b> Obsequio de gran utilidad que mantiene los tel\u00e9fonos de los participantes seguros y accesibles durante la creaci\u00f3n de redes.<\/p>\n<\/li>\n<li>\n<p data-path-to-node=\"14,1,0\"><b data-path-to-node=\"14,1,0\" data-index-in-node=\"0\">Regalos corporativos de RSE:<\/b> Un regalo significativo y sostenible para los empleados que se alinea con los valores corporativos ecol\u00f3gicos.<\/p>\n<\/li>\n<li>\n<p data-path-to-node=\"14,2,0\"><b data-path-to-node=\"14,2,0\" data-index-in-node=\"0\">Promociones de tecnolog\u00eda y m\u00f3viles:<\/b> Perfecto para empresas de telecomunicaciones o marcas tecnol\u00f3gicas que buscan accesorios \u00fanicos y ecol\u00f3gicos.<\/p>\n<\/li>\n<li>\n<p data-path-to-node=\"14,3,0\"><b data-path-to-node=\"14,3,0\" data-index-in-node=\"0\">Viajes y turismo:<\/b> Recuerdos pr\u00e1cticos para grupos tur\u00edsticos y agencias de viajes.<\/p>\n<\/li>\n<\/ul>","protected":false},"excerpt":{"rendered":"<ul>\n<li>\n<p data-path-to-node=\"6,0,0\"><b data-path-to-node=\"6,0,0\" data-index-in-node=\"0\">Imagen de marca sostenible:<\/b> Fabricado con corcho natural y renovable 100%, ofrece una alternativa ecol\u00f3gica a los accesorios m\u00f3viles sint\u00e9ticos.<\/p>\n<\/li>\n<li>\n<p data-path-to-node=\"6,1,0\"><b data-path-to-node=\"6,1,0\" data-index-in-node=\"0\">Soluci\u00f3n B2B universal:<\/b> El inteligente dise\u00f1o de la pesta\u00f1a de inserci\u00f3n garantiza la compatibilidad con todos los modelos de tel\u00e9fonos inteligentes y fundas sin bloquear los puertos de carga.<\/p>\n<\/li>\n<li>\n<p data-path-to-node=\"6,2,0\"><b data-path-to-node=\"6,2,0\" data-index-in-node=\"0\">Personalizaci\u00f3n Premium:<\/b> Disponible con grabado l\u00e1ser de alta gama para una apariencia sutil o impresi\u00f3n por transferencia a todo color vibrante para cumplir con las pautas corporativas.<\/p>\n<\/li>\n<li>\n<p data-path-to-node=\"6,3,0\"><b data-path-to-node=\"6,3,0\" data-index-in-node=\"0\">Utilidad ultraligera:<\/b> Con un peso de tan solo 8 gramos, permite llevar el tel\u00e9fono de forma segura y con manos libres para los asistentes y empleados de eventos sin a\u00f1adir volumen.<\/p>\n<\/li>\n<\/ul>","protected":false},"featured_media":6649,"comment_status":"closed","ping_status":"closed","template":"","meta":[],"product_brand":[],"product_cat":[128,108],"product_tag":[],"class_list":{"0":"post-3986","1":"product","2":"type-product","3":"status-publish","4":"has-post-thumbnail","6":"product_cat-mobile-tech-accessories","7":"product_cat-multifunctional-lanyards","9":"first","10":"instock","11":"shipping-taxable","12":"purchasable","13":"product-type-simple"},"_links":{"self":[{"href":"https:\/\/displayproducts.eu\/es\/wp-json\/wp\/v2\/product\/3986","targetHints":{"allow":["GET"]}}],"collection":[{"href":"https:\/\/displayproducts.eu\/es\/wp-json\/wp\/v2\/product"}],"about":[{"href":"https:\/\/displayproducts.eu\/es\/wp-json\/wp\/v2\/types\/product"}],"replies":[{"embeddable":true,"href":"https:\/\/displayproducts.eu\/es\/wp-json\/wp\/v2\/comments?post=3986"}],"wp:featuredmedia":[{"embeddable":true,"href":"https:\/\/displayproducts.eu\/es\/wp-json\/wp\/v2\/media\/6649"}],"wp:attachment":[{"href":"https:\/\/displayproducts.eu\/es\/wp-json\/wp\/v2\/media?parent=3986"}],"wp:term":[{"taxonomy":"product_brand","embeddable":true,"href":"https:\/\/displayproducts.eu\/es\/wp-json\/wp\/v2\/product_brand?post=3986"},{"taxonomy":"product_cat","embeddable":true,"href":"https:\/\/displayproducts.eu\/es\/wp-json\/wp\/v2\/product_cat?post=3986"},{"taxonomy":"product_tag","embeddable":true,"href":"https:\/\/displayproducts.eu\/es\/wp-json\/wp\/v2\/product_tag?post=3986"}],"curies":[{"name":"wp","href":"https:\/\/api.w.org\/{rel}","templated":true}]}}