{"id":3908,"date":"2025-05-08T15:38:19","date_gmt":"2025-05-08T12:38:19","guid":{"rendered":"https:\/\/wristbandfactory.eu\/?post_type=product&#038;p=3908"},"modified":"2026-04-01T21:52:36","modified_gmt":"2026-04-01T18:52:36","slug":"phone-wrist-straps-with-bamboo-holder","status":"publish","type":"product","link":"https:\/\/displayproducts.eu\/es\/p\/phone-wrist-straps-with-bamboo-holder\/","title":{"rendered":"Correa de mu\u00f1eca para tel\u00e9fono con soporte de bamb\u00fa"},"content":{"rendered":"<p>Ofrezca un regalo corporativo funcional y ecol\u00f3gico con nuestra correa de algod\u00f3n para tel\u00e9fono m\u00f3vil. Este pr\u00e1ctico art\u00edculo es ideal para mantener los smartphones seguros y accesibles durante conferencias, ferias comerciales o eventos corporativos, permitiendo el uso con manos libres.<\/p>\n<p>La correa est\u00e1 confeccionada en algod\u00f3n suave y resistente, mientras que el soporte para el tel\u00e9fono est\u00e1 fabricado con bamb\u00fa sostenible. Esta pieza de bamb\u00fa ofrece una superficie elegante y llamativa para la personalizaci\u00f3n, ideal para el grabado l\u00e1ser de precisi\u00f3n del logotipo de su empresa.<\/p>\n<p>El kit incluye una herramienta de montaje que se ajusta discretamente entre el tel\u00e9fono y su funda para una sujeci\u00f3n segura. Para destacar el compromiso de su organizaci\u00f3n con la sostenibilidad, cada correa viene empaquetada individualmente en una bolsita de papel reciclado, lo que la convierte en un obsequio ideal para marcas con conciencia ambiental.<\/p>\n<p><b>Caracter\u00edsticas principales:<\/b><\/p>\n<ul>\n<li><b>Soluci\u00f3n pr\u00e1ctica manos libres:<\/b> Mantiene los smartphones seguros y accesibles en eventos corporativos.<\/li>\n<li><b>Materiales ecol\u00f3gicos:<\/b> Confeccionada con suave algod\u00f3n y un soporte de bamb\u00fa sostenible.<\/li>\n<li><b>Superficie de marca premium:<\/b> El soporte de bamb\u00fa es ideal para grabado l\u00e1ser personalizado o tampograf\u00eda.<\/li>\n<li><b>Dise\u00f1o ajustable:<\/b> Se adapta c\u00f3modamente a todos los tama\u00f1os de mu\u00f1eca para uso universal.<\/li>\n<li><b>Embalaje sostenible:<\/b> Empaquetados individualmente en una bolsa de papel reciclado, reforzando as\u00ed su mensaje ecol\u00f3gico.<\/li>\n<li><b>Impresi\u00f3n vers\u00e1til:<\/b> Personal\u00edzalo con grabado l\u00e1ser, tampograf\u00eda o impresi\u00f3n por transferencia.<\/li>\n<\/ul>","protected":false},"excerpt":{"rendered":"<ul>\n<li>Regalo corporativo ecol\u00f3gico confeccionado con suave algod\u00f3n y bamb\u00fa sostenible.<\/li>\n<li>Proporciona acceso telef\u00f3nico manos libres, ideal para conferencias y eventos din\u00e1micos.<\/li>\n<li>El soporte de bamb\u00fa es perfecto para el grabado l\u00e1ser personalizado de su logotipo.<\/li>\n<li>Empaquetadas individualmente en una bolsa de papel reciclado para facilitar su distribuci\u00f3n.<\/li>\n<\/ul>","protected":false},"featured_media":6657,"comment_status":"closed","ping_status":"closed","template":"","meta":[],"product_brand":[],"product_cat":[128],"product_tag":[],"class_list":{"0":"post-3908","1":"product","2":"type-product","3":"status-publish","4":"has-post-thumbnail","6":"product_cat-mobile-tech-accessories","8":"first","9":"instock","10":"shipping-taxable","11":"purchasable","12":"product-type-simple"},"_links":{"self":[{"href":"https:\/\/displayproducts.eu\/es\/wp-json\/wp\/v2\/product\/3908","targetHints":{"allow":["GET"]}}],"collection":[{"href":"https:\/\/displayproducts.eu\/es\/wp-json\/wp\/v2\/product"}],"about":[{"href":"https:\/\/displayproducts.eu\/es\/wp-json\/wp\/v2\/types\/product"}],"replies":[{"embeddable":true,"href":"https:\/\/displayproducts.eu\/es\/wp-json\/wp\/v2\/comments?post=3908"}],"wp:featuredmedia":[{"embeddable":true,"href":"https:\/\/displayproducts.eu\/es\/wp-json\/wp\/v2\/media\/6657"}],"wp:attachment":[{"href":"https:\/\/displayproducts.eu\/es\/wp-json\/wp\/v2\/media?parent=3908"}],"wp:term":[{"taxonomy":"product_brand","embeddable":true,"href":"https:\/\/displayproducts.eu\/es\/wp-json\/wp\/v2\/product_brand?post=3908"},{"taxonomy":"product_cat","embeddable":true,"href":"https:\/\/displayproducts.eu\/es\/wp-json\/wp\/v2\/product_cat?post=3908"},{"taxonomy":"product_tag","embeddable":true,"href":"https:\/\/displayproducts.eu\/es\/wp-json\/wp\/v2\/product_tag?post=3908"}],"curies":[{"name":"wp","href":"https:\/\/api.w.org\/{rel}","templated":true}]}}