{"id":3867,"date":"2025-05-07T17:40:16","date_gmt":"2025-05-07T14:40:16","guid":{"rendered":"https:\/\/wristbandfactory.eu\/?post_type=product&#038;p=3867"},"modified":"2026-04-01T21:52:04","modified_gmt":"2026-04-01T18:52:04","slug":"tie-on-ribbon-wristbands","status":"publish","type":"product","link":"https:\/\/displayproducts.eu\/es\/p\/tie-on-ribbon-wristbands\/","title":{"rendered":"Pulseras de cinta para atar"},"content":{"rendered":"<p>Apoye su causa o impulse su promoci\u00f3n con nuestras sencillas y efectivas pulseras de cinta. Estas pulseras son una opci\u00f3n cl\u00e1sica para campa\u00f1as de concientizaci\u00f3n, eventos ben\u00e9ficos y eventos de responsabilidad corporativa, ya que ofrecen una herramienta de marca de gran visibilidad a un precio econ\u00f3mico.<\/p>\n<p>Elaboradas con una suave cinta de poli\u00e9ster con un acabado satinado, estas pulseras est\u00e1n dise\u00f1adas para que el usuario las ate, ofreciendo una soluci\u00f3n c\u00f3moda y de talla \u00fanica. Su sencillo cierre de nudo las hace perfectas para su distribuci\u00f3n masiva en ferias comerciales, congresos o campa\u00f1as de concienciaci\u00f3n p\u00fablica.<\/p>\n<p>Su superficie lisa es ideal para la impresi\u00f3n personalizada, permitiendo que su logotipo, eslogan o mensaje se muestren con claridad. Constituyen un s\u00edmbolo poderoso y visible de apoyo a iniciativas corporativas u organizaciones sin fines de lucro.<\/p>\n<p><b>Caracter\u00edsticas principales:<\/b><\/p>\n<ul>\n<li><b>Cierre autoanudado:<\/b> Dise\u00f1o sencillo y ajustable con amarre para una f\u00e1cil distribuci\u00f3n y un ajuste universal.<\/li>\n<li><b>Material de cinta suave:<\/b> C\u00f3moda cinta de poli\u00e9ster con acabado satinado, adecuada para uso a corto plazo.<\/li>\n<li><b>Ideal para la concientizaci\u00f3n:<\/b> La opci\u00f3n cl\u00e1sica para campa\u00f1as de sensibilizaci\u00f3n de organizaciones ben\u00e9ficas, sin \u00e1nimo de lucro y corporativas.<\/li>\n<li><b>Superficie personalizable:<\/b> Perfecto para a\u00f1adir un logotipo o mensaje promocional serigrafiado.<\/li>\n<li><b>Marca rentable:<\/b> Una excelente soluci\u00f3n para pedidos al por mayor y distribuci\u00f3n promocional a gran escala.<\/li>\n<\/ul>","protected":false},"excerpt":{"rendered":"<article class=\"text-token-text-primary w-full\" dir=\"auto\" data-testid=\"conversation-turn-2\" data-scroll-anchor=\"true\">\n<div class=\"text-base my-auto mx-auto py-5 [--thread-content-margin:--spacing(4)] @[37rem]:[--thread-content-margin:--spacing(6)] @[72rem]:[--thread-content-margin:--spacing(16)] px-(--thread-content-margin)\">\n<div class=\"[--thread-content-max-width:32rem] @[34rem]:[--thread-content-max-width:40rem] @[64rem]:[--thread-content-max-width:48rem] mx-auto flex max-w-(--thread-content-max-width) flex-1 text-base gap-4 md:gap-5 lg:gap-6 group\/turn-messages focus-visible:outline-hidden\" tabindex=\"-1\">\n<div class=\"group\/conversation-turn relative flex w-full min-w-0 flex-col agent-turn\">\n<div class=\"relative flex-col gap-1 md:gap-3\">\n<div class=\"flex max-w-full flex-col grow\">\n<div class=\"min-h-8 text-message relative flex w-full flex-col items-end gap-2 text-start break-words whitespace-normal [.text-message+&amp;]:mt-5\" dir=\"auto\" data-message-author-role=\"assistant\" data-message-id=\"d5fd0877-4229-4aba-9632-b344fd91f147\" data-message-model-slug=\"gpt-4o\">\n<div class=\"flex w-full flex-col gap-1 empty:hidden first:pt-[3px]\">\n<div class=\"markdown prose dark:prose-invert w-full break-words light\">\n<ul>\n<li>Cierre sencillo y autoanudable para una f\u00e1cil distribuci\u00f3n masiva.<\/li>\n<li>Cinta de poli\u00e9ster suave con acabado satinado.<\/li>\n<li>Excelente para campa\u00f1as de concientizaci\u00f3n, organizaciones sin fines de lucro y obsequios en eventos.<\/li>\n<li>Personal\u00edzalo con el logotipo o mensaje de tu organizaci\u00f3n.<\/li>\n<\/ul>\n<\/div>\n<\/div>\n<\/div>\n<\/div>\n<\/div>\n<\/div>\n<\/div>\n<\/div>\n<\/article>","protected":false},"featured_media":6255,"comment_status":"closed","ping_status":"closed","template":"","meta":[],"product_brand":[],"product_cat":[66,96],"product_tag":[],"class_list":{"0":"post-3867","1":"product","2":"type-product","3":"status-publish","4":"has-post-thumbnail","6":"product_cat-wristbands","7":"product_cat-ribbons","9":"first","10":"instock","11":"shipping-taxable","12":"purchasable","13":"product-type-simple"},"_links":{"self":[{"href":"https:\/\/displayproducts.eu\/es\/wp-json\/wp\/v2\/product\/3867","targetHints":{"allow":["GET"]}}],"collection":[{"href":"https:\/\/displayproducts.eu\/es\/wp-json\/wp\/v2\/product"}],"about":[{"href":"https:\/\/displayproducts.eu\/es\/wp-json\/wp\/v2\/types\/product"}],"replies":[{"embeddable":true,"href":"https:\/\/displayproducts.eu\/es\/wp-json\/wp\/v2\/comments?post=3867"}],"wp:featuredmedia":[{"embeddable":true,"href":"https:\/\/displayproducts.eu\/es\/wp-json\/wp\/v2\/media\/6255"}],"wp:attachment":[{"href":"https:\/\/displayproducts.eu\/es\/wp-json\/wp\/v2\/media?parent=3867"}],"wp:term":[{"taxonomy":"product_brand","embeddable":true,"href":"https:\/\/displayproducts.eu\/es\/wp-json\/wp\/v2\/product_brand?post=3867"},{"taxonomy":"product_cat","embeddable":true,"href":"https:\/\/displayproducts.eu\/es\/wp-json\/wp\/v2\/product_cat?post=3867"},{"taxonomy":"product_tag","embeddable":true,"href":"https:\/\/displayproducts.eu\/es\/wp-json\/wp\/v2\/product_tag?post=3867"}],"curies":[{"name":"wp","href":"https:\/\/api.w.org\/{rel}","templated":true}]}}