{"id":3823,"date":"2025-05-06T18:09:47","date_gmt":"2025-05-06T15:09:47","guid":{"rendered":"https:\/\/wristbandfactory.eu\/?post_type=product&#038;p=3823"},"modified":"2026-04-01T21:52:36","modified_gmt":"2026-04-01T18:52:36","slug":"tyvek-safety-wristbands-for-children","status":"publish","type":"product","link":"https:\/\/displayproducts.eu\/es\/p\/tyvek-safety-wristbands-for-children\/","title":{"rendered":"Pulseras de seguridad Tyvek para ni\u00f1os"},"content":{"rendered":"<p>Organizar eventos con ni\u00f1os requiere una capa adicional de seguridad. Nuestras pulseras de seguridad Tyvek para ni\u00f1os ofrecen una soluci\u00f3n sencilla, eficaz y muy visible para mantener a los j\u00f3venes asistentes seguros, contabilizados y f\u00e1cilmente identificables, brindando al personal y a los padres una valiosa tranquilidad.<\/p>\n<p>Estas pulseras est\u00e1n dise\u00f1adas espec\u00edficamente para ajustarse de forma c\u00f3moda y segura a mu\u00f1ecas peque\u00f1as. Fabricadas con aut\u00e9ntico DuPont\u2122 Tyvek\u00ae, son incre\u00edblemente ligeras pero lo suficientemente resistentes para soportar actividades intensas sin romperse. Su material impermeable las hace perfectas para cualquier evento, desde excursiones escolares hasta campamentos de verano y parques acu\u00e1ticos.<\/p>\n<p>Cada pulsera cuenta con un cierre adhesivo seguro de un solo uso que impide su transferencia, lo cual es esencial para mantener un conteo preciso de personas y un control de acceso confiable. El \u00e1rea de impresi\u00f3n de 60 x 20 mm permite agregar informaci\u00f3n vital, como el nombre del grupo, un n\u00famero de contacto de emergencia o advertencias sobre alergias, convirtiendo una simple herramienta de identificaci\u00f3n en un dispositivo de seguridad crucial.<\/p>\n<p><b>Caracter\u00edsticas principales:<\/b><\/p>\n<ul>\n<li><b>Material Tyvek\u00ae genuino:<\/b> Resistente, ligero, impermeable y resistente a las roturas para soportar el uso activo durante todo el d\u00eda.<\/li>\n<li><b>Tallas espec\u00edficas para ni\u00f1os:<\/b> Dise\u00f1ado para un ajuste seguro y c\u00f3modo en mu\u00f1ecas m\u00e1s peque\u00f1as.<\/li>\n<li><b>Cierre seguro:<\/b> Cierre adhesivo inviolable con tope de seguridad que impide la transferencia entre ni\u00f1os.<\/li>\n<li><b>Impresi\u00f3n de seguridad personalizada:<\/b> Un \u00e1rea de 60 x 20 mm para agregar informaci\u00f3n vital como n\u00fameros de contacto o advertencias sobre alergias.<\/li>\n<li><b>Colores de alta visibilidad:<\/b> Disponible en azul brillante, rojo y amarillo para una f\u00e1cil identificaci\u00f3n visual del grupo.<\/li>\n<li><b>Distribuci\u00f3n sencilla:<\/b> Se suministran en hojas de 10 para facilitar su manejo e impresi\u00f3n.<\/li>\n<\/ul>","protected":false},"excerpt":{"rendered":"<ul>\n<li>Dise\u00f1ado espec\u00edficamente para un ajuste seguro y c\u00f3modo en las mu\u00f1ecas de los ni\u00f1os.<\/li>\n<li>Material Tyvek\u00ae duradero, impermeable y resistente a las roturas para jugar todo el d\u00eda.<\/li>\n<li>Cierre adhesivo seguro e inviolable con pestillo de seguridad.<\/li>\n<li>Personal\u00edcelo con n\u00fameros de contacto de emergencia o informaci\u00f3n sobre alergias (\u00e1rea de impresi\u00f3n de 60x20 mm).<\/li>\n<\/ul>","protected":false},"featured_media":6124,"comment_status":"closed","ping_status":"closed","template":"","meta":[],"product_brand":[],"product_cat":[66,41,68],"product_tag":[],"class_list":{"0":"post-3823","1":"product","2":"type-product","3":"status-publish","4":"has-post-thumbnail","6":"product_cat-wristbands","7":"product_cat-tyvek","8":"product_cat-event-supplies","10":"first","11":"instock","12":"shipping-taxable","13":"purchasable","14":"product-type-simple"},"_links":{"self":[{"href":"https:\/\/displayproducts.eu\/es\/wp-json\/wp\/v2\/product\/3823","targetHints":{"allow":["GET"]}}],"collection":[{"href":"https:\/\/displayproducts.eu\/es\/wp-json\/wp\/v2\/product"}],"about":[{"href":"https:\/\/displayproducts.eu\/es\/wp-json\/wp\/v2\/types\/product"}],"replies":[{"embeddable":true,"href":"https:\/\/displayproducts.eu\/es\/wp-json\/wp\/v2\/comments?post=3823"}],"wp:featuredmedia":[{"embeddable":true,"href":"https:\/\/displayproducts.eu\/es\/wp-json\/wp\/v2\/media\/6124"}],"wp:attachment":[{"href":"https:\/\/displayproducts.eu\/es\/wp-json\/wp\/v2\/media?parent=3823"}],"wp:term":[{"taxonomy":"product_brand","embeddable":true,"href":"https:\/\/displayproducts.eu\/es\/wp-json\/wp\/v2\/product_brand?post=3823"},{"taxonomy":"product_cat","embeddable":true,"href":"https:\/\/displayproducts.eu\/es\/wp-json\/wp\/v2\/product_cat?post=3823"},{"taxonomy":"product_tag","embeddable":true,"href":"https:\/\/displayproducts.eu\/es\/wp-json\/wp\/v2\/product_tag?post=3823"}],"curies":[{"name":"wp","href":"https:\/\/api.w.org\/{rel}","templated":true}]}}