{"id":3583,"date":"2025-03-24T15:51:08","date_gmt":"2025-03-24T12:51:08","guid":{"rendered":"https:\/\/wristbandfactory.eu\/?post_type=product&#038;p=3583"},"modified":"2026-04-01T21:52:36","modified_gmt":"2026-04-01T18:52:36","slug":"rpet-lanyards-with-wheat-straw-breakaway","status":"publish","type":"product","link":"https:\/\/displayproducts.eu\/es\/p\/rpet-lanyards-with-wheat-straw-breakaway\/","title":{"rendered":"Lanyards rPET con cierre de paja de trigo"},"content":{"rendered":"<p data-path-to-node=\"11\">Haga visible hasta el \u00faltimo detalle el compromiso de su organizaci\u00f3n con la sostenibilidad con nuestros <b>Cintas de cuello de rPET con cierre de seguridad de paja de trigo<\/b>. Esto no es solo un cord\u00f3n; es un completo conjunto de identificaci\u00f3n ecol\u00f3gico dise\u00f1ado para empresas que desean eliminar por completo el pl\u00e1stico virgen de sus eventos.<\/p>\n<p data-path-to-node=\"12\">La correa del cord\u00f3n est\u00e1 hecha de <b>100% PET reciclado (rPET)<\/b>, dando una nueva vida a las botellas de pl\u00e1stico posconsumo. A diferencia de las opciones est\u00e1ndar, este modelo resuelve el problema del &quot;pl\u00e1stico oculto&quot;: el clip de seguridad opcional est\u00e1 hecho de <b>paja de trigo duradera<\/b>, Un subproducto vegetal biodegradable. Este material compuesto natural es tan resistente como el pl\u00e1stico, pero reduce significativamente el impacto ambiental.<\/p>\n<p data-path-to-node=\"13\">Para completar el conjunto, incluimos un peso ligero <b>Porta identificaci\u00f3n de papel reciclable<\/b>, lo que garantiza que incluso la carcasa de la insignia se ajuste a sus valores ecol\u00f3gicos. El suave tejido de rPET es perfecto para <b>sublimaci\u00f3n de tinta a todo color<\/b>, permiti\u00e9ndole mostrar su identidad visual con detalles n\u00edtidos y fotorrealistas en ambos lados de la correa. Es la opci\u00f3n ideal para &quot;Conferencias Verdes&quot; de alto nivel, donde cada detalle cuenta.<\/p>\n<p data-path-to-node=\"14\"><b>Caracter\u00edsticas principales:<\/b><\/p>\n<ul data-path-to-node=\"15\">\n<li>\n<p data-path-to-node=\"15,0,0\"><b>Material del cord\u00f3n:<\/b> 100% rPET (reciclado a partir de botellas de PET posconsumo).<\/p>\n<\/li>\n<li>\n<p data-path-to-node=\"15,1,0\"><b>Innovaci\u00f3n:<\/b> Dispositivo de seguridad fabricado con materiales biodegradables <b>paja de trigo<\/b>.<\/p>\n<\/li>\n<li>\n<p data-path-to-node=\"15,2,0\"><b>Impresi\u00f3n:<\/b> Sublimaci\u00f3n de tinta a todo color y de doble cara para gr\u00e1ficos complejos.<\/p>\n<\/li>\n<li>\n<p data-path-to-node=\"15,3,0\"><b>Conjunto completo:<\/b> Incluye un porta identificaci\u00f3n est\u00e1ndar hecho de papel reciclable.<\/p>\n<\/li>\n<li>\n<p data-path-to-node=\"15,4,0\"><b>Eco-consciente:<\/b> Combina residuos reciclados y materiales vegetales renovables.<\/p>\n<\/li>\n<li>\n<p data-path-to-node=\"15,5,0\"><b>Seguridad:<\/b> El clip de paja de trigo se libera bajo tensi\u00f3n para evitar lesiones.<\/p>\n<\/li>\n<\/ul>","protected":false},"excerpt":{"rendered":"<ul data-path-to-node=\"9\">\n<li>\n<p data-path-to-node=\"9,0,0\"><b>Hardware con reducci\u00f3n de pl\u00e1stico:<\/b> Cuenta con un clip de seguridad \u00fanico fabricado con materiales biodegradables. <b>paja de trigo<\/b> En lugar de pl\u00e1stico est\u00e1ndar.<\/p>\n<\/li>\n<li>\n<p data-path-to-node=\"9,1,0\"><b>Conjunto ecol\u00f3gico completo:<\/b> Incluye un cord\u00f3n de PET reciclado 100% y un material reciclable. <b>titular de identificaci\u00f3n en papel<\/b> para una soluci\u00f3n totalmente sostenible.<\/p>\n<\/li>\n<li>\n<p data-path-to-node=\"9,2,0\"><b>Marca a todo color:<\/b> La impresi\u00f3n por sublimaci\u00f3n de tinta de alta definici\u00f3n permite obtener dise\u00f1os vibrantes de borde a borde en ambos lados.<\/p>\n<\/li>\n<li>\n<p data-path-to-node=\"9,3,0\"><b>Econom\u00eda circular:<\/b> Da una nueva vida a los residuos pl\u00e1sticos (1 cord\u00f3n \u2248 1 botella de pl\u00e1stico) al tiempo que utiliza materiales vegetales renovables.<\/p>\n<\/li>\n<\/ul>","protected":false},"featured_media":6632,"comment_status":"closed","ping_status":"closed","template":"","meta":[],"product_brand":[],"product_cat":[104,106,107,68],"product_tag":[],"class_list":{"0":"post-3583","1":"product","2":"type-product","3":"status-publish","4":"has-post-thumbnail","6":"product_cat-custom-printed-lanyards","7":"product_cat-breakaway-lanyards","8":"product_cat-eco-friendly-lanyards","9":"product_cat-event-supplies","11":"first","12":"instock","13":"shipping-taxable","14":"purchasable","15":"product-type-simple"},"_links":{"self":[{"href":"https:\/\/displayproducts.eu\/es\/wp-json\/wp\/v2\/product\/3583","targetHints":{"allow":["GET"]}}],"collection":[{"href":"https:\/\/displayproducts.eu\/es\/wp-json\/wp\/v2\/product"}],"about":[{"href":"https:\/\/displayproducts.eu\/es\/wp-json\/wp\/v2\/types\/product"}],"replies":[{"embeddable":true,"href":"https:\/\/displayproducts.eu\/es\/wp-json\/wp\/v2\/comments?post=3583"}],"wp:featuredmedia":[{"embeddable":true,"href":"https:\/\/displayproducts.eu\/es\/wp-json\/wp\/v2\/media\/6632"}],"wp:attachment":[{"href":"https:\/\/displayproducts.eu\/es\/wp-json\/wp\/v2\/media?parent=3583"}],"wp:term":[{"taxonomy":"product_brand","embeddable":true,"href":"https:\/\/displayproducts.eu\/es\/wp-json\/wp\/v2\/product_brand?post=3583"},{"taxonomy":"product_cat","embeddable":true,"href":"https:\/\/displayproducts.eu\/es\/wp-json\/wp\/v2\/product_cat?post=3583"},{"taxonomy":"product_tag","embeddable":true,"href":"https:\/\/displayproducts.eu\/es\/wp-json\/wp\/v2\/product_tag?post=3583"}],"curies":[{"name":"wp","href":"https:\/\/api.w.org\/{rel}","templated":true}]}}