{"id":3045,"date":"2025-02-05T15:13:29","date_gmt":"2025-02-05T12:13:29","guid":{"rendered":"https:\/\/wristbandfactory.eu\/toode\/silicone-printed-keychain\/"},"modified":"2026-04-01T21:52:04","modified_gmt":"2026-04-01T18:52:04","slug":"silicone-print-nylon-keychains","status":"publish","type":"product","link":"https:\/\/displayproducts.eu\/es\/p\/silicone-print-nylon-keychains\/","title":{"rendered":"Llaveros de nylon con impresi\u00f3n de silicona"},"content":{"rendered":"<p data-path-to-node=\"12\">Actualice su mercanc\u00eda promocional con nuestra <b data-path-to-node=\"12\" data-index-in-node=\"71\">Llaveros de nailon con estampado de silicona personalizado<\/b>. Estos no son sin impresi\u00f3n cintas de cuello est\u00e1ndar; son accesorios de alta durabilidad dise\u00f1ados para un uso prolongado. Su caracter\u00edstica m\u00e1s destacada es... <b data-path-to-node=\"12\" data-index-in-node=\"240\">Tecnolog\u00eda de impresi\u00f3n de silicona en relieve<\/b>, que deposita una capa gruesa y flexible de silicona sobre la correa de nailon. Esto crea un efecto 3D vibrante y t\u00e1ctil, imperceptible y altamente resistente a la decoloraci\u00f3n, el agrietamiento y el descascarillado.<\/p>\n<h2 data-path-to-node=\"13\">Caracter\u00edsticas principales<\/h2>\n<ul data-path-to-node=\"14\">\n<li>\n<p data-path-to-node=\"14,0,0\"><b data-path-to-node=\"14,0,0\" data-index-in-node=\"0\">Impresi\u00f3n de silicona premium:<\/b> A diferencia de la tinta plana, nuestra impresi\u00f3n de silicona agrega textura y dimensi\u00f3n a su logotipo, d\u00e1ndole un aspecto y una sensaci\u00f3n de alta gama.<\/p>\n<\/li>\n<li>\n<p data-path-to-node=\"14,1,1\"><span data-path-to-node=\"14,1,1,0\"><b data-path-to-node=\"14,1,1,0\" data-index-in-node=\"0\"><span class=\"citation-9\">Construcci\u00f3n de nailon resistente:<\/span><\/b><span class=\"citation-9\"> Fabricado con correas de nailon de alta resistencia.<\/span><\/span><span data-path-to-node=\"14,1,1,2\">, Esta correa est\u00e1 dise\u00f1ada para sobrevivir al uso diario, lo que la hace ideal para marcas de actividades al aire libre, empresas automotrices y equipos activos.<\/span><\/p>\n<\/li>\n<li>\n<p data-path-to-node=\"14,2,0\"><b data-path-to-node=\"14,2,0\" data-index-in-node=\"0\">Sistema de fijaci\u00f3n dual:<\/b> La m\u00e1xima versatilidad est\u00e1 garantizada con un robusto <b data-path-to-node=\"14,2,0\" data-index-in-node=\"69\">mosquet\u00f3n<\/b> Para trabillas de cintur\u00f3n o bolsos, adem\u00e1s de un cl\u00e1sico <b data-path-to-node=\"14,2,0\" data-index-in-node=\"118\">anillo partido<\/b> para llaves.<\/p>\n<\/li>\n<li>\n<p data-path-to-node=\"14,3,0\"><b data-path-to-node=\"14,3,0\" data-index-in-node=\"0\">Precisi\u00f3n Pantone:<\/b> Ofrecemos combinaci\u00f3n de colores completa para la correa de nailon para garantizar que se alinee perfectamente con su identidad corporativa.<\/p>\n<\/li>\n<\/ul>\n<h2 data-path-to-node=\"15\">Presupuesto<\/h2>\n<ul data-path-to-node=\"16\">\n<li>\n<p data-path-to-node=\"16,0,0\"><b data-path-to-node=\"16,0,0\" data-index-in-node=\"0\">Material:<\/b> Cinta de nailon de alta resistencia.<\/p>\n<\/li>\n<li>\n<p data-path-to-node=\"16,1,0\"><b data-path-to-node=\"16,1,0\" data-index-in-node=\"0\">T\u00e9cnica de impresi\u00f3n:<\/b> Impresi\u00f3n de silicona en relieve (efecto 3D).<\/p>\n<\/li>\n<li>\n<p data-path-to-node=\"16,2,0\"><b data-path-to-node=\"16,2,0\" data-index-in-node=\"0\">Dimensiones:<\/b> Est\u00e1ndar 25 x 150 mm (tama\u00f1os personalizados disponibles).<\/p>\n<\/li>\n<li>\n<p data-path-to-node=\"16,3,0\"><b data-path-to-node=\"16,3,0\" data-index-in-node=\"0\">Guarniciones:<\/b> Mosquet\u00f3n met\u00e1lico + Anilla partida.<\/p>\n<\/li>\n<li>\n<p data-path-to-node=\"16,4,0\"><b data-path-to-node=\"16,4,0\" data-index-in-node=\"0\">Cantidad m\u00ednima de pedido:<\/b> 100 unidades.<\/p>\n<\/li>\n<li>\n<p data-path-to-node=\"16,5,0\"><b data-path-to-node=\"16,5,0\" data-index-in-node=\"0\">Tiempo de producci\u00f3n:<\/b> Aprox. 18-20 d\u00edas.<\/p>\n<\/li>\n<\/ul>\n<h2 data-path-to-node=\"17\">Casos de uso<\/h2>\n<ul data-path-to-node=\"18\">\n<li>\n<p data-path-to-node=\"18,0,0\"><b data-path-to-node=\"18,0,0\" data-index-in-node=\"0\">Concesionarios de autom\u00f3viles:<\/b> Un obsequio de gran valor para las llaves de su nuevo autom\u00f3vil que los clientes usar\u00e1n a diario.<\/p>\n<\/li>\n<li>\n<p data-path-to-node=\"18,1,0\"><b data-path-to-node=\"18,1,0\" data-index-in-node=\"0\">Marcas de actividades al aire libre y aventura:<\/b> El nailon resistente y el mosquet\u00f3n se adaptan perfectamente a una imagen de estilo de vida activo.<\/p>\n<\/li>\n<li>\n<p data-path-to-node=\"18,2,0\"><b data-path-to-node=\"18,2,0\" data-index-in-node=\"0\">Regalos corporativos:<\/b> Una alternativa t\u00e1ctil y de primera calidad a los llaveros de poli\u00e9ster est\u00e1ndar para paquetes de bienvenida para empleados.<\/p>\n<\/li>\n<li>\n<p data-path-to-node=\"18,3,0\"><b data-path-to-node=\"18,3,0\" data-index-in-node=\"0\">Agentes inmobiliarios:<\/b> Un llavero duradero y memorable para las entregas de viviendas nuevas.<\/p>\n<\/li>\n<\/ul>","protected":false},"excerpt":{"rendered":"<ul>\n<li>\n<p data-path-to-node=\"11,0,0\"><b data-path-to-node=\"11,0,0\" data-index-in-node=\"0\">Marca t\u00e1ctil 3D:<\/b> La impresi\u00f3n de silicona en relieve crea un efecto de logotipo duradero y de primera calidad.<\/p>\n<\/li>\n<li>\n<p data-path-to-node=\"11,1,0\"><b data-path-to-node=\"11,1,0\" data-index-in-node=\"0\">Material resistente:<\/b> Fabricado con cinta de nailon resistente y resistente al desgaste.<\/p>\n<\/li>\n<li>\n<p data-path-to-node=\"11,2,0\"><b data-path-to-node=\"11,2,0\" data-index-in-node=\"0\">Accesorio vers\u00e1til:<\/b> Viene con un mosquet\u00f3n y un anillo dividido est\u00e1ndar.<\/p>\n<\/li>\n<li>\n<p data-path-to-node=\"11,3,0\"><b data-path-to-node=\"11,3,0\" data-index-in-node=\"0\">Totalmente personalizado:<\/b> Coincidencia de colores Pantone disponible para la correa y la impresi\u00f3n.<\/p>\n<\/li>\n<\/ul>","protected":false},"featured_media":6655,"comment_status":"closed","ping_status":"closed","template":"","meta":[],"product_brand":[],"product_cat":[94],"product_tag":[],"class_list":{"0":"post-3045","1":"product","2":"type-product","3":"status-publish","4":"has-post-thumbnail","6":"product_cat-keychains","8":"first","9":"instock","10":"shipping-taxable","11":"purchasable","12":"product-type-simple"},"_links":{"self":[{"href":"https:\/\/displayproducts.eu\/es\/wp-json\/wp\/v2\/product\/3045","targetHints":{"allow":["GET"]}}],"collection":[{"href":"https:\/\/displayproducts.eu\/es\/wp-json\/wp\/v2\/product"}],"about":[{"href":"https:\/\/displayproducts.eu\/es\/wp-json\/wp\/v2\/types\/product"}],"replies":[{"embeddable":true,"href":"https:\/\/displayproducts.eu\/es\/wp-json\/wp\/v2\/comments?post=3045"}],"wp:featuredmedia":[{"embeddable":true,"href":"https:\/\/displayproducts.eu\/es\/wp-json\/wp\/v2\/media\/6655"}],"wp:attachment":[{"href":"https:\/\/displayproducts.eu\/es\/wp-json\/wp\/v2\/media?parent=3045"}],"wp:term":[{"taxonomy":"product_brand","embeddable":true,"href":"https:\/\/displayproducts.eu\/es\/wp-json\/wp\/v2\/product_brand?post=3045"},{"taxonomy":"product_cat","embeddable":true,"href":"https:\/\/displayproducts.eu\/es\/wp-json\/wp\/v2\/product_cat?post=3045"},{"taxonomy":"product_tag","embeddable":true,"href":"https:\/\/displayproducts.eu\/es\/wp-json\/wp\/v2\/product_tag?post=3045"}],"curies":[{"name":"wp","href":"https:\/\/api.w.org\/{rel}","templated":true}]}}