{"id":1382,"date":"2024-07-17T13:03:02","date_gmt":"2024-07-17T10:03:02","guid":{"rendered":"https:\/\/wristbandfactory.eu\/toode\/lanyard-made-of-1-5-cm-rpet-with-cup-holder-sublimation-print\/"},"modified":"2026-04-01T21:52:36","modified_gmt":"2026-04-01T18:52:36","slug":"printed-lanyards-with-cup-holder","status":"publish","type":"product","link":"https:\/\/displayproducts.eu\/es\/p\/printed-lanyards-with-cup-holder\/","title":{"rendered":"Cintas de cuello impresos con portavasos"},"content":{"rendered":"<div class=\"flex flex-grow flex-col max-w-full\">\n<div class=\"min-h-[20px] text-message flex flex-col items-start whitespace-pre-wrap break-words [.text-message+&amp;]:mt-5 juice:w-full juice:items-end overflow-x-auto gap-2\" dir=\"auto\" data-message-author-role=\"assistant\" data-message-id=\"29d0cc2f-9703-4b46-a2f3-f0401257c60f\">\n<div class=\"flex w-full flex-col gap-1 juice:empty:hidden juice:first:pt-[3px]\">\n<div class=\"markdown prose w-full break-words dark:prose-invert light\">\n<p>Mejore la experiencia de los asistentes a su pr\u00f3ximo festival, conferencia o evento al aire libre. Nuestros cintas de cuello impresos con portavasos ofrecen una soluci\u00f3n muy pr\u00e1ctica que permite a sus invitados, personal o VIP tener las manos libres y mantener su marca claramente visible.<\/p>\n<p>Este cord\u00f3n funcional est\u00e1 fabricado con poli\u00e9ster RPET resistente y tejido, lo que demuestra el compromiso de su marca con la sostenibilidad. El precio incluye una impresi\u00f3n por sublimaci\u00f3n vibrante a todo color por ambas caras, ideal para logotipos complejos, dise\u00f1os detallados y una gran variedad de colores. El portavasos de silicona flexible y universal (6 cm de di\u00e1metro) se adapta con seguridad a la mayor\u00eda de los vasos est\u00e1ndar para eventos (nota: el vaso no est\u00e1 incluido). Este cord\u00f3n es el accesorio ideal para cualquier evento donde se sirvan bebidas, garantizando que su marca sea el centro de atenci\u00f3n.<\/p>\n<p><b>Caracter\u00edsticas principales:<\/b><\/p>\n<ul>\n<li><b>Material:<\/b> RPET tejido resistente de 1,5 cm (poli\u00e9ster reciclado)<\/li>\n<li><b>Titular:<\/b> Silicona universal (\u00d8 6 cm)<\/li>\n<li><b>Impresi\u00f3n:<\/b> Impresi\u00f3n por sublimaci\u00f3n a todo color (ambos lados incluidos)<\/li>\n<li><b>Beneficio:<\/b> Mantiene las manos libres; perfecto para programas de vasos reutilizables<\/li>\n<li><b>Ideal para:<\/b> Festivales, conciertos, ferias comerciales y salidas corporativas.<\/li>\n<li><b>Origen:<\/b> Hecho en Europa<\/li>\n<\/ul>\n<p>&nbsp;<\/p>\n<\/div>\n<\/div>\n<\/div>\n<\/div>","protected":false},"excerpt":{"rendered":"<ul>\n<li>Proporciona la comodidad de tener manos libres en festivales y eventos al aire libre.<\/li>\n<li>Impresi\u00f3n por sublimaci\u00f3n a todo color y a doble cara para m\u00e1xima visibilidad de la marca.<\/li>\n<li>Fabricado con material RPET (reciclado) duradero y ecol\u00f3gico.<\/li>\n<li>Soporte universal de silicona (\u00d8 6 cm) que se adapta a la mayor\u00eda de vasos reutilizables.<\/li>\n<\/ul>","protected":false},"featured_media":6564,"comment_status":"closed","ping_status":"closed","template":"","meta":[],"product_brand":[],"product_cat":[43,108,68,119],"product_tag":[],"class_list":{"0":"post-1382","1":"product","2":"type-product","3":"status-publish","4":"has-post-thumbnail","6":"product_cat-lanyards","7":"product_cat-multifunctional-lanyards","8":"product_cat-event-supplies","9":"product_cat-drinkware-accessories","11":"first","12":"instock","13":"shipping-taxable","14":"purchasable","15":"product-type-simple"},"_links":{"self":[{"href":"https:\/\/displayproducts.eu\/es\/wp-json\/wp\/v2\/product\/1382","targetHints":{"allow":["GET"]}}],"collection":[{"href":"https:\/\/displayproducts.eu\/es\/wp-json\/wp\/v2\/product"}],"about":[{"href":"https:\/\/displayproducts.eu\/es\/wp-json\/wp\/v2\/types\/product"}],"replies":[{"embeddable":true,"href":"https:\/\/displayproducts.eu\/es\/wp-json\/wp\/v2\/comments?post=1382"}],"wp:featuredmedia":[{"embeddable":true,"href":"https:\/\/displayproducts.eu\/es\/wp-json\/wp\/v2\/media\/6564"}],"wp:attachment":[{"href":"https:\/\/displayproducts.eu\/es\/wp-json\/wp\/v2\/media?parent=1382"}],"wp:term":[{"taxonomy":"product_brand","embeddable":true,"href":"https:\/\/displayproducts.eu\/es\/wp-json\/wp\/v2\/product_brand?post=1382"},{"taxonomy":"product_cat","embeddable":true,"href":"https:\/\/displayproducts.eu\/es\/wp-json\/wp\/v2\/product_cat?post=1382"},{"taxonomy":"product_tag","embeddable":true,"href":"https:\/\/displayproducts.eu\/es\/wp-json\/wp\/v2\/product_tag?post=1382"}],"curies":[{"name":"wp","href":"https:\/\/api.w.org\/{rel}","templated":true}]}}