{"id":1318,"date":"2024-07-15T16:02:04","date_gmt":"2024-07-15T13:02:04","guid":{"rendered":"https:\/\/wristbandfactory.eu\/toode\/reflective-wristbands-with-your-logo-or-text\/"},"modified":"2026-04-01T21:52:36","modified_gmt":"2026-04-01T18:52:36","slug":"custom-reflective-wristbands","status":"publish","type":"product","link":"https:\/\/displayproducts.eu\/es\/p\/custom-reflective-wristbands\/","title":{"rendered":"Pulseras reflectantes personalizadas"},"content":{"rendered":"<div id=\"row-1593974699\" class=\"row\">\n<div id=\"col-995438329\" class=\"col large-12\">\n<div class=\"col-inner\">\n<div id=\"row-791971907\" class=\"row\">\n<div id=\"col-16588895\" class=\"col medium-6 small-12 large-6\">\n<div class=\"col-inner\">\n<p>La pulsera reflectante es un accesorio de seguridad vial, pero tambi\u00e9n es un accesorio fant\u00e1stico que a\u00f1ade color a cualquier ocasi\u00f3n y sin duda llama la atenci\u00f3n. \u00a1Su impresi\u00f3n no pasar\u00e1 desapercibida!<\/p>\n<\/div>\n<\/div>\n<\/div>\n<\/div>\n<\/div>\n<\/div>\n<div id=\"row-409931730\" class=\"row row-collapse row-full-width\">\n<div id=\"col-2034900180\" class=\"col medium-6 small-12 large-6\">\n<div class=\"col-inner\">\n<div id=\"banner-1604496982\" class=\"banner has-hover\">\n<div class=\"banner-inner fill\">\n<div class=\"banner-bg fill\">\n<div id=\"col-1323287833\" class=\"col medium-6 small-12 large-6\">\n<div class=\"col-inner\">\n<div id=\"banner-2078467548\" class=\"banner has-hover\">\n<div class=\"banner-inner fill\">\n<div class=\"banner-layers container\">\n<div id=\"text-box-1244032241\" class=\"text-box banner-layer x50 md-x50 lg-x50 y50 md-y50 lg-y50 res-text\">\n<div class=\"text-box-content text\">\n<div class=\"text-inner text-left\">\n<p>Las pulseras funcionan de maravilla las 24 horas, especialmente de noche, cuando se pueden apreciar sus propiedades reflectantes. As\u00ed, el logotipo aplicado a las correas ser\u00e1 claramente visible tanto de d\u00eda como de noche.<\/p>\n<\/div>\n<\/div>\n<\/div>\n<\/div>\n<\/div>\n<\/div>\n<\/div>\n<\/div>\n<div id=\"col-127032908\" class=\"col medium-6 small-12 large-6 small-col-first\">\n<div class=\"col-inner\">\n<div id=\"banner-57269498\" class=\"banner has-hover\">\n<div class=\"banner-inner fill\">\n<div class=\"banner-bg fill\">\n<div id=\"row-949958656\" class=\"row row-collapse row-full-width\">\n<div id=\"col-29993759\" class=\"col medium-6 small-12 large-6\">\n<div class=\"col-inner\">\n<div id=\"banner-473447867\" class=\"banner has-hover\">\n<div class=\"banner-inner fill\">\n<div class=\"banner-layers container\">\n<div id=\"text-box-1373704033\" class=\"text-box banner-layer x50 md-x50 lg-x50 y50 md-y50 lg-y50 res-text\">\n<div class=\"text-box-content text\">\n<div class=\"text-inner text-center\">\n<p>Las pulseras reflectantes son una prenda indispensable en caso de mal tiempo y por la noche: gracias a ellas, los usuarios de la carretera ser\u00e1n m\u00e1s visibles y, por tanto, estar\u00e1n m\u00e1s seguros.<\/p>\n<\/div>\n<\/div>\n<\/div>\n<\/div>\n<\/div>\n<\/div>\n<\/div>\n<\/div>\n<\/div>\n<div id=\"row-402527630\" class=\"row row-collapse row-full-width\">\n<div id=\"col-2059071681\" class=\"col medium-6 small-12 large-6\">\n<div class=\"col-inner\">\n<div id=\"banner-1670317913\" class=\"banner has-hover\">\n<div class=\"banner-inner fill\">\n<div class=\"banner-bg fill\">\n<div id=\"col-2059071681\" class=\"col medium-6 small-12 large-6\">\n<div class=\"col-inner\">\n<div id=\"banner-1670317913\" class=\"banner has-hover\">\n<div class=\"banner-inner fill\">\n<div class=\"banner-layers container\">\n<div id=\"text-box-659831637\" class=\"text-box banner-layer x50 md-x50 lg-x50 y50 md-y50 lg-y50 res-text\">\n<div class=\"text-box-content text\">\n<div class=\"text-inner text-left\">\n<p>Gracias al cierre a presi\u00f3n, las bandas son muy f\u00e1ciles de colocar: se pueden usar en la mu\u00f1eca, el tobillo, la pierna o el brazo. Pueden ser utilizadas por peatones, motociclistas y ciclistas.<\/p>\n<\/div>\n<\/div>\n<\/div>\n<\/div>\n<\/div>\n<\/div>\n<\/div>\n<\/div>\n<div id=\"col-1243778745\" class=\"col medium-6 small-12 large-6 small-col-first\">\n<div class=\"col-inner\">\n<div id=\"banner-1632419446\" class=\"banner has-hover\">\n<div class=\"banner-inner fill\">\n<div class=\"banner-bg fill\">\n<p>Ofrecemos pulseras en 3 tama\u00f1os: 30, 34 y 40 cm, en las que imprimimos su texto o gr\u00e1ficos. Si no tiene un proyecto, \u00a1lo hacemos por usted! La capa inferior de la pulsera puede ser de PVC o terciopelo de cualquier color. Suministramos pulseras reflectantes a bajo costo y con un plazo de producci\u00f3n de 2 d\u00edas h\u00e1biles. Pedido m\u00ednimo a partir de 100 unidades.<\/p>\n<p><strong>Datos t\u00e9cnicos:<\/strong><\/p>\n<ul>\n<li>Tama\u00f1os de banda: 30 x 3 cm, 34 x 3 cm, 40 x 3 cm<\/li>\n<li>Material: PVC \/ Pl\u00e1stico \/ Metal<\/li>\n<li>Tecnolog\u00eda de marcado: Tampograf\u00eda<\/li>\n<li>Tama\u00f1o de los elementos de impresi\u00f3n: 55 x 18 mm<\/li>\n<li>Color de los elementos de impresi\u00f3n: cualquiera de la paleta de colores Pantone<\/li>\n<\/ul>\n<\/div>\n<\/div>\n<\/div>\n<\/div>\n<\/div>\n<\/div>\n<\/div>\n<\/div>\n<\/div>\n<\/div>\n<\/div>\n<\/div>\n<\/div>\n<\/div>\n<\/div>\n<\/div>\n<\/div>\n<\/div>\n<\/div>\n<\/div>\n<\/div>\n<\/div>","protected":false},"excerpt":{"rendered":"<div>\n<p class=\"text-gray-500\">La pulsera reflectante es un accesorio de seguridad vial, pero tambi\u00e9n es un accesorio fant\u00e1stico que a\u00f1ade color a cualquier ocasi\u00f3n y sin duda llama la atenci\u00f3n. \u00a1Su impresi\u00f3n no pasar\u00e1 desapercibida!<\/p>\n<\/div>","protected":false},"featured_media":465,"comment_status":"closed","ping_status":"closed","template":"","meta":[],"product_brand":[],"product_cat":[45],"product_tag":[],"class_list":{"0":"post-1318","1":"product","2":"type-product","3":"status-publish","4":"has-post-thumbnail","6":"product_cat-other","8":"first","9":"instock","10":"shipping-taxable","11":"purchasable","12":"product-type-simple"},"_links":{"self":[{"href":"https:\/\/displayproducts.eu\/es\/wp-json\/wp\/v2\/product\/1318","targetHints":{"allow":["GET"]}}],"collection":[{"href":"https:\/\/displayproducts.eu\/es\/wp-json\/wp\/v2\/product"}],"about":[{"href":"https:\/\/displayproducts.eu\/es\/wp-json\/wp\/v2\/types\/product"}],"replies":[{"embeddable":true,"href":"https:\/\/displayproducts.eu\/es\/wp-json\/wp\/v2\/comments?post=1318"}],"wp:featuredmedia":[{"embeddable":true,"href":"https:\/\/displayproducts.eu\/es\/wp-json\/wp\/v2\/media\/465"}],"wp:attachment":[{"href":"https:\/\/displayproducts.eu\/es\/wp-json\/wp\/v2\/media?parent=1318"}],"wp:term":[{"taxonomy":"product_brand","embeddable":true,"href":"https:\/\/displayproducts.eu\/es\/wp-json\/wp\/v2\/product_brand?post=1318"},{"taxonomy":"product_cat","embeddable":true,"href":"https:\/\/displayproducts.eu\/es\/wp-json\/wp\/v2\/product_cat?post=1318"},{"taxonomy":"product_tag","embeddable":true,"href":"https:\/\/displayproducts.eu\/es\/wp-json\/wp\/v2\/product_tag?post=1318"}],"curies":[{"name":"wp","href":"https:\/\/api.w.org\/{rel}","templated":true}]}}