{"id":1314,"date":"2024-07-15T20:47:33","date_gmt":"2024-07-15T17:47:33","guid":{"rendered":"https:\/\/wristbandfactory.eu\/toode\/sublimation-printed-ribbons\/"},"modified":"2026-04-01T21:52:36","modified_gmt":"2026-04-01T18:52:36","slug":"sublimation-printed-ribbons","status":"publish","type":"product","link":"https:\/\/displayproducts.eu\/es\/p\/sublimation-printed-ribbons\/","title":{"rendered":"Cintas personalizadas con logotipo"},"content":{"rendered":"<p data-path-to-node=\"8\">Mejore la experiencia de desempaquetado de su marca con nuestras cintas personalizadas con impresi\u00f3n por sublimaci\u00f3n. A diferencia de los m\u00e9todos tradicionales, la tecnolog\u00eda de sublimaci\u00f3n ti\u00f1e las fibras de la tela directamente, lo que permite resultados vibrantes y a todo color que se adaptan a la paleta de colores de su marca con absoluta precisi\u00f3n. Este modelo es ideal para lanzamientos de productos, cestas de regalo navide\u00f1as y eventos VIP. El suave sat\u00e9n envuelve con elegancia solicitar presupuestos y bolsas, demostrando atenci\u00f3n al detalle y calidad premium.<\/p>\n<h2 data-path-to-node=\"9\">Caracter\u00edsticas principales<\/h2>\n<ul data-path-to-node=\"10\">\n<li>\n<p data-path-to-node=\"10,0,0\"><b data-path-to-node=\"10,0,0\" data-index-in-node=\"0\">Reproducci\u00f3n a todo color CMYK:<\/b> Reproduzca logotipos complejos con sombras y degradados con perfecta claridad.<\/p>\n<\/li>\n<li>\n<p data-path-to-node=\"10,1,0\"><b data-path-to-node=\"10,1,0\" data-index-in-node=\"0\">Impresi\u00f3n permanente suave al tacto:<\/b> La cinta permanece suave al tacto y la marca permanece permanente y resistente a las manchas.<\/p>\n<\/li>\n<li>\n<p data-path-to-node=\"10,2,0\"><b data-path-to-node=\"10,2,0\" data-index-in-node=\"0\">Calidad sostenible:<\/b> La durabilidad del sat\u00e9n de poli\u00e9ster fomenta la reutilizaci\u00f3n, ampliando la visibilidad de la marca.<\/p>\n<\/li>\n<li>\n<p data-path-to-node=\"10,3,0\"><b data-path-to-node=\"10,3,0\" data-index-in-node=\"0\">Dise\u00f1o personalizado de borde a borde:<\/b> Utilice todo el ancho, incluidos los colores de fondo que fluyen sin problemas.<\/p>\n<\/li>\n<\/ul>\n<h2 data-path-to-node=\"11\">Presupuesto<\/h2>\n<ul data-path-to-node=\"12\">\n<li>\n<p data-path-to-node=\"12,0,0\"><b data-path-to-node=\"12,0,0\" data-index-in-node=\"0\">Material:<\/b> Sat\u00e9n de poli\u00e9ster de alta calidad (optimizado para sublimaci\u00f3n de tinta).<\/p>\n<\/li>\n<li>\n<p data-path-to-node=\"12,1,0\"><b data-path-to-node=\"12,1,0\" data-index-in-node=\"0\">T\u00e9cnica de impresi\u00f3n:<\/b> Sublimaci\u00f3n CMYK a todo color.<\/p>\n<\/li>\n<li>\n<p data-path-to-node=\"12,2,0\"><b data-path-to-node=\"12,2,0\" data-index-in-node=\"0\">Anchos disponibles:<\/b> 15 mm, 20 mm, 25 mm.<\/p>\n<\/li>\n<li>\n<p data-path-to-node=\"12,3,0\"><b data-path-to-node=\"12,3,0\" data-index-in-node=\"0\">Cantidad m\u00ednima de pedido (MOQ):<\/b> 100 metros.<\/p>\n<\/li>\n<li>\n<p data-path-to-node=\"12,4,0\"><b data-path-to-node=\"12,4,0\" data-index-in-node=\"0\">Formato:<\/b> Se suministra en rollos profesionales para una f\u00e1cil dispensaci\u00f3n industrial.<\/p>\n<\/li>\n<\/ul>\n<h2 data-path-to-node=\"13\">Casos de uso<\/h2>\n<ul data-path-to-node=\"14\">\n<li>\n<p data-path-to-node=\"14,0,0\"><b data-path-to-node=\"14,0,0\" data-index-in-node=\"0\">Embalaje minorista de lujo:<\/b> Sellos de marca para bolsas de compras, solicitar presupuestos de joyer\u00eda y prendas de alta gama.<\/p>\n<\/li>\n<li>\n<p data-path-to-node=\"14,1,0\"><b data-path-to-node=\"14,1,0\" data-index-in-node=\"0\">Regalos corporativos:<\/b> Envolvemos cestas de fin de a\u00f1o y regalos para clientes con una identidad corporativa personalizada.<\/p>\n<\/li>\n<li>\n<p data-path-to-node=\"14,2,0\"><b data-path-to-node=\"14,2,0\" data-index-in-node=\"0\">Decoraci\u00f3n de eventos y bodas:<\/b> Creaci\u00f3n de fajas personalizadas o detalles de marca para reuniones exclusivas.<\/p>\n<\/li>\n<li>\n<p data-path-to-node=\"14,3,0\"><b data-path-to-node=\"14,3,0\" data-index-in-node=\"0\">Alimentos y bebidas artesanales:<\/b> Perfecto para envolver solicitar presupuestos de dulces o botellas de vino de venta minorista gourmet.<\/p>\n<\/li>\n<\/ul>","protected":false},"excerpt":{"rendered":"<p data-path-to-node=\"6\">Transforme la presentaci\u00f3n de su marca con nuestras cintas impresas por sublimaci\u00f3n personalizadas, dise\u00f1adas para gerentes de marketing y equipos de adquisiciones que requieren un acabado profesional de alta calidad.<\/p>\n<ul data-path-to-node=\"7\">\n<li>\n<p data-path-to-node=\"7,0,0\"><b data-path-to-node=\"7,0,0\" data-index-in-node=\"0\">Reproducci\u00f3n CMYK a todo color:<\/b> Claridad perfecta para logotipos y degradados complejos sin costos de configuraci\u00f3n adicionales.<\/p>\n<\/li>\n<li>\n<p data-path-to-node=\"7,1,0\"><b data-path-to-node=\"7,1,0\" data-index-in-node=\"0\">Impresi\u00f3n permanente suave al tacto:<\/b> El dise\u00f1o est\u00e1 fusionado t\u00e9rmicamente con el material para brindar una sensaci\u00f3n duradera y de primera calidad.<\/p>\n<\/li>\n<li>\n<p data-path-to-node=\"7,2,0\"><b data-path-to-node=\"7,2,0\" data-index-in-node=\"0\">Escalabilidad B2B:<\/b> Disponible en rollos profesionales con un pedido m\u00ednimo de 100 metros.<\/p>\n<\/li>\n<li>\n<p data-path-to-node=\"7,3,0\"><b data-path-to-node=\"7,3,0\" data-index-in-node=\"0\">Personalizaci\u00f3n de borde a borde:<\/b> Utilice todo el ancho para una integraci\u00f3n perfecta de la marca.<\/p>\n<\/li>\n<\/ul>\n<p data-path-to-node=\"8\">","protected":false},"featured_media":6268,"comment_status":"closed","ping_status":"closed","template":"","meta":[],"product_brand":[],"product_cat":[96],"product_tag":[],"class_list":{"0":"post-1314","1":"product","2":"type-product","3":"status-publish","4":"has-post-thumbnail","6":"product_cat-ribbons","8":"first","9":"instock","10":"shipping-taxable","11":"purchasable","12":"product-type-simple"},"_links":{"self":[{"href":"https:\/\/displayproducts.eu\/es\/wp-json\/wp\/v2\/product\/1314","targetHints":{"allow":["GET"]}}],"collection":[{"href":"https:\/\/displayproducts.eu\/es\/wp-json\/wp\/v2\/product"}],"about":[{"href":"https:\/\/displayproducts.eu\/es\/wp-json\/wp\/v2\/types\/product"}],"replies":[{"embeddable":true,"href":"https:\/\/displayproducts.eu\/es\/wp-json\/wp\/v2\/comments?post=1314"}],"wp:featuredmedia":[{"embeddable":true,"href":"https:\/\/displayproducts.eu\/es\/wp-json\/wp\/v2\/media\/6268"}],"wp:attachment":[{"href":"https:\/\/displayproducts.eu\/es\/wp-json\/wp\/v2\/media?parent=1314"}],"wp:term":[{"taxonomy":"product_brand","embeddable":true,"href":"https:\/\/displayproducts.eu\/es\/wp-json\/wp\/v2\/product_brand?post=1314"},{"taxonomy":"product_cat","embeddable":true,"href":"https:\/\/displayproducts.eu\/es\/wp-json\/wp\/v2\/product_cat?post=1314"},{"taxonomy":"product_tag","embeddable":true,"href":"https:\/\/displayproducts.eu\/es\/wp-json\/wp\/v2\/product_tag?post=1314"}],"curies":[{"name":"wp","href":"https:\/\/api.w.org\/{rel}","templated":true}]}}