{"id":1307,"date":"2024-10-27T11:53:50","date_gmt":"2024-10-27T08:53:50","guid":{"rendered":"https:\/\/wristbandfactory.eu\/toode\/glow-in-the-dark-silicone-wristbands\/"},"modified":"2026-04-01T21:52:36","modified_gmt":"2026-04-01T18:52:36","slug":"glow-in-the-dark-silicone-wristbands","status":"publish","type":"product","link":"https:\/\/displayproducts.eu\/es\/p\/glow-in-the-dark-silicone-wristbands\/","title":{"rendered":"Pulseras de silicona que brillan en la oscuridad"},"content":{"rendered":"<div class=\"mx-12 md:mx-24 lg:mx-48\">\n<div class=\"container my-8 svelte-zlsknf\">\n<div class=\"my-24 rounded-lg border-0 border-gray-700 bg-gray-100 px-16 py-24\">\n<div class=\"mt-11 !text-gray-500\">\n<p>Asegura que tu marca destaque incluso despu\u00e9s del atardecer con nuestras pulseras de silicona que brillan en la oscuridad. Estas pulseras son la opci\u00f3n ideal para organizadores de eventos, promotores de festivales y gestores de eventos corporativos que necesitan alta visibilidad en entornos con poca luz. Funcionan como una eficaz herramienta de marketing y como pase de acceso para discotecas, conciertos y fiestas nocturnas.<\/p>\n<p>El efecto luminiscente se aplica a la silicona y se carga con la exposici\u00f3n a la luz. Para obtener los mejores resultados, recomendamos elegir colores base brillantes (por ejemplo, blanco, verde o rosa), ya que el efecto es menos intenso en siliconas de colores oscuros.<\/p>\n<p>Este efecto se puede combinar con otros m\u00e9todos de personalizaci\u00f3n, como dise\u00f1os impresos, grabados en hueco y en relieve, lo que le permite crear una pulsera \u00fanica y funcional para su evento. Gracias a nuestra r\u00e1pida producci\u00f3n y entrega, podemos cumplir con sus plazos de entrega ajustados.<\/p>\n<p><b>Caracter\u00edsticas principales:<\/b><\/p>\n<ul>\n<li><b>Resplandor de alta visibilidad:<\/b> Se carga con luz para proporcionar un brillo intenso, perfecto para discotecas y eventos nocturnos.<\/li>\n<li><b>Silicona duradera 100%:<\/b> Resistente al agua, duradero y c\u00f3modo para usarlo durante varias horas.<\/li>\n<li><b>Amplia personalizaci\u00f3n:<\/b> Puede combinarse con m\u00e9todos de marca impresos, grabados en hueco o en relieve.<\/li>\n<li><b>Entrega r\u00e1pida:<\/b> Producci\u00f3n y entrega r\u00e1pidas para cumplir con los plazos ajustados de los eventos.<\/li>\n<li><b>Consejo profesional:<\/b> Para obtener el m\u00e1ximo efecto, funciona mejor sobre bases de silicona de colores brillantes.<\/li>\n<\/ul>\n<\/div>\n<\/div>\n<\/div>\n<\/div>","protected":false},"excerpt":{"rendered":"<ul>\n<li>El efecto luminoso de alta visibilidad garantiza que su marca sea vista por la noche.<\/li>\n<li>Ideal para festivales, discotecas y eventos corporativos nocturnos.<\/li>\n<li>Producci\u00f3n y entrega r\u00e1pidas para una planificaci\u00f3n de eventos \u00e1gil.<\/li>\n<li>Los mejores resultados se obtienen sobre bases de silicona de colores brillantes.<\/li>\n<\/ul>","protected":false},"featured_media":6131,"comment_status":"closed","ping_status":"closed","template":"","meta":[],"product_brand":[],"product_cat":[66,49],"product_tag":[],"class_list":{"0":"post-1307","1":"product","2":"type-product","3":"status-publish","4":"has-post-thumbnail","6":"product_cat-wristbands","7":"product_cat-silicone","9":"first","10":"instock","11":"shipping-taxable","12":"purchasable","13":"product-type-simple"},"_links":{"self":[{"href":"https:\/\/displayproducts.eu\/es\/wp-json\/wp\/v2\/product\/1307","targetHints":{"allow":["GET"]}}],"collection":[{"href":"https:\/\/displayproducts.eu\/es\/wp-json\/wp\/v2\/product"}],"about":[{"href":"https:\/\/displayproducts.eu\/es\/wp-json\/wp\/v2\/types\/product"}],"replies":[{"embeddable":true,"href":"https:\/\/displayproducts.eu\/es\/wp-json\/wp\/v2\/comments?post=1307"}],"wp:featuredmedia":[{"embeddable":true,"href":"https:\/\/displayproducts.eu\/es\/wp-json\/wp\/v2\/media\/6131"}],"wp:attachment":[{"href":"https:\/\/displayproducts.eu\/es\/wp-json\/wp\/v2\/media?parent=1307"}],"wp:term":[{"taxonomy":"product_brand","embeddable":true,"href":"https:\/\/displayproducts.eu\/es\/wp-json\/wp\/v2\/product_brand?post=1307"},{"taxonomy":"product_cat","embeddable":true,"href":"https:\/\/displayproducts.eu\/es\/wp-json\/wp\/v2\/product_cat?post=1307"},{"taxonomy":"product_tag","embeddable":true,"href":"https:\/\/displayproducts.eu\/es\/wp-json\/wp\/v2\/product_tag?post=1307"}],"curies":[{"name":"wp","href":"https:\/\/api.w.org\/{rel}","templated":true}]}}