{"id":1304,"date":"2024-10-27T11:53:50","date_gmt":"2024-10-27T08:53:50","guid":{"rendered":"https:\/\/wristbandfactory.eu\/toode\/silicone-wristbands\/"},"modified":"2026-04-01T21:52:04","modified_gmt":"2026-04-01T18:52:04","slug":"wide-printed-silicone-wristbands-25mm","status":"publish","type":"product","link":"https:\/\/displayproducts.eu\/es\/p\/wide-printed-silicone-wristbands-25mm\/","title":{"rendered":"Pulseras de silicona anchas impresas (25 mm)"},"content":{"rendered":"<p>Dise\u00f1adas para m\u00e1xima visibilidad, estas pulseras de 25 mm (1 pulgada) de ancho son la mejor opci\u00f3n para organizadores de eventos y festivales que necesitan que su marca destaque entre la multitud. Su amplia superficie es perfecta para logotipos complejos, textos detallados y dise\u00f1os llamativos. Fabricadas con silicona 100%, estas pulseras son c\u00f3modas para usar durante varios d\u00edas, resistentes al agua y dise\u00f1adas para durar, siendo un recordatorio tangible de su evento o campa\u00f1a.<\/p>\n<p>Ofrecemos personalizaci\u00f3n completa para que se adapte perfectamente a la identidad de su marca. Nuestra silicona cumple con los est\u00e1ndares Pantone, lo que garantiza una reproducci\u00f3n precisa del color seg\u00fan las directrices de su marca. Puede elegir entre una amplia gama de estilos de personalizaci\u00f3n para lograr el aspecto deseado, desde la serigraf\u00eda cl\u00e1sica hasta sofisticados efectos de bajorrelieve o relieve, con opciones de relleno de color para que su dise\u00f1o destaque.<\/p>\n<p><b>Caracter\u00edsticas principales:<\/b><\/p>\n<ul>\n<li><b>Superficie extra ancha:<\/b> Ancho de 25 mm para m\u00e1xima visibilidad del dise\u00f1o y del logotipo.<\/li>\n<li><b>Material:<\/b> 100% Silicona duradera y de alta calidad.<\/li>\n<li><b>Opciones de personalizaci\u00f3n:<\/b> Disponible impreso, en bajo relieve, en bajo relieve con relleno de color, en relieve y en relieve impreso.<\/li>\n<li><b>Coincidencia Pantone\u00ae:<\/b> Coincidencia de colores precisa seg\u00fan las especificaciones exactas de su marca.<\/li>\n<li><b>Pedido m\u00ednimo:<\/b> Comienza con s\u00f3lo 100 piezas.<\/li>\n<li><b>Embalaje:<\/b> Cada pulsera se empaqueta individualmente en una bolsa de pl\u00e1stico protectora.<\/li>\n<li><b>Valor a\u00f1adido:<\/b> Asistencia de dise\u00f1o gratuita para perfeccionar tu obra de arte.<\/li>\n<\/ul>","protected":false},"excerpt":{"rendered":"<p>Cuando los art\u00edculos promocionales est\u00e1ndar no son suficientes, cause mayor impacto con nuestras pulseras de silicona anchas personalizadas. Con el doble de superficie que las pulseras est\u00e1ndar, estas pulseras de 25 mm ofrecen un lienzo llamativo para exhibir su marca, garantizando que su logotipo o mensaje sea inconfundible y se recuerde mucho despu\u00e9s del evento.<\/p>","protected":false},"featured_media":5976,"comment_status":"closed","ping_status":"closed","template":"","meta":[],"product_brand":[],"product_cat":[66,49],"product_tag":[],"class_list":{"0":"post-1304","1":"product","2":"type-product","3":"status-publish","4":"has-post-thumbnail","6":"product_cat-wristbands","7":"product_cat-silicone","9":"first","10":"instock","11":"shipping-taxable","12":"purchasable","13":"product-type-simple"},"_links":{"self":[{"href":"https:\/\/displayproducts.eu\/es\/wp-json\/wp\/v2\/product\/1304","targetHints":{"allow":["GET"]}}],"collection":[{"href":"https:\/\/displayproducts.eu\/es\/wp-json\/wp\/v2\/product"}],"about":[{"href":"https:\/\/displayproducts.eu\/es\/wp-json\/wp\/v2\/types\/product"}],"replies":[{"embeddable":true,"href":"https:\/\/displayproducts.eu\/es\/wp-json\/wp\/v2\/comments?post=1304"}],"wp:featuredmedia":[{"embeddable":true,"href":"https:\/\/displayproducts.eu\/es\/wp-json\/wp\/v2\/media\/5976"}],"wp:attachment":[{"href":"https:\/\/displayproducts.eu\/es\/wp-json\/wp\/v2\/media?parent=1304"}],"wp:term":[{"taxonomy":"product_brand","embeddable":true,"href":"https:\/\/displayproducts.eu\/es\/wp-json\/wp\/v2\/product_brand?post=1304"},{"taxonomy":"product_cat","embeddable":true,"href":"https:\/\/displayproducts.eu\/es\/wp-json\/wp\/v2\/product_cat?post=1304"},{"taxonomy":"product_tag","embeddable":true,"href":"https:\/\/displayproducts.eu\/es\/wp-json\/wp\/v2\/product_tag?post=1304"}],"curies":[{"name":"wp","href":"https:\/\/api.w.org\/{rel}","templated":true}]}}