{"id":1303,"date":"2024-07-15T21:28:59","date_gmt":"2024-07-15T18:28:59","guid":{"rendered":"https:\/\/wristbandfactory.eu\/toode\/vivid-wrist-silicone-keyholders-2\/"},"modified":"2026-04-01T21:52:04","modified_gmt":"2026-04-01T18:52:04","slug":"silicone-bangle-keyholders","status":"publish","type":"product","link":"https:\/\/displayproducts.eu\/es\/p\/silicone-bangle-keyholders\/","title":{"rendered":"Llaveros de pulsera de silicona"},"content":{"rendered":"<p>Combine practicidad con una imagen de marca impactante gracias a nuestros llaveros de silicona con forma de brazalete. Este producto es una herramienta promocional eficaz para eventos corporativos, agencias inmobiliarias o como obsequio funcional para empleados y clientes.<\/p>\n<p>Dise\u00f1ada para llevarse c\u00f3modamente en la mu\u00f1eca, esta pulsera de 8,6 cm de di\u00e1metro mantiene las llaves seguras y las manos libres. Su dise\u00f1o es muy pr\u00e1ctico para profesionales ocupados, asistentes a eventos o personal que necesita acceder con frecuencia a llaves o llaveros.<\/p>\n<p>Fabricado con silicona duradera de alta calidad, este llavero est\u00e1 dise\u00f1ado para resistir el uso diario. Cada unidad cuenta con un resistente anillo met\u00e1lico para organizar de forma segura varias llaves o tarjetas de acceso. Disponible en una amplia gama de colores, estos llaveros se adaptan f\u00e1cilmente a la identidad corporativa de su empresa, garantizando que su marca permanezca visible y \u00fatil mucho despu\u00e9s del evento.<\/p>\n<p><b>Caracter\u00edsticas principales:<\/b><\/p>\n<ul>\n<li><b>Brazalete de silicona duradero:<\/b> El anillo grande de 8,6 cm de di\u00e1metro se ajusta f\u00e1cilmente a la mu\u00f1eca para mayor comodidad al usarlo con las manos libres.<\/li>\n<li><b>Material de alta calidad:<\/b> Fabricado con silicona duradera de primera calidad, dise\u00f1ada para uso profesional diario.<\/li>\n<li><b>Llavero met\u00e1lico seguro:<\/b> Incorpora un robusto anillo met\u00e1lico para mantener seguras las llaves y los mandos de acceso.<\/li>\n<li><b>Marca de alta visibilidad:<\/b> Un pr\u00e1ctico art\u00edculo promocional que mantiene tu marca siempre a mano o en la mu\u00f1eca.<\/li>\n<li><b>M\u00faltiples opciones de color:<\/b> Disponible en una amplia variedad de colores para que combinen con la imagen corporativa de su empresa.<\/li>\n<\/ul>","protected":false},"excerpt":{"rendered":"<ul>\n<li>Mantiene las llaves f\u00e1cilmente accesibles en la mu\u00f1eca para un uso con manos libres.<\/li>\n<li>Fabricado con silicona duradera y de alta calidad para uso diario.<\/li>\n<li>Disponible en una amplia gama de colores lisos para que coincidan con su identidad corporativa.<\/li>\n<li>Un art\u00edculo promocional pr\u00e1ctico y de gran visibilidad para ferias comerciales.<\/li>\n<\/ul>","protected":false},"featured_media":6668,"comment_status":"closed","ping_status":"closed","template":"","meta":[],"product_brand":[],"product_cat":[94],"product_tag":[],"class_list":{"0":"post-1303","1":"product","2":"type-product","3":"status-publish","4":"has-post-thumbnail","6":"product_cat-keychains","8":"first","9":"instock","10":"shipping-taxable","11":"purchasable","12":"product-type-simple"},"_links":{"self":[{"href":"https:\/\/displayproducts.eu\/es\/wp-json\/wp\/v2\/product\/1303","targetHints":{"allow":["GET"]}}],"collection":[{"href":"https:\/\/displayproducts.eu\/es\/wp-json\/wp\/v2\/product"}],"about":[{"href":"https:\/\/displayproducts.eu\/es\/wp-json\/wp\/v2\/types\/product"}],"replies":[{"embeddable":true,"href":"https:\/\/displayproducts.eu\/es\/wp-json\/wp\/v2\/comments?post=1303"}],"wp:featuredmedia":[{"embeddable":true,"href":"https:\/\/displayproducts.eu\/es\/wp-json\/wp\/v2\/media\/6668"}],"wp:attachment":[{"href":"https:\/\/displayproducts.eu\/es\/wp-json\/wp\/v2\/media?parent=1303"}],"wp:term":[{"taxonomy":"product_brand","embeddable":true,"href":"https:\/\/displayproducts.eu\/es\/wp-json\/wp\/v2\/product_brand?post=1303"},{"taxonomy":"product_cat","embeddable":true,"href":"https:\/\/displayproducts.eu\/es\/wp-json\/wp\/v2\/product_cat?post=1303"},{"taxonomy":"product_tag","embeddable":true,"href":"https:\/\/displayproducts.eu\/es\/wp-json\/wp\/v2\/product_tag?post=1303"}],"curies":[{"name":"wp","href":"https:\/\/api.w.org\/{rel}","templated":true}]}}