{"id":1299,"date":"2024-10-27T11:53:51","date_gmt":"2024-10-27T08:53:51","guid":{"rendered":"https:\/\/wristbandfactory.eu\/toode\/slim-silicone-wristbands\/"},"modified":"2026-04-01T21:52:04","modified_gmt":"2026-04-01T18:52:04","slug":"slim-silicone-wristbands","status":"publish","type":"product","link":"https:\/\/displayproducts.eu\/es\/p\/slim-silicone-wristbands\/","title":{"rendered":"Pulseras de silicona delgadas"},"content":{"rendered":"<p>Potencia la imagen de tu empresa o tus campa\u00f1as de sensibilizaci\u00f3n con nuestras pulseras de silicona ultrafinas. Su elegante perfil de 5 mm ofrece una alternativa sutil y moderna a las pulseras convencionales, convirti\u00e9ndolas en una opci\u00f3n popular para eventos corporativos, campa\u00f1as ben\u00e9ficas y regalos promocionales donde se busca una imagen m\u00e1s refinada.<\/p>\n<p>Ofrecemos una personalizaci\u00f3n completa que se adapta a la identidad de su marca. La silicona se rige por la paleta Pantone para una precisi\u00f3n crom\u00e1tica impecable. Puede personalizar a\u00fan m\u00e1s su mensaje con diversas opciones de alta calidad: una serigraf\u00eda n\u00edtida a un color, un logotipo en relieve duradero, un logotipo en relieve premium o un dise\u00f1o en relieve con relleno a un color para un m\u00e1ximo contraste y visibilidad.<\/p>\n<p>Elaboradas con silicona duradera de alta calidad, estas bandas son c\u00f3modas para el uso diario y cumplen plenamente con todas las normas de seguridad pertinentes, brindando tranquilidad a su organizaci\u00f3n y a los asistentes.<\/p>\n<p><b>Caracter\u00edsticas principales:<\/b><\/p>\n<ul>\n<li><b>Perfil elegante de 5 mm:<\/b> Un dise\u00f1o estrecho y moderno (disponible en 200x5x2mm o 180x5x2mm) para una declaraci\u00f3n de marca sutil.<\/li>\n<li><b>Personalizaci\u00f3n completa:<\/b> Elija entre dise\u00f1os impresos a 1 color, grabados en hueco (hundidos), grabados en relieve (elevados) o grabados en hueco con relleno de tinta.<\/li>\n<li><b>Igualaci\u00f3n precisa de Pantone:<\/b> Garantiza que el color de la silicona coincida perfectamente con su identidad corporativa.<\/li>\n<li><b>Cumple con las normas de seguridad:<\/b> Fabricado con silicona de alta calidad que cumple con todas las normas de seguridad pertinentes.<\/li>\n<li><b>Embalaje a granel:<\/b> Pedido m\u00ednimo de 100 unidades, empaquetadas a granel por defecto. El empaquetado individual en bolsas de polietileno est\u00e1 disponible bajo pedido.<\/li>\n<\/ul>","protected":false},"excerpt":{"rendered":"<ul>\n<li>Presenta un perfil elegante y estrecho de 5 mm para una apariencia sutil y moderna.<\/li>\n<li>Totalmente personalizable: Elija entre logotipos impresos, grabados en hueco o en relieve.<\/li>\n<li>La silicona con colores Pantone garantiza una perfecta consistencia del color de la marca.<\/li>\n<li>Cantidad m\u00ednima de pedido: 100 unidades por dise\u00f1o.<\/li>\n<\/ul>","protected":false},"featured_media":5953,"comment_status":"closed","ping_status":"closed","template":"","meta":[],"product_brand":[],"product_cat":[66,49],"product_tag":[],"class_list":{"0":"post-1299","1":"product","2":"type-product","3":"status-publish","4":"has-post-thumbnail","6":"product_cat-wristbands","7":"product_cat-silicone","9":"first","10":"instock","11":"shipping-taxable","12":"purchasable","13":"product-type-simple"},"_links":{"self":[{"href":"https:\/\/displayproducts.eu\/es\/wp-json\/wp\/v2\/product\/1299","targetHints":{"allow":["GET"]}}],"collection":[{"href":"https:\/\/displayproducts.eu\/es\/wp-json\/wp\/v2\/product"}],"about":[{"href":"https:\/\/displayproducts.eu\/es\/wp-json\/wp\/v2\/types\/product"}],"replies":[{"embeddable":true,"href":"https:\/\/displayproducts.eu\/es\/wp-json\/wp\/v2\/comments?post=1299"}],"wp:featuredmedia":[{"embeddable":true,"href":"https:\/\/displayproducts.eu\/es\/wp-json\/wp\/v2\/media\/5953"}],"wp:attachment":[{"href":"https:\/\/displayproducts.eu\/es\/wp-json\/wp\/v2\/media?parent=1299"}],"wp:term":[{"taxonomy":"product_brand","embeddable":true,"href":"https:\/\/displayproducts.eu\/es\/wp-json\/wp\/v2\/product_brand?post=1299"},{"taxonomy":"product_cat","embeddable":true,"href":"https:\/\/displayproducts.eu\/es\/wp-json\/wp\/v2\/product_cat?post=1299"},{"taxonomy":"product_tag","embeddable":true,"href":"https:\/\/displayproducts.eu\/es\/wp-json\/wp\/v2\/product_tag?post=1299"}],"curies":[{"name":"wp","href":"https:\/\/api.w.org\/{rel}","templated":true}]}}