{"id":1292,"date":"2024-07-15T22:03:57","date_gmt":"2024-07-15T19:03:57","guid":{"rendered":"https:\/\/wristbandfactory.eu\/toode\/tyvek-wristbands-for-hospitals\/"},"modified":"2026-04-01T21:52:36","modified_gmt":"2026-04-01T18:52:36","slug":"direct-thermal-hospital-wristbands","status":"publish","type":"product","link":"https:\/\/displayproducts.eu\/es\/p\/direct-thermal-hospital-wristbands\/","title":{"rendered":"Pulseras de hospital antibacterianas"},"content":{"rendered":"<p data-path-to-node=\"8\">Mejore los est\u00e1ndares de identificaci\u00f3n de pacientes de su centro con nuestras pulseras hospitalarias t\u00e9rmicas directas. Dise\u00f1adas para integrarse perfectamente en los flujos de trabajo sanitarios existentes, estas pulseras eliminan el riesgo de errores de escritura al permitir la impresi\u00f3n instant\u00e1nea de c\u00f3digos de barras, texto y fotos de los pacientes. Su tama\u00f1o para adultos de 29 x 290 mm ofrece un ajuste c\u00f3modo y una amplia superficie para datos escaneables, garantizando la eficiencia desde el triaje hasta el alta.<\/p>\n<h2 data-path-to-node=\"9\">Caracter\u00edsticas principales<\/h2>\n<ul data-path-to-node=\"10\">\n<li>\n<p data-path-to-node=\"10,0,0\"><b data-path-to-node=\"10,0,0\" data-index-in-node=\"0\">Protecci\u00f3n antibacteriana:<\/b> Cuenta con un recubrimiento especializado que inhibe activamente el crecimiento bacteriano, un requisito cr\u00edtico para los entornos cl\u00ednicos.<\/p>\n<\/li>\n<li>\n<p data-path-to-node=\"10,1,0\"><b data-path-to-node=\"10,1,0\" data-index-in-node=\"0\">Durabilidad a prueba de manchas:<\/b> La pel\u00edcula de polipropileno de alto grado fija la impresi\u00f3n t\u00e9rmica, manteniendo los datos del paciente legibles incluso despu\u00e9s del contacto con agua, alcohol o desinfectantes para manos.<\/p>\n<\/li>\n<li>\n<p data-path-to-node=\"10,2,0\"><b data-path-to-node=\"10,2,0\" data-index-in-node=\"0\">Cierre a prueba de manipulaciones:<\/b> Utiliza un adhesivo de alta adherencia que se destruye si se intenta quitar o transferir la banda.<\/p>\n<\/li>\n<li>\n<p data-path-to-node=\"10,3,0\"><b data-path-to-node=\"10,3,0\" data-index-in-node=\"0\">Sin l\u00e1tex e hipoalerg\u00e9nico:<\/b> Seguro para todo tipo de piel, minimizando el riesgo de reacciones al\u00e9rgicas durante la atenci\u00f3n hospitalaria a largo plazo.<\/p>\n<\/li>\n<\/ul>\n<h2 data-path-to-node=\"11\">Presupuesto<\/h2>\n<ul data-path-to-node=\"12\">\n<li>\n<p data-path-to-node=\"12,0,0\"><b data-path-to-node=\"12,0,0\" data-index-in-node=\"0\">Dimensiones:<\/b> 29 mm x 290 mm (tama\u00f1o est\u00e1ndar para adultos).<\/p>\n<\/li>\n<li>\n<p data-path-to-node=\"12,1,0\"><b data-path-to-node=\"12,1,0\" data-index-in-node=\"0\">Material:<\/b> Polipropileno con recubrimiento antibacteriano.<\/p>\n<\/li>\n<li>\n<p data-path-to-node=\"12,2,0\"><b data-path-to-node=\"12,2,0\" data-index-in-node=\"0\">Tecnolog\u00eda de impresi\u00f3n:<\/b> Impresi\u00f3n t\u00e9rmica directa (no requiere cinta ni tinta).<\/p>\n<\/li>\n<li>\n<p data-path-to-node=\"12,3,0\"><b data-path-to-node=\"12,3,0\" data-index-in-node=\"0\">Compatibilidad:<\/b> Optimizado para impresoras de escritorio Zebra (GK-888T, TLP2824), Brother (TD-2020) y TSC.<\/p>\n<\/li>\n<li>\n<p data-path-to-node=\"12,4,0\"><b data-path-to-node=\"12,4,0\" data-index-in-node=\"0\">Embalaje:<\/b> Rollos de 100 pulseras con n\u00facleo de 25 mm (1 pulgada).<\/p>\n<\/li>\n<li>\n<p data-path-to-node=\"12,5,0\"><b data-path-to-node=\"12,5,0\" data-index-in-node=\"0\">Cantidad m\u00ednima de pedido (MOQ):<\/b> 100 unidades.<\/p>\n<\/li>\n<\/ul>\n<h2 data-path-to-node=\"13\">Casos de uso<\/h2>\n<ul data-path-to-node=\"14\">\n<li>\n<p data-path-to-node=\"14,0,0\"><b data-path-to-node=\"14,0,0\" data-index-in-node=\"0\">Admisiones de gran volumen:<\/b> Ideal para salas de emergencia (ER) y centros de atenci\u00f3n de urgencia que requieren una r\u00e1pida generaci\u00f3n de identificaciones.<\/p>\n<\/li>\n<li>\n<p data-path-to-node=\"14,1,0\"><b data-path-to-node=\"14,1,0\" data-index-in-node=\"0\">Manejo de pacientes hospitalizados:<\/b> Identificaci\u00f3n a largo plazo para administraci\u00f3n de medicamentos y escaneo al lado de la cama del paciente.<\/p>\n<\/li>\n<li>\n<p data-path-to-node=\"14,2,0\"><b data-path-to-node=\"14,2,0\" data-index-in-node=\"0\">Procedimientos ambulatorios:<\/b> Etiquetado seguro para cirug\u00edas ambulatorias y pruebas de diagn\u00f3stico.<\/p>\n<\/li>\n<li>\n<p data-path-to-node=\"14,3,0\"><b data-path-to-node=\"14,3,0\" data-index-in-node=\"0\">Salas de maternidad y pediatr\u00eda:<\/b> Identificaci\u00f3n confiable donde la seguridad y la comodidad son primordiales.<\/p>\n<\/li>\n<\/ul>\n<p data-path-to-node=\"15\">","protected":false},"excerpt":{"rendered":"<p data-path-to-node=\"6\">Agilice el proceso de admisi\u00f3n de pacientes con nuestras pulseras hospitalarias t\u00e9rmicas directas, dise\u00f1adas para instalaciones de atenci\u00f3n m\u00e9dica modernas que requieren impresi\u00f3n de datos instant\u00e1nea y de alta resoluci\u00f3n directamente desde los sistemas de admisi\u00f3n.<\/p>\n<ul data-path-to-node=\"7\">\n<li>\n<p data-path-to-node=\"7,0,0\"><b data-path-to-node=\"7,0,0\" data-index-in-node=\"0\">Compatibilidad de impresora:<\/b> Totalmente optimizado para impresoras t\u00e9rmicas directas est\u00e1ndar de la industria como Zebra, Brother y TSC.<\/p>\n<\/li>\n<li>\n<p data-path-to-node=\"7,1,0\"><b data-path-to-node=\"7,1,0\" data-index-in-node=\"0\">Control de infecciones:<\/b> El recubrimiento antibacteriano especializado inhibe el crecimiento bacteriano, lo que respalda los estrictos protocolos de higiene hospitalaria.<\/p>\n<\/li>\n<li>\n<p data-path-to-node=\"7,2,0\"><b data-path-to-node=\"7,2,0\" data-index-in-node=\"0\">M\u00e1xima seguridad:<\/b> El adhesivo acr\u00edlico a prueba de manipulaciones con cierre troquelado evita la transferencia y garantiza la integridad de la identificaci\u00f3n del paciente.<\/p>\n<\/li>\n<li>\n<p data-path-to-node=\"7,3,0\"><b data-path-to-node=\"7,3,0\" data-index-in-node=\"0\">Eficiencia B2B:<\/b> Se suministra en rollos de 100 bandas para una carga r\u00e1pida y un procesamiento de admisi\u00f3n de gran volumen.<\/p>\n<\/li>\n<\/ul>","protected":false},"featured_media":631,"comment_status":"closed","ping_status":"closed","template":"","meta":[],"product_brand":[],"product_cat":[66,72],"product_tag":[],"class_list":{"0":"post-1292","1":"product","2":"type-product","3":"status-publish","4":"has-post-thumbnail","6":"product_cat-wristbands","7":"product_cat-medical-and-hospital","9":"first","10":"instock","11":"shipping-taxable","12":"purchasable","13":"product-type-simple"},"_links":{"self":[{"href":"https:\/\/displayproducts.eu\/es\/wp-json\/wp\/v2\/product\/1292","targetHints":{"allow":["GET"]}}],"collection":[{"href":"https:\/\/displayproducts.eu\/es\/wp-json\/wp\/v2\/product"}],"about":[{"href":"https:\/\/displayproducts.eu\/es\/wp-json\/wp\/v2\/types\/product"}],"replies":[{"embeddable":true,"href":"https:\/\/displayproducts.eu\/es\/wp-json\/wp\/v2\/comments?post=1292"}],"wp:featuredmedia":[{"embeddable":true,"href":"https:\/\/displayproducts.eu\/es\/wp-json\/wp\/v2\/media\/631"}],"wp:attachment":[{"href":"https:\/\/displayproducts.eu\/es\/wp-json\/wp\/v2\/media?parent=1292"}],"wp:term":[{"taxonomy":"product_brand","embeddable":true,"href":"https:\/\/displayproducts.eu\/es\/wp-json\/wp\/v2\/product_brand?post=1292"},{"taxonomy":"product_cat","embeddable":true,"href":"https:\/\/displayproducts.eu\/es\/wp-json\/wp\/v2\/product_cat?post=1292"},{"taxonomy":"product_tag","embeddable":true,"href":"https:\/\/displayproducts.eu\/es\/wp-json\/wp\/v2\/product_tag?post=1292"}],"curies":[{"name":"wp","href":"https:\/\/api.w.org\/{rel}","templated":true}]}}