{"id":1291,"date":"2024-10-27T11:53:51","date_gmt":"2024-10-27T08:53:51","guid":{"rendered":"https:\/\/wristbandfactory.eu\/toode\/cord-lanyards-with-pvc-slider\/"},"modified":"2026-04-01T21:52:36","modified_gmt":"2026-04-01T18:52:36","slug":"custom-round-cord-lanyards-with-pvc-slider-metal-carabiner","status":"publish","type":"product","link":"https:\/\/displayproducts.eu\/es\/p\/custom-round-cord-lanyards-with-pvc-slider-metal-carabiner\/","title":{"rendered":"Lanyards de cord\u00f3n redondo con pasador de PVC"},"content":{"rendered":"<div class=\"mx-12 md:mx-24 lg:mx-48\">\n<div class=\"container my-8 svelte-zlsknf\">\n<div class=\"my-24 rounded-lg border-0 border-gray-700 bg-gray-100 px-16 py-24\">\n<div class=\"mt-11 !text-gray-500\">\n<p data-path-to-node=\"12\">Optimice su identificaci\u00f3n corporativa y la seguridad de sus eventos con nuestro <b>Cintas de cuello redondos personalizados<\/b>. Dise\u00f1ado para profesionales que requieren una soluci\u00f3n de identificaci\u00f3n minimalista pero duradera, este cord\u00f3n ofrece una alternativa sofisticada a las cintas planas, lo que lo convierte en la opci\u00f3n perfecta para el uso diario en oficinas, conferencias y personal de ferias comerciales.<\/p>\n<p data-path-to-node=\"13\">Fabricado con poli\u00e9ster duradero de alta calidad, el cord\u00f3n redondo ofrece comodidad durante largos per\u00edodos de uso, evitando irritaciones en el cuello. A diferencia de los cintas de cuello planos est\u00e1ndar, el cord\u00f3n ofrece un aspecto discreto y de alta calidad que complementa la vestimenta de negocios.<\/p>\n<p data-path-to-node=\"14\">La caracter\u00edstica definitoria de este modelo es la funcionalidad. <b>Deslizador de PVC<\/b>. Si bien viene con un elegante acabado transparente de serie, ofrecemos fabricaci\u00f3n con colores personalizados para pedidos al por mayor, lo que le permite adaptar el hardware a la perfecci\u00f3n a su identidad corporativa. Cada cord\u00f3n tiene un acabado resistente. <b>mosquet\u00f3n de metal<\/b>, Proporciona un punto de fijaci\u00f3n fiable y f\u00e1cil de usar para credenciales de identificaci\u00f3n, tarjetas de control de acceso o llaves. Su combinaci\u00f3n de durabilidad y est\u00e9tica profesional lo convierte en la opci\u00f3n preferida para organizaciones que buscan una soluci\u00f3n de alta gama para la conservaci\u00f3n de identificaciones.<\/p>\n<p data-path-to-node=\"15\"><b>Caracter\u00edsticas principales:<\/b><\/p>\n<ul data-path-to-node=\"16\">\n<li>\n<p data-path-to-node=\"16,0,0\"><b>Cord\u00f3n de poli\u00e9ster duradero:<\/b> El perfil de cuerda redonda es ideal para un uso c\u00f3modo durante todo el d\u00eda sin deshilacharse.<\/p>\n<\/li>\n<li>\n<p data-path-to-node=\"16,1,0\"><b>Deslizador de PVC ajustable:<\/b> El acabado transparente est\u00e1ndar ofrece una apariencia moderna; colores personalizados disponibles a pedido.<\/p>\n<\/li>\n<li>\n<p data-path-to-node=\"16,2,0\"><b>Alineaci\u00f3n de marca:<\/b> Opci\u00f3n para combinar el color del control deslizante con la identidad de su marca para cantidades al por mayor calificadas.<\/p>\n<\/li>\n<li>\n<p data-path-to-node=\"16,3,0\"><b>Accesorio de servicio pesado:<\/b> Incluye un mosquet\u00f3n de metal seguro para mantener las credenciales seguras.<\/p>\n<\/li>\n<li>\n<p data-path-to-node=\"16,4,0\"><b>Aplicaci\u00f3n vers\u00e1til:<\/b> Una soluci\u00f3n pr\u00e1ctica y de alta gama para eventos VIP, identificaci\u00f3n de personal y entornos corporativos.<\/p>\n<\/li>\n<\/ul>\n<\/div>\n<\/div>\n<\/div>\n<\/div>","protected":false},"excerpt":{"rendered":"<ul>\n<li>\n<p data-path-to-node=\"10,0,0\"><b>Perfil Profesional:<\/b> Dise\u00f1o minimalista de cable redondo de 5 mm ideal para entornos de oficina y eventos VIP.<\/p>\n<\/li>\n<li>\n<p data-path-to-node=\"10,1,0\"><b>Hardware personalizado:<\/b> Incluye un control deslizante de PVC (colores personalizables disponibles) para la alineaci\u00f3n de la marca.<\/p>\n<\/li>\n<li>\n<p data-path-to-node=\"10,2,0\"><b>Adjunto seguro:<\/b> El mosquet\u00f3n de metal resistente garantiza que las credenciales de identificaci\u00f3n y las llaves se mantengan seguras.<\/p>\n<\/li>\n<li>\n<p data-path-to-node=\"10,3,0\"><b>Comodidad duradera:<\/b> La cuerda de poli\u00e9ster suave evita la irritaci\u00f3n del cuello durante el uso durante todo el d\u00eda.<\/p>\n<\/li>\n<\/ul>","protected":false},"featured_media":6691,"comment_status":"closed","ping_status":"closed","template":"","meta":[],"product_brand":[],"product_cat":[125],"product_tag":[],"class_list":{"0":"post-1291","1":"product","2":"type-product","3":"status-publish","4":"has-post-thumbnail","6":"product_cat-cord-lanyards","8":"first","9":"instock","10":"shipping-taxable","11":"purchasable","12":"product-type-simple"},"_links":{"self":[{"href":"https:\/\/displayproducts.eu\/es\/wp-json\/wp\/v2\/product\/1291","targetHints":{"allow":["GET"]}}],"collection":[{"href":"https:\/\/displayproducts.eu\/es\/wp-json\/wp\/v2\/product"}],"about":[{"href":"https:\/\/displayproducts.eu\/es\/wp-json\/wp\/v2\/types\/product"}],"replies":[{"embeddable":true,"href":"https:\/\/displayproducts.eu\/es\/wp-json\/wp\/v2\/comments?post=1291"}],"wp:featuredmedia":[{"embeddable":true,"href":"https:\/\/displayproducts.eu\/es\/wp-json\/wp\/v2\/media\/6691"}],"wp:attachment":[{"href":"https:\/\/displayproducts.eu\/es\/wp-json\/wp\/v2\/media?parent=1291"}],"wp:term":[{"taxonomy":"product_brand","embeddable":true,"href":"https:\/\/displayproducts.eu\/es\/wp-json\/wp\/v2\/product_brand?post=1291"},{"taxonomy":"product_cat","embeddable":true,"href":"https:\/\/displayproducts.eu\/es\/wp-json\/wp\/v2\/product_cat?post=1291"},{"taxonomy":"product_tag","embeddable":true,"href":"https:\/\/displayproducts.eu\/es\/wp-json\/wp\/v2\/product_tag?post=1291"}],"curies":[{"name":"wp","href":"https:\/\/api.w.org\/{rel}","templated":true}]}}