{"id":1288,"date":"2024-10-27T11:53:51","date_gmt":"2024-10-27T08:53:51","guid":{"rendered":"https:\/\/wristbandfactory.eu\/toode\/full-colour-cord-lanyards-with-woven-label\/"},"modified":"2026-04-01T21:52:36","modified_gmt":"2026-04-01T18:52:36","slug":"sublimation-cord-lanyards-with-woven-label","status":"publish","type":"product","link":"https:\/\/displayproducts.eu\/es\/p\/sublimation-cord-lanyards-with-woven-label\/","title":{"rendered":"Cintas de cuello para sublimaci\u00f3n con etiqueta tejida"},"content":{"rendered":"<div class=\"mx-12 md:mx-24 lg:mx-48\">\n<div class=\"container my-8 svelte-zlsknf\">\n<div class=\"my-24 rounded-lg border-0 border-gray-700 bg-gray-100 px-16 py-24\">\n<div class=\"mt-11 !text-gray-500\">\n<p>Consiga el m\u00e1ximo impacto de marca con nuestros cintas de cuello sublimables de alta calidad. Este modelo combina dos m\u00e9todos de personalizaci\u00f3n de primera: una vibrante impresi\u00f3n por sublimaci\u00f3n a todo color en el cord\u00f3n y una resistente etiqueta tejida de 4 colores para su logotipo principal.<\/p>\n<p>El cord\u00f3n de poli\u00e9ster de 90 cm es blanco y se imprime completamente con su dise\u00f1o mediante sublimaci\u00f3n. Este m\u00e9todo es ideal para dise\u00f1os complejos a todo color o logotipos repetidos, aunque tenga en cuenta que no se puede garantizar la posici\u00f3n exacta del logotipo en el cord\u00f3n.<\/p>\n<p>La etiqueta tejida de alta definici\u00f3n a cuatro colores proporciona un punto focal n\u00edtido y profesional para su marca, que no se desvanece ni se raya. Este cord\u00f3n de alta gama es una excelente opci\u00f3n para eventos corporativos, identificaci\u00f3n de personal o pases de conferencias premium donde se requiere una presentaci\u00f3n de marca duradera y sofisticada. Cada cord\u00f3n incluye un mosquet\u00f3n met\u00e1lico de serie, con otras opciones de clip disponibles.<\/p>\n<p><b>Caracter\u00edsticas principales:<\/b><\/p>\n<ul>\n<li><b>Doble marca:<\/b> Combina un cord\u00f3n con impresi\u00f3n por sublimaci\u00f3n a todo color con una etiqueta tejida premium de 4 colores.<\/li>\n<li><b>Sublimaci\u00f3n vibrante:<\/b> El cord\u00f3n de poli\u00e9ster blanco de 90 cm es ideal para dise\u00f1os a todo color repetitivos.<\/li>\n<li><b>Etiqueta tejida premium:<\/b> Ofrece un logotipo duradero y de alta definici\u00f3n (hasta 4 colores).<\/li>\n<li><b>Mosquet\u00f3n met\u00e1lico:<\/b> Incluye un mosquet\u00f3n met\u00e1lico resistente, con otras opciones de sujeci\u00f3n disponibles.<\/li>\n<li><b>Identificaci\u00f3n de alto impacto:<\/b> Una soluci\u00f3n de primer nivel para la imagen corporativa, la identificaci\u00f3n del personal y eventos premium.<\/li>\n<\/ul>\n<\/div>\n<\/div>\n<\/div>\n<\/div>","protected":false},"excerpt":{"rendered":"<ul>\n<li>Cuenta con un cord\u00f3n impreso por sublimaci\u00f3n a todo color para dise\u00f1os vibrantes y repetidos.<\/li>\n<li>Incluye una etiqueta tejida premium de 4 colores para un logotipo duradero.<\/li>\n<li>Cord\u00f3n de poli\u00e9ster resistente de 90 cm con mosquet\u00f3n met\u00e1lico est\u00e1ndar.<\/li>\n<li>Ideal para eventos corporativos, identificaci\u00f3n de personal y ferias comerciales.<\/li>\n<\/ul>","protected":false},"featured_media":6794,"comment_status":"closed","ping_status":"closed","template":"","meta":[],"product_brand":[],"product_cat":[43],"product_tag":[],"class_list":{"0":"post-1288","1":"product","2":"type-product","3":"status-publish","4":"has-post-thumbnail","6":"product_cat-lanyards","8":"first","9":"instock","10":"shipping-taxable","11":"purchasable","12":"product-type-simple"},"_links":{"self":[{"href":"https:\/\/displayproducts.eu\/es\/wp-json\/wp\/v2\/product\/1288","targetHints":{"allow":["GET"]}}],"collection":[{"href":"https:\/\/displayproducts.eu\/es\/wp-json\/wp\/v2\/product"}],"about":[{"href":"https:\/\/displayproducts.eu\/es\/wp-json\/wp\/v2\/types\/product"}],"replies":[{"embeddable":true,"href":"https:\/\/displayproducts.eu\/es\/wp-json\/wp\/v2\/comments?post=1288"}],"wp:featuredmedia":[{"embeddable":true,"href":"https:\/\/displayproducts.eu\/es\/wp-json\/wp\/v2\/media\/6794"}],"wp:attachment":[{"href":"https:\/\/displayproducts.eu\/es\/wp-json\/wp\/v2\/media?parent=1288"}],"wp:term":[{"taxonomy":"product_brand","embeddable":true,"href":"https:\/\/displayproducts.eu\/es\/wp-json\/wp\/v2\/product_brand?post=1288"},{"taxonomy":"product_cat","embeddable":true,"href":"https:\/\/displayproducts.eu\/es\/wp-json\/wp\/v2\/product_cat?post=1288"},{"taxonomy":"product_tag","embeddable":true,"href":"https:\/\/displayproducts.eu\/es\/wp-json\/wp\/v2\/product_tag?post=1288"}],"curies":[{"name":"wp","href":"https:\/\/api.w.org\/{rel}","templated":true}]}}