{"id":1287,"date":"2024-10-27T11:53:51","date_gmt":"2024-10-27T08:53:51","guid":{"rendered":"https:\/\/wristbandfactory.eu\/toode\/3-in-1-charging-cable-lanyards\/"},"modified":"2026-04-01T21:52:04","modified_gmt":"2026-04-01T18:52:04","slug":"sublimation-3-in-1-charging-lanyards","status":"publish","type":"product","link":"https:\/\/displayproducts.eu\/es\/p\/sublimation-3-in-1-charging-lanyards\/","title":{"rendered":"Cintas de cuello de carga 3 en 1 con sublimaci\u00f3n"},"content":{"rendered":"<p>Ofrezca a los asistentes a su evento un art\u00edculo promocional que realmente usar\u00e1n. Nuestros cintas de cuello con cable de carga 3 en 1 para sublimaci\u00f3n combinan la funci\u00f3n de un porta pases con la utilidad de un cable de carga multiconector, garantizando la m\u00e1xima visibilidad de su marca.<\/p>\n<p>Estos cintas de cuello est\u00e1n fabricados en poli\u00e9ster resistente y cuentan con una impresi\u00f3n por sublimaci\u00f3n a todo color en ambas caras, lo que proporciona una amplia superficie para logotipos complejos y la imagen de marca del evento. El cable integrado incluye conectores USB-A, Micro-B y Tipo-C, ofreciendo una soluci\u00f3n de carga pr\u00e1ctica para la mayor\u00eda de los dispositivos modernos.<\/p>\n<p>Ideales para conferencias tecnol\u00f3gicas, ferias comerciales o como obsequio funcional para el personal, estos cintas de cuello est\u00e1n dise\u00f1ados para <b>Solo para fines de facturaci\u00f3n (no para transferencia de datos).<\/b>. Cada cord\u00f3n viene empaquetado individualmente en una bolsa de polietileno para facilitar su distribuci\u00f3n y est\u00e1 disponible en tres longitudes diferentes para satisfacer sus necesidades espec\u00edficas.<\/p>\n<p><b>Caracter\u00edsticas principales:<\/b><\/p>\n<ul>\n<li><b>Conectores de carga 3 en 1:<\/b> Incluye conectores USB-A, Micro-B y Tipo-C para una carga c\u00f3moda (no para transferencia de datos).<\/li>\n<li><b>Sublimaci\u00f3n a doble cara:<\/b> Impresi\u00f3n vibrante a todo color, de borde a borde en ambas caras, para una m\u00e1xima exposici\u00f3n de la marca.<\/li>\n<li><b>Material de poli\u00e9ster duradero:<\/b> Una correa resistente y c\u00f3moda, ideal para conferencias y ferias comerciales de varios d\u00edas.<\/li>\n<li><b>Art\u00edculo promocional funcional:<\/b> Un cord\u00f3n muy pr\u00e1ctico para los asistentes, que garantiza una gran utilidad y la fidelizaci\u00f3n de la marca.<\/li>\n<li><b>Listo para su distribuci\u00f3n:<\/b> Cada cord\u00f3n viene envasado individualmente en una bolsa de polietileno y est\u00e1 disponible en 3 longitudes diferentes.<\/li>\n<\/ul>","protected":false},"excerpt":{"rendered":"<ul>\n<li>Muestra tu logotipo con una vibrante sublimaci\u00f3n a todo color a doble cara.<\/li>\n<li>Incluye conectores de carga 3 en 1: USB-A a Micro-B y Tipo-C.<\/li>\n<li>Un art\u00edculo promocional muy pr\u00e1ctico para conferencias tecnol\u00f3gicas y ferias comerciales.<\/li>\n<li>(Nota: Dise\u00f1ado solo para carga, no para transferencia de datos).<\/li>\n<\/ul>","protected":false},"featured_media":6789,"comment_status":"closed","ping_status":"closed","template":"","meta":[],"product_brand":[],"product_cat":[43],"product_tag":[],"class_list":{"0":"post-1287","1":"product","2":"type-product","3":"status-publish","4":"has-post-thumbnail","6":"product_cat-lanyards","8":"first","9":"instock","10":"shipping-taxable","11":"purchasable","12":"product-type-simple"},"_links":{"self":[{"href":"https:\/\/displayproducts.eu\/es\/wp-json\/wp\/v2\/product\/1287","targetHints":{"allow":["GET"]}}],"collection":[{"href":"https:\/\/displayproducts.eu\/es\/wp-json\/wp\/v2\/product"}],"about":[{"href":"https:\/\/displayproducts.eu\/es\/wp-json\/wp\/v2\/types\/product"}],"replies":[{"embeddable":true,"href":"https:\/\/displayproducts.eu\/es\/wp-json\/wp\/v2\/comments?post=1287"}],"wp:featuredmedia":[{"embeddable":true,"href":"https:\/\/displayproducts.eu\/es\/wp-json\/wp\/v2\/media\/6789"}],"wp:attachment":[{"href":"https:\/\/displayproducts.eu\/es\/wp-json\/wp\/v2\/media?parent=1287"}],"wp:term":[{"taxonomy":"product_brand","embeddable":true,"href":"https:\/\/displayproducts.eu\/es\/wp-json\/wp\/v2\/product_brand?post=1287"},{"taxonomy":"product_cat","embeddable":true,"href":"https:\/\/displayproducts.eu\/es\/wp-json\/wp\/v2\/product_cat?post=1287"},{"taxonomy":"product_tag","embeddable":true,"href":"https:\/\/displayproducts.eu\/es\/wp-json\/wp\/v2\/product_tag?post=1287"}],"curies":[{"name":"wp","href":"https:\/\/api.w.org\/{rel}","templated":true}]}}