{"id":1284,"date":"2024-10-27T11:53:51","date_gmt":"2024-10-27T08:53:51","guid":{"rendered":"https:\/\/wristbandfactory.eu\/toode\/3-tone-lanyards-with-pvc-badge\/"},"modified":"2026-04-01T21:52:36","modified_gmt":"2026-04-01T18:52:36","slug":"3-tone-cord-lanyards-with-pvc-badge","status":"publish","type":"product","link":"https:\/\/displayproducts.eu\/es\/p\/3-tone-cord-lanyards-with-pvc-badge\/","title":{"rendered":"Cintas de cuello de tres tonos con insignia de PVC"},"content":{"rendered":"<div class=\"mx-12 md:mx-24 lg:mx-48\">\n<div class=\"container my-8 svelte-zlsknf\">\n<div class=\"my-24 rounded-lg border-0 border-gray-700 bg-gray-100 px-16 py-24\">\n<div class=\"mt-11 !text-gray-500\">\n<p>Crea una soluci\u00f3n de identificaci\u00f3n distintiva y de gran visibilidad para tu equipo o los asistentes a tu evento con nuestros cintas de cuello tricolor. Este cord\u00f3n combina una imagen de marca impactante con un dise\u00f1o duradero y pr\u00e1ctico.<\/p>\n<p>El cord\u00f3n de 90 cm est\u00e1 fabricado en poli\u00e9ster resistente y se puede personalizar completamente con una selecci\u00f3n de tres colores diferentes, lo que le permite adaptarlo perfectamente a su identidad corporativa o al tema de su evento.<\/p>\n<p>La caracter\u00edstica principal es la credencial de PVC personalizada, que se puede moldear con su logotipo o dise\u00f1o en hasta tres colores. Esto proporciona una alternativa duradera, agradable al tacto y de alta calidad a un pase impreso est\u00e1ndar. Cada cord\u00f3n incluye un anillo met\u00e1lico resistente, con otras opciones de clip disponibles para adaptarse a sus necesidades espec\u00edficas de identificaci\u00f3n o tarjeta de acceso. Esto los convierte en una excelente opci\u00f3n para el personal corporativo, la identificaci\u00f3n en ferias comerciales o los pases para eventos de varios d\u00edas.<\/p>\n<p><b>Caracter\u00edsticas principales:<\/b><\/p>\n<ul>\n<li><b>Personalizaci\u00f3n tricolor:<\/b> Seleccione tres colores para el cord\u00f3n de poli\u00e9ster de 90 cm que combinen con su marca.<\/li>\n<li><b>Insignia de PVC personalizada:<\/b> Incluye una placa de PVC moldeada a medida para su logotipo (hasta 3 colores).<\/li>\n<li><b>Cord\u00f3n de poli\u00e9ster duradero:<\/b> Dise\u00f1ado para uso diario por el personal o para eventos de varios d\u00edas.<\/li>\n<li><b>Accesorios vers\u00e1tiles:<\/b> Viene de serie con un anillo met\u00e1lico, o puede elegir entre otras opciones de clip.<\/li>\n<li><b>Identificaci\u00f3n de alto impacto:<\/b> Ideal para segmentar visualmente al personal, a los VIP o a los equipos de eventos.<\/li>\n<\/ul>\n<\/div>\n<\/div>\n<\/div>\n<\/div>","protected":false},"excerpt":{"rendered":"<ul>\n<li>Cuenta con un cord\u00f3n de poli\u00e9ster resistente de 3 tonos (elija 3 colores).<\/li>\n<li>Incluye una insignia de PVC dise\u00f1ada a medida (hasta 3 colores) para su logotipo.<\/li>\n<li>Viene de serie con un anillo met\u00e1lico, aunque tambi\u00e9n hay disponibles otras opciones de clip.<\/li>\n<li>Ideal para la identificaci\u00f3n distintiva del personal o pases para eventos corporativos.<\/li>\n<\/ul>","protected":false},"featured_media":6820,"comment_status":"closed","ping_status":"closed","template":"","meta":[],"product_brand":[],"product_cat":[43],"product_tag":[],"class_list":{"0":"post-1284","1":"product","2":"type-product","3":"status-publish","4":"has-post-thumbnail","6":"product_cat-lanyards","8":"first","9":"instock","10":"shipping-taxable","11":"purchasable","12":"product-type-simple"},"_links":{"self":[{"href":"https:\/\/displayproducts.eu\/es\/wp-json\/wp\/v2\/product\/1284","targetHints":{"allow":["GET"]}}],"collection":[{"href":"https:\/\/displayproducts.eu\/es\/wp-json\/wp\/v2\/product"}],"about":[{"href":"https:\/\/displayproducts.eu\/es\/wp-json\/wp\/v2\/types\/product"}],"replies":[{"embeddable":true,"href":"https:\/\/displayproducts.eu\/es\/wp-json\/wp\/v2\/comments?post=1284"}],"wp:featuredmedia":[{"embeddable":true,"href":"https:\/\/displayproducts.eu\/es\/wp-json\/wp\/v2\/media\/6820"}],"wp:attachment":[{"href":"https:\/\/displayproducts.eu\/es\/wp-json\/wp\/v2\/media?parent=1284"}],"wp:term":[{"taxonomy":"product_brand","embeddable":true,"href":"https:\/\/displayproducts.eu\/es\/wp-json\/wp\/v2\/product_brand?post=1284"},{"taxonomy":"product_cat","embeddable":true,"href":"https:\/\/displayproducts.eu\/es\/wp-json\/wp\/v2\/product_cat?post=1284"},{"taxonomy":"product_tag","embeddable":true,"href":"https:\/\/displayproducts.eu\/es\/wp-json\/wp\/v2\/product_tag?post=1284"}],"curies":[{"name":"wp","href":"https:\/\/api.w.org\/{rel}","templated":true}]}}