{"id":1280,"date":"2024-10-27T11:53:51","date_gmt":"2024-10-27T08:53:51","guid":{"rendered":"https:\/\/wristbandfactory.eu\/toode\/3-tone-lanyards-with-woven-label\/"},"modified":"2026-04-01T21:52:36","modified_gmt":"2026-04-01T18:52:36","slug":"3-tone-cord-lanyards-with-woven-label","status":"publish","type":"product","link":"https:\/\/displayproducts.eu\/es\/p\/3-tone-cord-lanyards-with-woven-label\/","title":{"rendered":"Cintas de cuello de tres tonos con etiqueta tejida"},"content":{"rendered":"<div class=\"mx-12 md:mx-24 lg:mx-48\">\n<div class=\"container my-8 svelte-zlsknf\">\n<div class=\"my-24 rounded-lg border-0 border-gray-700 bg-gray-100 px-16 py-24\">\n<div class=\"mt-11 !text-gray-500\">\n<p>Mejore la imagen corporativa de su empresa con nuestros cintas de cuello tricolor, que incluyen una etiqueta tejida de alta calidad. Este cord\u00f3n ofrece una alternativa sofisticada y muy duradera a las opciones impresas est\u00e1ndar, lo que lo hace ideal para la identificaci\u00f3n del personal o conferencias de varios d\u00edas.<\/p>\n<p>El cord\u00f3n est\u00e1 fabricado con un resistente cord\u00f3n de poli\u00e9ster de 90 cm y tres tonos, que se puede personalizar completamente con la elecci\u00f3n de tres colores para que coincidan con la identidad de su marca.<\/p>\n<p>En lugar de una insignia impresa, este modelo incluye una etiqueta tejida de alta definici\u00f3n, sujeta firmemente al cord\u00f3n con una goma el\u00e1stica resistente (disponible en blanco o negro). Esta etiqueta tejida permite mostrar su logotipo o dise\u00f1o en hasta 4 colores, ofreciendo un acabado profesional y duradero que no se decolora ni se raya. Cada cord\u00f3n viene con un anillo met\u00e1lico de serie, aunque tambi\u00e9n se ofrecen otras opciones de clip.<\/p>\n<p><b>Caracter\u00edsticas principales:<\/b><\/p>\n<ul>\n<li><b>Cable personalizado de 3 tonos:<\/b> Elija 3 colores cualesquiera para el cord\u00f3n de poli\u00e9ster de 90 cm que combinen con la imagen corporativa de su empresa.<\/li>\n<li><b>Etiqueta tejida premium:<\/b> Incluye una etiqueta tejida de alta definici\u00f3n para su logotipo (hasta 4 colores), que ofrece un acabado duradero y de primera calidad.<\/li>\n<li><b>Accesorio duradero:<\/b> La etiqueta queda sujeta de forma segura mediante una cinta el\u00e1stica blanca o negra.<\/li>\n<li><b>Hardware vers\u00e1til:<\/b> Viene de serie con un anillo met\u00e1lico, y hay otras opciones de clips disponibles para adaptarse a cualquier portaidentificaciones.<\/li>\n<li><b>Marca duradera:<\/b> Una opci\u00f3n superior para el uso diario del personal o para la identificaci\u00f3n de eventos de varios d\u00edas.<\/li>\n<\/ul>\n<\/div>\n<\/div>\n<\/div>\n<\/div>","protected":false},"excerpt":{"rendered":"<ul>\n<li>Cuenta con un cord\u00f3n de poli\u00e9ster duradero de 90 cm (elija 3 colores personalizados).<\/li>\n<li>Incluye una etiqueta tejida de alta calidad para su logotipo (hasta 4 colores).<\/li>\n<li>Incluye un anillo met\u00e1lico u otras opciones de clip para un uso vers\u00e1til.<\/li>\n<li>Ideal para una soluci\u00f3n de identificaci\u00f3n corporativa o pase para eventos duradera y de larga duraci\u00f3n.<\/li>\n<\/ul>","protected":false},"featured_media":6823,"comment_status":"closed","ping_status":"closed","template":"","meta":[],"product_brand":[],"product_cat":[43],"product_tag":[],"class_list":{"0":"post-1280","1":"product","2":"type-product","3":"status-publish","4":"has-post-thumbnail","6":"product_cat-lanyards","8":"first","9":"instock","10":"shipping-taxable","11":"purchasable","12":"product-type-simple"},"_links":{"self":[{"href":"https:\/\/displayproducts.eu\/es\/wp-json\/wp\/v2\/product\/1280","targetHints":{"allow":["GET"]}}],"collection":[{"href":"https:\/\/displayproducts.eu\/es\/wp-json\/wp\/v2\/product"}],"about":[{"href":"https:\/\/displayproducts.eu\/es\/wp-json\/wp\/v2\/types\/product"}],"replies":[{"embeddable":true,"href":"https:\/\/displayproducts.eu\/es\/wp-json\/wp\/v2\/comments?post=1280"}],"wp:featuredmedia":[{"embeddable":true,"href":"https:\/\/displayproducts.eu\/es\/wp-json\/wp\/v2\/media\/6823"}],"wp:attachment":[{"href":"https:\/\/displayproducts.eu\/es\/wp-json\/wp\/v2\/media?parent=1280"}],"wp:term":[{"taxonomy":"product_brand","embeddable":true,"href":"https:\/\/displayproducts.eu\/es\/wp-json\/wp\/v2\/product_brand?post=1280"},{"taxonomy":"product_cat","embeddable":true,"href":"https:\/\/displayproducts.eu\/es\/wp-json\/wp\/v2\/product_cat?post=1280"},{"taxonomy":"product_tag","embeddable":true,"href":"https:\/\/displayproducts.eu\/es\/wp-json\/wp\/v2\/product_tag?post=1280"}],"curies":[{"name":"wp","href":"https:\/\/api.w.org\/{rel}","templated":true}]}}