{"id":1279,"date":"2024-10-27T11:53:51","date_gmt":"2024-10-27T08:53:51","guid":{"rendered":"https:\/\/wristbandfactory.eu\/toode\/glitter-lanyards\/"},"modified":"2026-04-01T21:52:36","modified_gmt":"2026-04-01T18:52:36","slug":"printed-glitter-lanyards-vip-gala-events","status":"publish","type":"product","link":"https:\/\/displayproducts.eu\/es\/p\/printed-glitter-lanyards-vip-gala-events\/","title":{"rendered":"Lanyards de purpurina personalizados (Glitter)"},"content":{"rendered":"<div class=\"mx-12 md:mx-24 lg:mx-48\">\n<div class=\"container my-8 svelte-zlsknf\">\n<div class=\"my-24 rounded-lg border-0 border-gray-700 bg-gray-100 px-16 py-24\">\n<div class=\"mt-11 !text-gray-500\">\n<p data-path-to-node=\"11\">Haga que su marca brille y aseg\u00farese de que sus invitados se sientan exclusivos con nuestro <b>Cintas de cuello con purpurina impresos personalizados<\/b>. Este cord\u00f3n es la mejor opci\u00f3n para noches de premios, galas VIP, festivales de m\u00fasica y celebraciones corporativas donde los cintas de cuello est\u00e1ndar simplemente se mimetizan con el fondo.<\/p>\n<p data-path-to-node=\"12\">El cord\u00f3n est\u00e1 construido a partir de una base de cinta de poli\u00e9ster duradera de 90 cm, que luego se recubre con un distintivo <b>material de brillo intenso<\/b>. Esto crea un lienzo \u00fanico y deslumbrante que capta la iluminaci\u00f3n del lugar y garantiza una alta visibilidad incluso en entornos con poca luz. Es una herramienta excelente para que los equipos de seguridad y hospitalidad identifiquen r\u00e1pidamente a VIP, personal de backstage o patrocinadores de alto nivel.<\/p>\n<p data-path-to-node=\"13\">Imprimimos su logotipo en un lado de la superficie brillante utilizando <b>coincidencia precisa de colores Pantone<\/b>. Debido a la textura de la purpurina, recomendamos logotipos llamativos y sencillos para una mejor legibilidad. Cada cord\u00f3n viene de serie con un resistente... <b>mosquet\u00f3n de metal<\/b>, agregando un peso y una sensaci\u00f3n profesionales al producto, aunque hay otras opciones de fijaci\u00f3n disponibles para adaptarse a los requisitos espec\u00edficos de su tarjeta de identificaci\u00f3n.<\/p>\n<p data-path-to-node=\"14\"><b>Caracter\u00edsticas principales:<\/b><\/p>\n<ul data-path-to-node=\"15\">\n<li>\n<p data-path-to-node=\"15,0,0\"><b>Material:<\/b> Base de poli\u00e9ster con una capa superpuesta de brillo intenso fusionado.<\/p>\n<\/li>\n<li>\n<p data-path-to-node=\"15,1,0\"><b>Efecto visual:<\/b> El acabado brillante ofrece una est\u00e9tica premium para eventos de alta gama.<\/p>\n<\/li>\n<li>\n<p data-path-to-node=\"15,2,0\"><b>Impresi\u00f3n:<\/b> Serigraf\u00eda personalizada de una cara con coincidencia Pantone (ideal para logotipos en negrita).<\/p>\n<\/li>\n<li>\n<p data-path-to-node=\"15,3,0\"><b>Solicitud:<\/b> Ideal para distinguir a invitados VIP, oradores y personal en fiestas y galas.<\/p>\n<\/li>\n<li>\n<p data-path-to-node=\"15,4,0\"><b>Hardware:<\/b> Incluye un mosquet\u00f3n de metal resistente para retener la credencial de forma segura.<\/p>\n<\/li>\n<\/ul>\n<\/div>\n<\/div>\n<\/div>\n<\/div>","protected":false},"excerpt":{"rendered":"<ul>\n<li>\n<p data-path-to-node=\"9,0,0\"><b>Brillo de alto impacto:<\/b> Una capa de brillo de primera calidad crea un acabado brillante y llamativo, ideal para eventos nocturnos.<\/p>\n<\/li>\n<li>\n<p data-path-to-node=\"9,1,0\"><b>Diferenciaci\u00f3n VIP:<\/b> El aspecto visual distintivo distingue instant\u00e1neamente a invitados especiales, personal o ganadores de premios.<\/p>\n<\/li>\n<li>\n<p data-path-to-node=\"9,2,0\"><b>Marca personalizada:<\/b> Su logotipo se serigrafia en un solo color (coincidente con Pantone) directamente sobre la superficie brillante.<\/p>\n<\/li>\n<li>\n<p data-path-to-node=\"9,3,0\"><b>Comodidad duradera:<\/b> Construido sobre una base resistente de poli\u00e9ster de 90 cm que garantiza durabilidad sin comprometer el estilo.<\/p>\n<\/li>\n<\/ul>","protected":false},"featured_media":6741,"comment_status":"closed","ping_status":"closed","template":"","meta":[],"product_brand":[],"product_cat":[104],"product_tag":[],"class_list":{"0":"post-1279","1":"product","2":"type-product","3":"status-publish","4":"has-post-thumbnail","6":"product_cat-custom-printed-lanyards","8":"first","9":"instock","10":"shipping-taxable","11":"purchasable","12":"product-type-simple"},"_links":{"self":[{"href":"https:\/\/displayproducts.eu\/es\/wp-json\/wp\/v2\/product\/1279","targetHints":{"allow":["GET"]}}],"collection":[{"href":"https:\/\/displayproducts.eu\/es\/wp-json\/wp\/v2\/product"}],"about":[{"href":"https:\/\/displayproducts.eu\/es\/wp-json\/wp\/v2\/types\/product"}],"replies":[{"embeddable":true,"href":"https:\/\/displayproducts.eu\/es\/wp-json\/wp\/v2\/comments?post=1279"}],"wp:featuredmedia":[{"embeddable":true,"href":"https:\/\/displayproducts.eu\/es\/wp-json\/wp\/v2\/media\/6741"}],"wp:attachment":[{"href":"https:\/\/displayproducts.eu\/es\/wp-json\/wp\/v2\/media?parent=1279"}],"wp:term":[{"taxonomy":"product_brand","embeddable":true,"href":"https:\/\/displayproducts.eu\/es\/wp-json\/wp\/v2\/product_brand?post=1279"},{"taxonomy":"product_cat","embeddable":true,"href":"https:\/\/displayproducts.eu\/es\/wp-json\/wp\/v2\/product_cat?post=1279"},{"taxonomy":"product_tag","embeddable":true,"href":"https:\/\/displayproducts.eu\/es\/wp-json\/wp\/v2\/product_tag?post=1279"}],"curies":[{"name":"wp","href":"https:\/\/api.w.org\/{rel}","templated":true}]}}