{"id":1276,"date":"2024-10-27T11:53:51","date_gmt":"2024-10-27T08:53:51","guid":{"rendered":"https:\/\/wristbandfactory.eu\/toode\/round-lanyard-with-domed-slider\/"},"modified":"2026-04-01T21:52:36","modified_gmt":"2026-04-01T18:52:36","slug":"round-cord-lanyards-with-dome-logo-slider-epoxy-3d","status":"publish","type":"product","link":"https:\/\/displayproducts.eu\/es\/p\/round-cord-lanyards-with-dome-logo-slider-epoxy-3d\/","title":{"rendered":"Cintas de cuello redondos con deslizador de logotipo en forma de c\u00fapula (epoxi 3D)"},"content":{"rendered":"<div class=\"mx-12 md:mx-24 lg:mx-48\">\n<div class=\"container my-8 svelte-zlsknf\">\n<div class=\"my-24 rounded-lg border-0 border-gray-700 bg-gray-100 px-16 py-24\">\n<div class=\"mt-11 !text-gray-500\">\n<p data-path-to-node=\"7\">Ofrezca una forma elegante, moderna y de alta gama de mostrar su identificaci\u00f3n con nuestros cintas de cuello redondos con deslizador de logotipo en forma de c\u00fapula. Este dise\u00f1o minimalista es el favorito de empresas tecnol\u00f3gicas, startups y organizadores de conferencias premium que buscan alejarse de los cintas de cuello anchos tradicionales tipo valla publicitaria.<\/p>\n<p data-path-to-node=\"8\"><b>La ventaja del \u201cdomo\u201d<\/b> La caracter\u00edstica m\u00e1s destacada de este producto es el deslizador de marca. A diferencia de la impresi\u00f3n plana est\u00e1ndar, su logotipo se cubre con una capa de resina epoxi transparente (goma epoxi). Esto crea una lupa. <b>efecto 3D<\/b> Esto realza los colores y le da a la marca un acabado de alta calidad, similar al de una joyer\u00eda. La resina tambi\u00e9n protege el logotipo de rayones, decoloraci\u00f3n y da\u00f1os por agua, garantizando que su marca se vea impecable durante mucho tiempo.<\/p>\n<p data-path-to-node=\"9\"><b>Comodidad y durabilidad<\/b> Fabricado con un cord\u00f3n de poli\u00e9ster resistente (de unos 5 mm de grosor), este cord\u00f3n es ligero y c\u00f3modo de llevar en el cuello. Incluye un mosquet\u00f3n met\u00e1lico de alta calidad para sujetar de forma segura credenciales de identificaci\u00f3n, llaves o llaveros. Si bien la carcasa deslizante es negra de serie, podemos fabricarla en colores de marca personalizados para pedidos de mayor volumen, garantizando as\u00ed una perfecta combinaci\u00f3n con su identidad corporativa.<\/p>\n<p data-path-to-node=\"10\"><b>Caracter\u00edsticas principales:<\/b><\/p>\n<ul data-path-to-node=\"11\">\n<li>\n<p data-path-to-node=\"11,0,0\"><b>Control deslizante de c\u00fapula de epoxi:<\/b> El \u00e1rea de marca recubierta de resina crea una apariencia 3D premium resistente a rayones.<\/p>\n<\/li>\n<li>\n<p data-path-to-node=\"11,1,0\"><b>Cord\u00f3n redondo de poli\u00e9ster:<\/b> Alternativa duradera y c\u00f3moda a los cintas de cuello planos.<\/p>\n<\/li>\n<li>\n<p data-path-to-node=\"11,2,0\"><b>Marca vibrante:<\/b> Ideal para logotipos coloridos que necesitan destacarse.<\/p>\n<\/li>\n<li>\n<p data-path-to-node=\"11,3,0\"><b>Mosquet\u00f3n met\u00e1lico:<\/b> El clip resistente garantiza una fijaci\u00f3n segura para insignias y llaves.<\/p>\n<\/li>\n<li>\n<p data-path-to-node=\"11,4,0\"><b>Est\u00e9tica Profesional:<\/b> Dise\u00f1o minimalista adecuado para VIP y personal corporativo.<\/p>\n<\/li>\n<\/ul>\n<\/div>\n<\/div>\n<\/div>\n<\/div>","protected":false},"excerpt":{"rendered":"<ul>\n<li>\n<p data-path-to-node=\"6,0,0\"><b>Marca Premium:<\/b> El disco de logotipo deslizante presenta un revestimiento de resina epoxi transparente (doming) para lograr un efecto 3D.<\/p>\n<\/li>\n<li>\n<p data-path-to-node=\"6,1,0\"><b>Impresi\u00f3n a todo color:<\/b> Permite obtener logotipos vibrantes y detallados que est\u00e1n protegidos contra rayones y decoloraci\u00f3n.<\/p>\n<\/li>\n<li>\n<p data-path-to-node=\"6,2,0\"><b>Dise\u00f1o elegante:<\/b> El cord\u00f3n de poli\u00e9ster redondo de 90 cm ofrece una alternativa moderna y minimalista a las cintas planas.<\/p>\n<\/li>\n<li>\n<p data-path-to-node=\"6,3,0\"><b>Adjunto seguro:<\/b> Viene de serie con un mosquet\u00f3n de metal resistente para tarjetas de identificaci\u00f3n.<\/p>\n<\/li>\n<li><\/li>\n<\/ul>","protected":false},"featured_media":6765,"comment_status":"closed","ping_status":"closed","template":"","meta":[],"product_brand":[],"product_cat":[43,125,104],"product_tag":[],"class_list":{"0":"post-1276","1":"product","2":"type-product","3":"status-publish","4":"has-post-thumbnail","6":"product_cat-lanyards","7":"product_cat-cord-lanyards","8":"product_cat-custom-printed-lanyards","10":"first","11":"instock","12":"shipping-taxable","13":"purchasable","14":"product-type-simple"},"_links":{"self":[{"href":"https:\/\/displayproducts.eu\/es\/wp-json\/wp\/v2\/product\/1276","targetHints":{"allow":["GET"]}}],"collection":[{"href":"https:\/\/displayproducts.eu\/es\/wp-json\/wp\/v2\/product"}],"about":[{"href":"https:\/\/displayproducts.eu\/es\/wp-json\/wp\/v2\/types\/product"}],"replies":[{"embeddable":true,"href":"https:\/\/displayproducts.eu\/es\/wp-json\/wp\/v2\/comments?post=1276"}],"wp:featuredmedia":[{"embeddable":true,"href":"https:\/\/displayproducts.eu\/es\/wp-json\/wp\/v2\/media\/6765"}],"wp:attachment":[{"href":"https:\/\/displayproducts.eu\/es\/wp-json\/wp\/v2\/media?parent=1276"}],"wp:term":[{"taxonomy":"product_brand","embeddable":true,"href":"https:\/\/displayproducts.eu\/es\/wp-json\/wp\/v2\/product_brand?post=1276"},{"taxonomy":"product_cat","embeddable":true,"href":"https:\/\/displayproducts.eu\/es\/wp-json\/wp\/v2\/product_cat?post=1276"},{"taxonomy":"product_tag","embeddable":true,"href":"https:\/\/displayproducts.eu\/es\/wp-json\/wp\/v2\/product_tag?post=1276"}],"curies":[{"name":"wp","href":"https:\/\/api.w.org\/{rel}","templated":true}]}}