{"id":1275,"date":"2024-10-27T11:53:51","date_gmt":"2024-10-27T08:53:51","guid":{"rendered":"https:\/\/wristbandfactory.eu\/toode\/reflective-lanyards\/"},"modified":"2026-04-01T21:52:36","modified_gmt":"2026-04-01T18:52:36","slug":"printed-reflective-lanyards","status":"publish","type":"product","link":"https:\/\/displayproducts.eu\/es\/p\/printed-reflective-lanyards\/","title":{"rendered":"Cintas de cuello reflectantes impresos"},"content":{"rendered":"<div class=\"mx-12 md:mx-24 lg:mx-48\">\n<div class=\"container my-8 svelte-zlsknf\">\n<div class=\"my-24 rounded-lg border-0 border-gray-700 bg-gray-100 px-16 py-24\">\n<div class=\"mt-11 !text-gray-500\">\n<p>Maximiza la seguridad y la visibilidad de tu equipo con nuestra <b>Cintas de cuello reflectantes impresos<\/b>. Este producto es una herramienta crucial para cualquier organizaci\u00f3n que requiera alta visibilidad para su personal, como en eventos nocturnos, en obras de construcci\u00f3n o en log\u00edstica.<\/p>\n<p>Este cord\u00f3n de 90 cm est\u00e1 fabricado con una cinta de poli\u00e9ster resistente, que luego est\u00e1 cubierta con una <b>superposici\u00f3n reflectante gris<\/b>. Esta capa superpuesta proporciona la m\u00e1xima superficie para captar la luz en condiciones de oscuridad, lo que hace que quien la lleva sea altamente visible.<\/p>\n<p>El logotipo de su organizaci\u00f3n se imprime directamente sobre esta superficie reflectante en sus colores Pantone espec\u00edficos. Esto garantiza una imagen de marca clara y profesional, a la vez que se mantiene la funci\u00f3n de seguridad principal del cord\u00f3n. Cada cord\u00f3n incluye un mosquet\u00f3n met\u00e1lico para sujetar de forma segura las credenciales o tarjetas de acceso.<\/p>\n<p><b>Caracter\u00edsticas principales:<\/b><\/p>\n<ul>\n<li><b>Recubrimiento reflectante completo:<\/b> Incorpora una capa reflectante gris para una visibilidad de 360 grados en condiciones de poca luz.<\/li>\n<li><b>Impresi\u00f3n personalizada a una cara:<\/b> Su logotipo se imprime directamente sobre la superficie reflectante con igualaci\u00f3n de color Pantone.<\/li>\n<li><b>Base de poli\u00e9ster duradera:<\/b> Una cinta de poli\u00e9ster de 90 cm proporciona una base fuerte y c\u00f3moda.<\/li>\n<li><b>Mayor seguridad:<\/b> Ideal para el personal, eventos nocturnos o cualquier entorno que requiera alta visibilidad.<\/li>\n<li><b>Mosquet\u00f3n met\u00e1lico est\u00e1ndar:<\/b> Incluye un mosquet\u00f3n met\u00e1lico seguro (otras opciones de clip disponibles).<\/li>\n<\/ul>\n<p>&nbsp;<\/p>\n<\/div>\n<\/div>\n<\/div>\n<\/div>","protected":false},"excerpt":{"rendered":"<ul>\n<li>Incorpora una capa reflectante gris de ancho completo para una m\u00e1xima visibilidad.<\/li>\n<li>Impresi\u00f3n personalizada en una cara con su logotipo Pantone a juego.<\/li>\n<li>Ideal para personal de eventos, construcci\u00f3n o programas de seguridad corporativa.<\/li>\n<li>Correa de poli\u00e9ster resistente de 90 cm con mosquet\u00f3n met\u00e1lico.<\/li>\n<\/ul>","protected":false},"featured_media":6750,"comment_status":"closed","ping_status":"closed","template":"","meta":[],"product_brand":[],"product_cat":[43,109],"product_tag":[],"class_list":{"0":"post-1275","1":"product","2":"type-product","3":"status-publish","4":"has-post-thumbnail","6":"product_cat-lanyards","7":"product_cat-reflective-lanyards","9":"first","10":"instock","11":"shipping-taxable","12":"purchasable","13":"product-type-simple"},"_links":{"self":[{"href":"https:\/\/displayproducts.eu\/es\/wp-json\/wp\/v2\/product\/1275","targetHints":{"allow":["GET"]}}],"collection":[{"href":"https:\/\/displayproducts.eu\/es\/wp-json\/wp\/v2\/product"}],"about":[{"href":"https:\/\/displayproducts.eu\/es\/wp-json\/wp\/v2\/types\/product"}],"replies":[{"embeddable":true,"href":"https:\/\/displayproducts.eu\/es\/wp-json\/wp\/v2\/comments?post=1275"}],"wp:featuredmedia":[{"embeddable":true,"href":"https:\/\/displayproducts.eu\/es\/wp-json\/wp\/v2\/media\/6750"}],"wp:attachment":[{"href":"https:\/\/displayproducts.eu\/es\/wp-json\/wp\/v2\/media?parent=1275"}],"wp:term":[{"taxonomy":"product_brand","embeddable":true,"href":"https:\/\/displayproducts.eu\/es\/wp-json\/wp\/v2\/product_brand?post=1275"},{"taxonomy":"product_cat","embeddable":true,"href":"https:\/\/displayproducts.eu\/es\/wp-json\/wp\/v2\/product_cat?post=1275"},{"taxonomy":"product_tag","embeddable":true,"href":"https:\/\/displayproducts.eu\/es\/wp-json\/wp\/v2\/product_tag?post=1275"}],"curies":[{"name":"wp","href":"https:\/\/api.w.org\/{rel}","templated":true}]}}