{"id":1272,"date":"2024-10-27T11:53:51","date_gmt":"2024-10-27T08:53:51","guid":{"rendered":"https:\/\/wristbandfactory.eu\/toode\/flat-polyester-lanyards-with-metal-bottle-opener\/"},"modified":"2026-04-01T21:52:04","modified_gmt":"2026-04-01T18:52:04","slug":"polyester-lanyards-with-bottle-opener","status":"publish","type":"product","link":"https:\/\/displayproducts.eu\/es\/p\/polyester-lanyards-with-bottle-opener\/","title":{"rendered":"Cintas de cuello de poli\u00e9ster con abrebotellas"},"content":{"rendered":"<div class=\"mx-12 md:mx-24 lg:mx-48\">\n<div class=\"container my-8 svelte-zlsknf\">\n<div class=\"my-24 rounded-lg border-0 border-gray-700 bg-gray-100 px-16 py-24\">\n<div class=\"mt-11 !text-gray-500\">\n<p>Combine la visibilidad de su marca con la practicidad de nuestros cintas de cuello de poli\u00e9ster con abrebotellas integrado. Este cord\u00f3n multifuncional es una excelente herramienta promocional para festivales, eventos de hosteler\u00eda, ferias comerciales y fiestas corporativas, garantizando que su marca est\u00e9 siempre presente.<\/p>\n<p>Confeccionada en poli\u00e9ster resistente de 90 cm, la cinta ofrece una superficie amplia y lisa para su logotipo. Podemos imprimir su dise\u00f1o con una reproducci\u00f3n precisa del color Pantone en una o ambas caras.<\/p>\n<p>Este cord\u00f3n est\u00e1 dise\u00f1ado para ofrecer la m\u00e1xima funcionalidad. Incluye un resistente abridor de botellas de metal y un mosquet\u00f3n met\u00e1lico independiente, lo que permite a los asistentes mostrar su identificaci\u00f3n y tener una herramienta pr\u00e1ctica siempre a mano. Esto lo convierte en un obsequio memorable y eficaz que clientes y asistentes conservar\u00e1n y utilizar\u00e1n.<\/p>\n<p><b>Caracter\u00edsticas principales:<\/b><\/p>\n<ul>\n<li><b>Abridor de botellas integrado:<\/b> Incluye un abridor de botellas met\u00e1lico integrado y duradero, lo que lo convierte en un art\u00edculo promocional de gran utilidad.<\/li>\n<li><b>Accesorios dobles:<\/b> Incluye tanto un abrebotellas como un mosquet\u00f3n met\u00e1lico, lo que permite su uso simult\u00e1neo como portaidentificaci\u00f3n.<\/li>\n<li><b>Correa de poli\u00e9ster personalizada:<\/b> Correa resistente de 90 cm, impresa a medida con su logotipo Pantone.<\/li>\n<li><b>Impresi\u00f3n a 1 o 2 caras:<\/b> Elija entre impresi\u00f3n a una o dos caras para lograr la m\u00e1xima visibilidad de su marca.<\/li>\n<li><b>Regalo ideal para eventos:<\/b> Un art\u00edculo muy pr\u00e1ctico y memorable para festivales, ferias comerciales y eventos corporativos.<\/li>\n<\/ul>\n<\/div>\n<\/div>\n<\/div>\n<\/div>","protected":false},"excerpt":{"rendered":"<ul>\n<li>Incluye un abridor de botellas met\u00e1lico integrado y funcional para una gran utilidad.<\/li>\n<li>Correa de poli\u00e9ster resistente de 90 cm, impresa a medida con su logotipo.<\/li>\n<li>Impresi\u00f3n de logotipo con colores Pantone disponible a una o dos caras.<\/li>\n<li>Incluye un mosquet\u00f3n met\u00e1lico independiente para tarjetas de identificaci\u00f3n o llaves.<\/li>\n<\/ul>","protected":false},"featured_media":6724,"comment_status":"closed","ping_status":"closed","template":"","meta":[],"product_brand":[],"product_cat":[43,108],"product_tag":[],"class_list":{"0":"post-1272","1":"product","2":"type-product","3":"status-publish","4":"has-post-thumbnail","6":"product_cat-lanyards","7":"product_cat-multifunctional-lanyards","9":"first","10":"instock","11":"shipping-taxable","12":"purchasable","13":"product-type-simple"},"_links":{"self":[{"href":"https:\/\/displayproducts.eu\/es\/wp-json\/wp\/v2\/product\/1272","targetHints":{"allow":["GET"]}}],"collection":[{"href":"https:\/\/displayproducts.eu\/es\/wp-json\/wp\/v2\/product"}],"about":[{"href":"https:\/\/displayproducts.eu\/es\/wp-json\/wp\/v2\/types\/product"}],"replies":[{"embeddable":true,"href":"https:\/\/displayproducts.eu\/es\/wp-json\/wp\/v2\/comments?post=1272"}],"wp:featuredmedia":[{"embeddable":true,"href":"https:\/\/displayproducts.eu\/es\/wp-json\/wp\/v2\/media\/6724"}],"wp:attachment":[{"href":"https:\/\/displayproducts.eu\/es\/wp-json\/wp\/v2\/media?parent=1272"}],"wp:term":[{"taxonomy":"product_brand","embeddable":true,"href":"https:\/\/displayproducts.eu\/es\/wp-json\/wp\/v2\/product_brand?post=1272"},{"taxonomy":"product_cat","embeddable":true,"href":"https:\/\/displayproducts.eu\/es\/wp-json\/wp\/v2\/product_cat?post=1272"},{"taxonomy":"product_tag","embeddable":true,"href":"https:\/\/displayproducts.eu\/es\/wp-json\/wp\/v2\/product_tag?post=1272"}],"curies":[{"name":"wp","href":"https:\/\/api.w.org\/{rel}","templated":true}]}}