{"id":1271,"date":"2024-10-27T11:53:52","date_gmt":"2024-10-27T08:53:52","guid":{"rendered":"https:\/\/wristbandfactory.eu\/toode\/fine-polyester-lanyards-with-metallic-foil-stamped-design\/"},"modified":"2026-04-01T21:52:36","modified_gmt":"2026-04-01T18:52:36","slug":"metallic-foil-printed-lanyards-premium-vip-branding","status":"publish","type":"product","link":"https:\/\/displayproducts.eu\/es\/p\/metallic-foil-printed-lanyards-premium-vip-branding\/","title":{"rendered":"Lanyards con estampado met\u00e1lico (Oro\/Plata)"},"content":{"rendered":"<div class=\"mx-12 md:mx-24 lg:mx-48\">\n<div class=\"container my-8 svelte-zlsknf\">\n<div class=\"my-24 rounded-lg border-0 border-gray-700 bg-gray-100 px-16 py-24\">\n<div class=\"mt-11 !text-gray-500\">\n<p data-path-to-node=\"11\">Eleve su identidad de marca y distinga a sus invitados m\u00e1s importantes con nuestro <b>Cintas de cuello con impresi\u00f3n de l\u00e1mina met\u00e1lica<\/b>. Dise\u00f1ados espec\u00edficamente para eventos de alto perfil, ceremonias de premiaci\u00f3n y control de acceso VIP, estos cintas de cuello ofrecen un nivel de sofisticaci\u00f3n que la serigraf\u00eda est\u00e1ndar no puede igualar.<\/p>\n<p data-path-to-node=\"12\">La caracter\u00edstica definitoria de este producto es la <b>proceso de estampado de l\u00e1minas met\u00e1licas<\/b>. En lugar de tinta tradicional, estampamos su logotipo directamente en la cinta mediante una t\u00e9cnica de prensado en caliente con l\u00e1minas met\u00e1licas vibrantes (generalmente doradas o plateadas). Esto crea un acabado n\u00edtido y altamente reflectante que brilla bajo la iluminaci\u00f3n del evento, atrayendo la atenci\u00f3n de inmediato hacia su marca. Es la soluci\u00f3n definitiva para la categorizaci\u00f3n. <b>Invitados VIP, patrocinadores y personal del evento<\/b> que necesitan destacarse del resto.<\/p>\n<p data-path-to-node=\"13\">Elaborado a partir de un <b>poli\u00e9ster fino de alta calidad<\/b>, La correa del cord\u00f3n es excepcionalmente suave y tersa, lo que garantiza comodidad para usarla todo el d\u00eda con atuendo formal. Cada unidad viene de serie con un... <b>mosquet\u00f3n de metal<\/b>, Reforzando su aspecto premium. Para organizadores que buscan una soluci\u00f3n de identificaci\u00f3n de lujo, esta es la opci\u00f3n definitiva.<\/p>\n<p data-path-to-node=\"14\"><b>Caracter\u00edsticas principales:<\/b><\/p>\n<ul data-path-to-node=\"15\">\n<li>\n<p data-path-to-node=\"15,0,0\"><b>M\u00e9todo de impresi\u00f3n:<\/b> El estampado de l\u00e1mina met\u00e1lica de primera calidad crea un acabado de logotipo brillante, reflectante y exclusivo.<\/p>\n<\/li>\n<li>\n<p data-path-to-node=\"15,1,0\"><b>Material:<\/b> El poli\u00e9ster suave de tejido fino ofrece una sensaci\u00f3n t\u00e1ctil superior en comparaci\u00f3n con los cintas de cuello acanalados est\u00e1ndar.<\/p>\n<\/li>\n<li>\n<p data-path-to-node=\"15,2,0\"><b>P\u00fablico objetivo:<\/b> Ideal para VIP, ejecutivos corporativos, patrocinadores de alto nivel y galas nocturnas.<\/p>\n<\/li>\n<li>\n<p data-path-to-node=\"15,3,0\"><b>Impacto visual:<\/b> La impresi\u00f3n reflectante garantiza que el logotipo sea visible y llamativo incluso en lugares con poca luz.<\/p>\n<\/li>\n<\/ul>\n<\/div>\n<\/div>\n<\/div>\n<\/div>","protected":false},"excerpt":{"rendered":"<ul>\n<li>\n<p data-path-to-node=\"9,0,0\"><b>Acabado exclusivo:<\/b> La estampaci\u00f3n en l\u00e1minas met\u00e1licas de alta gama (oro, plata, etc.) crea un sorprendente efecto de logotipo reflectante.<\/p>\n<\/li>\n<li>\n<p data-path-to-node=\"9,1,0\"><b>Apelaci\u00f3n VIP:<\/b> La elecci\u00f3n perfecta para patrocinadores, oradores e invitados VIP que requieren una identificaci\u00f3n distintiva.<\/p>\n<\/li>\n<li>\n<p data-path-to-node=\"9,2,0\"><b>Material de primera calidad:<\/b> Fabricado con poli\u00e9ster suave y de tejido fino que se siente lujoso y c\u00f3modo contra la piel.<\/p>\n<\/li>\n<li>\n<p data-path-to-node=\"9,3,0\"><b>Alta visibilidad:<\/b> La impresi\u00f3n brillante capta la luz, lo que garantiza que su marca se destaque en cualquier condici\u00f3n de iluminaci\u00f3n.<\/p>\n<\/li>\n<li><\/li>\n<\/ul>","protected":false},"featured_media":6716,"comment_status":"closed","ping_status":"closed","template":"","meta":[],"product_brand":[],"product_cat":[43,104],"product_tag":[],"class_list":{"0":"post-1271","1":"product","2":"type-product","3":"status-publish","4":"has-post-thumbnail","6":"product_cat-lanyards","7":"product_cat-custom-printed-lanyards","9":"first","10":"instock","11":"shipping-taxable","12":"purchasable","13":"product-type-simple"},"_links":{"self":[{"href":"https:\/\/displayproducts.eu\/es\/wp-json\/wp\/v2\/product\/1271","targetHints":{"allow":["GET"]}}],"collection":[{"href":"https:\/\/displayproducts.eu\/es\/wp-json\/wp\/v2\/product"}],"about":[{"href":"https:\/\/displayproducts.eu\/es\/wp-json\/wp\/v2\/types\/product"}],"replies":[{"embeddable":true,"href":"https:\/\/displayproducts.eu\/es\/wp-json\/wp\/v2\/comments?post=1271"}],"wp:featuredmedia":[{"embeddable":true,"href":"https:\/\/displayproducts.eu\/es\/wp-json\/wp\/v2\/media\/6716"}],"wp:attachment":[{"href":"https:\/\/displayproducts.eu\/es\/wp-json\/wp\/v2\/media?parent=1271"}],"wp:term":[{"taxonomy":"product_brand","embeddable":true,"href":"https:\/\/displayproducts.eu\/es\/wp-json\/wp\/v2\/product_brand?post=1271"},{"taxonomy":"product_cat","embeddable":true,"href":"https:\/\/displayproducts.eu\/es\/wp-json\/wp\/v2\/product_cat?post=1271"},{"taxonomy":"product_tag","embeddable":true,"href":"https:\/\/displayproducts.eu\/es\/wp-json\/wp\/v2\/product_tag?post=1271"}],"curies":[{"name":"wp","href":"https:\/\/api.w.org\/{rel}","templated":true}]}}