{"id":1268,"date":"2024-10-27T11:53:52","date_gmt":"2024-10-27T08:53:52","guid":{"rendered":"https:\/\/wristbandfactory.eu\/toode\/lanyards-with-reflective-threads\/"},"modified":"2026-04-01T21:52:36","modified_gmt":"2026-04-01T18:52:36","slug":"lanyards-with-reflective-threads","status":"publish","type":"product","link":"https:\/\/displayproducts.eu\/es\/p\/lanyards-with-reflective-threads\/","title":{"rendered":"Cintas de cuello con hilos reflectantes"},"content":{"rendered":"<div class=\"mx-12 md:mx-24 lg:mx-48\">\n<div class=\"container my-8 svelte-zlsknf\">\n<div class=\"my-24 rounded-lg border-0 border-gray-700 bg-gray-100 px-16 py-24\">\n<div class=\"mt-11 !text-gray-500\">\n<p>Aumente la seguridad y la visibilidad de su equipo en eventos nocturnos, lugares de trabajo o funciones corporativas con nuestro <b>Cintas de cuello con hilos reflectantes<\/b>. Este cord\u00f3n est\u00e1 dise\u00f1ado por expertos para combinar una imagen de marca de alto impacto con una caracter\u00edstica de seguridad crucial.<\/p>\n<p>Cada cord\u00f3n de 90 cm est\u00e1 fabricado en poli\u00e9ster resistente. A diferencia de los cintas de cuello totalmente reflectantes, este modelo cuenta con <b>hilos reflectantes tejidos directamente en el material de la cinta<\/b>. Estos hilos captan la luz en condiciones de oscuridad o poca luz, lo que hace que quien lo lleva sea significativamente m\u00e1s visible sin comprometer la comodidad ni el aspecto profesional del cord\u00f3n.<\/p>\n<p>La cinta de poli\u00e9ster ofrece una superficie ideal para la personalizaci\u00f3n. Podemos imprimir su logotipo o mensaje en una o ambas caras con una reproducci\u00f3n precisa del color Pantone. Cada cord\u00f3n incluye de serie un mosquet\u00f3n met\u00e1lico resistente, lo que lo convierte en una soluci\u00f3n pr\u00e1ctica para sujetar credenciales, llaves o tarjetas de acceso.<\/p>\n<p><b>Caracter\u00edsticas principales:<\/b><\/p>\n<ul>\n<li><b>Hilos reflectantes entretejidos:<\/b> Incorpora hilos tejidos directamente en el poli\u00e9ster para una alta visibilidad en condiciones de poca luz.<\/li>\n<li><b>Impresi\u00f3n Pantone personalizada:<\/b> Su logotipo se imprime en una o dos caras con una reproducci\u00f3n precisa del color Pantone.<\/li>\n<li><b>Correa de poli\u00e9ster duradera:<\/b> La correa de 90 cm es c\u00f3moda y est\u00e1 dise\u00f1ada para el uso diario en entornos corporativos o eventos.<\/li>\n<li><b>Mayor seguridad:<\/b> Ideal para el personal, eventos nocturnos o cualquier entorno donde la alta visibilidad sea una prioridad.<\/li>\n<li><b>Mosquet\u00f3n met\u00e1lico est\u00e1ndar:<\/b> Incluye un mosquet\u00f3n met\u00e1lico seguro, con otras opciones de clip disponibles.<\/li>\n<\/ul>\n<\/div>\n<\/div>\n<\/div>\n<\/div>","protected":false},"excerpt":{"rendered":"<ul>\n<li>Incorpora hilos reflectantes de alta visibilidad tejidos directamente en la correa de poli\u00e9ster.<\/li>\n<li>Ideal para mejorar la seguridad del personal y los asistentes en eventos nocturnos.<\/li>\n<li>Personaliza la impresi\u00f3n de tu logotipo con colores Pantone en una o dos caras.<\/li>\n<li>Correa resistente de 90 cm con mosquet\u00f3n met\u00e1lico est\u00e1ndar.<\/li>\n<\/ul>","protected":false},"featured_media":6719,"comment_status":"closed","ping_status":"closed","template":"","meta":[],"product_brand":[],"product_cat":[43,109],"product_tag":[],"class_list":{"0":"post-1268","1":"product","2":"type-product","3":"status-publish","4":"has-post-thumbnail","6":"product_cat-lanyards","7":"product_cat-reflective-lanyards","9":"first","10":"instock","11":"shipping-taxable","12":"purchasable","13":"product-type-simple"},"_links":{"self":[{"href":"https:\/\/displayproducts.eu\/es\/wp-json\/wp\/v2\/product\/1268","targetHints":{"allow":["GET"]}}],"collection":[{"href":"https:\/\/displayproducts.eu\/es\/wp-json\/wp\/v2\/product"}],"about":[{"href":"https:\/\/displayproducts.eu\/es\/wp-json\/wp\/v2\/types\/product"}],"replies":[{"embeddable":true,"href":"https:\/\/displayproducts.eu\/es\/wp-json\/wp\/v2\/comments?post=1268"}],"wp:featuredmedia":[{"embeddable":true,"href":"https:\/\/displayproducts.eu\/es\/wp-json\/wp\/v2\/media\/6719"}],"wp:attachment":[{"href":"https:\/\/displayproducts.eu\/es\/wp-json\/wp\/v2\/media?parent=1268"}],"wp:term":[{"taxonomy":"product_brand","embeddable":true,"href":"https:\/\/displayproducts.eu\/es\/wp-json\/wp\/v2\/product_brand?post=1268"},{"taxonomy":"product_cat","embeddable":true,"href":"https:\/\/displayproducts.eu\/es\/wp-json\/wp\/v2\/product_cat?post=1268"},{"taxonomy":"product_tag","embeddable":true,"href":"https:\/\/displayproducts.eu\/es\/wp-json\/wp\/v2\/product_tag?post=1268"}],"curies":[{"name":"wp","href":"https:\/\/api.w.org\/{rel}","templated":true}]}}