{"id":1267,"date":"2024-10-27T11:53:52","date_gmt":"2024-10-27T08:53:52","guid":{"rendered":"https:\/\/wristbandfactory.eu\/toode\/bamboo-lanyards\/"},"modified":"2026-04-01T21:52:36","modified_gmt":"2026-04-01T18:52:36","slug":"printed-bamboo-lanyards","status":"publish","type":"product","link":"https:\/\/displayproducts.eu\/es\/p\/printed-bamboo-lanyards\/","title":{"rendered":"Lanyards de bamb\u00fa personalizados"},"content":{"rendered":"<div class=\"mx-12 md:mx-24 lg:mx-48\">\n<div class=\"container my-8 svelte-zlsknf\">\n<div class=\"my-24 rounded-lg border-0 border-gray-700 bg-gray-100 px-16 py-24\">\n<div class=\"mt-11 !text-gray-500\">\n<p data-path-to-node=\"11\">Haga una elecci\u00f3n sostenible definitiva para su pr\u00f3ximo evento o reuni\u00f3n corporativa con nuestra <b>Cintas de cuello de bamb\u00fa impresos<\/b>. A medida que las organizaciones optan cada vez m\u00e1s por soluciones sin pl\u00e1stico, el bamb\u00fa destaca no solo por sus credenciales ambientales, sino tambi\u00e9n por su calidad y tacto superiores.<\/p>\n<p data-path-to-node=\"12\">Fabricados con fibras de bamb\u00fa naturales y biodegradables, estos cintas de cuello ofrecen una experiencia t\u00e1ctil \u00fanica. A diferencia de algunos materiales reciclados que pueden resultar \u00e1speros, el bamb\u00fa es naturalmente suave, transpirable y antibacteriano, lo que lo convierte en la opci\u00f3n m\u00e1s c\u00f3moda para el personal y los asistentes que usan sus credenciales de identificaci\u00f3n todo el d\u00eda. Ofrece un distintivo aspecto ecol\u00f3gico premium que realza la imagen de su marca.<\/p>\n<p data-path-to-node=\"13\">Ofrecemos <b>serigraf\u00eda personalizada<\/b> sobre la superficie de bamb\u00fa, lo que permite una reproducci\u00f3n n\u00edtida y clara del logotipo con precisi\u00f3n. <b>Colores de la marca Pantone<\/b>. Ya sea que necesite visibilidad de marca por una o ambas caras, el resultado es un acabado profesional sobre una base natural. Con aproximadamente 90 cm de largo, cumplen con el est\u00e1ndar de la industria para uso profesional.<\/p>\n<p data-path-to-node=\"14\">Personalice su pedido para cumplir con los requisitos de seguridad y funcionalidad: mientras que un robusto <b>mosquet\u00f3n de metal<\/b> es est\u00e1ndar, podemos equipar estos cintas de cuello con <b>clips de seguridad de ruptura<\/b> (imprescindible para escuelas y hospitales) u otros accesorios especializados a pedido.<\/p>\n<p data-path-to-node=\"15\"><b>Caracter\u00edsticas principales:<\/b><\/p>\n<ul data-path-to-node=\"16\">\n<li>\n<p data-path-to-node=\"16,0,0\"><b>Material:<\/b> 100% Fibra de bamb\u00fa sostenible (biodegradable).<\/p>\n<\/li>\n<li>\n<p data-path-to-node=\"16,1,0\"><b>Sensaci\u00f3n t\u00e1ctil:<\/b> Excepcionalmente suave, liso e hipoalerg\u00e9nico.<\/p>\n<\/li>\n<li>\n<p data-path-to-node=\"16,2,0\"><b>Impresi\u00f3n:<\/b> Serigraf\u00eda con combinaci\u00f3n de colores Pantone.<\/p>\n<\/li>\n<li>\n<p data-path-to-node=\"16,3,0\"><b>Credencial ecol\u00f3gica:<\/b> derivado de una fuente r\u00e1pidamente renovable y libre de pesticidas.<\/p>\n<\/li>\n<li>\n<p data-path-to-node=\"16,4,0\"><b>Hardware:<\/b> Mosquet\u00f3n de metal resistente incluido; mecanismo de seguridad opcional.<\/p>\n<\/li>\n<li>\n<p data-path-to-node=\"16,5,0\"><b>Durabilidad:<\/b> Las fibras naturales fuertes resisten el desgaste durante eventos de varios d\u00edas.<\/p>\n<\/li>\n<\/ul>\n<\/div>\n<\/div>\n<\/div>\n<\/div>","protected":false},"excerpt":{"rendered":"<ul>\n<li>\n<p data-path-to-node=\"9,0,0\"><b>R\u00e1pidamente renovable:<\/b> Hecho de fibras de bamb\u00fa sostenibles, una de las plantas de m\u00e1s r\u00e1pido crecimiento en la Tierra, que ofrece una baja huella de carbono.<\/p>\n<\/li>\n<li>\n<p data-path-to-node=\"9,1,0\"><b>Suavidad Premium:<\/b> La tela de bamb\u00fa es naturalmente hipoalerg\u00e9nica y m\u00e1s suave que el algod\u00f3n o el poli\u00e9ster, lo que garantiza la m\u00e1xima comodidad.<\/p>\n<\/li>\n<li>\n<p data-path-to-node=\"9,2,0\"><b>Marca personalizada:<\/b> Su logotipo se serigrafiar\u00e1 con colores Pantone exactos en una o dos caras.<\/p>\n<\/li>\n<li>\n<p data-path-to-node=\"9,3,0\"><b>Hardware vers\u00e1til:<\/b> Viene de serie con un mosquet\u00f3n de metal; clips de seguridad opcionales disponibles para cumplimiento.<\/p>\n<\/li>\n<\/ul>","protected":false},"featured_media":6725,"comment_status":"closed","ping_status":"closed","template":"","meta":[],"product_brand":[],"product_cat":[104,106,107],"product_tag":[],"class_list":{"0":"post-1267","1":"product","2":"type-product","3":"status-publish","4":"has-post-thumbnail","6":"product_cat-custom-printed-lanyards","7":"product_cat-breakaway-lanyards","8":"product_cat-eco-friendly-lanyards","10":"first","11":"instock","12":"shipping-taxable","13":"purchasable","14":"product-type-simple"},"_links":{"self":[{"href":"https:\/\/displayproducts.eu\/es\/wp-json\/wp\/v2\/product\/1267","targetHints":{"allow":["GET"]}}],"collection":[{"href":"https:\/\/displayproducts.eu\/es\/wp-json\/wp\/v2\/product"}],"about":[{"href":"https:\/\/displayproducts.eu\/es\/wp-json\/wp\/v2\/types\/product"}],"replies":[{"embeddable":true,"href":"https:\/\/displayproducts.eu\/es\/wp-json\/wp\/v2\/comments?post=1267"}],"wp:featuredmedia":[{"embeddable":true,"href":"https:\/\/displayproducts.eu\/es\/wp-json\/wp\/v2\/media\/6725"}],"wp:attachment":[{"href":"https:\/\/displayproducts.eu\/es\/wp-json\/wp\/v2\/media?parent=1267"}],"wp:term":[{"taxonomy":"product_brand","embeddable":true,"href":"https:\/\/displayproducts.eu\/es\/wp-json\/wp\/v2\/product_brand?post=1267"},{"taxonomy":"product_cat","embeddable":true,"href":"https:\/\/displayproducts.eu\/es\/wp-json\/wp\/v2\/product_cat?post=1267"},{"taxonomy":"product_tag","embeddable":true,"href":"https:\/\/displayproducts.eu\/es\/wp-json\/wp\/v2\/product_tag?post=1267"}],"curies":[{"name":"wp","href":"https:\/\/api.w.org\/{rel}","templated":true}]}}