{"id":1264,"date":"2024-10-27T11:53:52","date_gmt":"2024-10-27T08:53:52","guid":{"rendered":"https:\/\/wristbandfactory.eu\/toode\/satin-lanyards-with-1-sided-sublimated-logo-design\/"},"modified":"2026-04-01T21:52:36","modified_gmt":"2026-04-01T18:52:36","slug":"sublimation-satin-lanyards","status":"publish","type":"product","link":"https:\/\/displayproducts.eu\/es\/p\/sublimation-satin-lanyards\/","title":{"rendered":"Lanyards de sat\u00e9n con sublimaci\u00f3n a todo color"},"content":{"rendered":"<p data-path-to-node=\"11\">Muestre su marca con colores ilimitados y detalles fotorrealistas con nuestro <b>Cintas de cuello de sat\u00e9n sublimados<\/b>. Este producto une el lujo y la tecnolog\u00eda, ofreciendo la opci\u00f3n perfecta para organizaciones con logotipos complejos, degradados vibrantes o im\u00e1genes detalladas que exigen una presentaci\u00f3n premium.<\/p>\n<p data-path-to-node=\"12\">Elaborado a partir de un fino <b>cinta de raso blanca<\/b> (aprox. 90 cm de largo), estos cintas de cuello ofrecen una lona suave y brillante con un tacto excepcional. A diferencia del poli\u00e9ster acanalado est\u00e1ndar, la superficie satinada refleja la luz, d\u00e1ndole a su marca un brillo sofisticado. Utilizando tecnolog\u00eda avanzada <b>impresi\u00f3n por sublimaci\u00f3n de tinta<\/b>, Su obra de arte se ti\u00f1e directamente sobre la tela por un lado. Este proceso garantiza un acabado brillante y resistente a la decoloraci\u00f3n, que no se agrieta ni se descascara, lo que la convierte en una soluci\u00f3n robusta para eventos corporativos de varios d\u00edas, pases VIP y ferias comerciales.<\/p>\n<p data-path-to-node=\"13\"><i>Nota de producci\u00f3n:<\/i> Estos cintas de cuello se imprimen mediante sublimaci\u00f3n a una sola cara. Debido a la naturaleza del proceso y del material, el dise\u00f1o ser\u00e1 ligeramente visible en el reverso.<\/p>\n<p data-path-to-node=\"14\">Cada cord\u00f3n viene de serie con un cord\u00f3n duradero. <b>mosquet\u00f3n de metal<\/b>, lo que aumenta la sensaci\u00f3n de alta calidad. Disponemos de otras opciones de clip para adaptarse a sus necesidades espec\u00edficas de identificaci\u00f3n o tarjeta de acceso.<\/p>\n<p data-path-to-node=\"15\"><b>Caracter\u00edsticas principales:<\/b><\/p>\n<ul data-path-to-node=\"16\">\n<li>\n<p data-path-to-node=\"16,0,0\"><b>Sublimaci\u00f3n a todo color:<\/b> Ofrece detalles fotorrealistas para logotipos, degradados e im\u00e1genes complejos.<\/p>\n<\/li>\n<li>\n<p data-path-to-node=\"16,1,0\"><b>Material de sat\u00e9n de primera calidad:<\/b> Una superficie lisa y brillante para una apariencia y sensaci\u00f3n de lujo.<\/p>\n<\/li>\n<li>\n<p data-path-to-node=\"16,2,0\"><b>Resistente a la decoloraci\u00f3n:<\/b> La tecnolog\u00eda de infusi\u00f3n de tinte garantiza que la impresi\u00f3n permanezca vibrante sin agrietarse.<\/p>\n<\/li>\n<li>\n<p data-path-to-node=\"16,3,0\"><b>Comodidad:<\/b> La textura satinada suave es ideal para usar durante todo el d\u00eda sin irritaci\u00f3n.<\/p>\n<\/li>\n<li>\n<p data-path-to-node=\"16,4,0\"><b>Hardware:<\/b> Incluye un mosquet\u00f3n de metal duradero; accesorios personalizados disponibles a pedido.<\/p>\n<\/li>\n<li>\n<p data-path-to-node=\"16,5,0\"><b>Producci\u00f3n:<\/b> Producci\u00f3n r\u00e1pida en la UE disponible para pedidos al por mayor (MOQ 100)<\/p>\n<\/li>\n<\/ul>","protected":false},"excerpt":{"rendered":"<ul>\n<li>\n<p data-path-to-node=\"9,0,0\"><b>Textura Premium:<\/b> La cinta de sat\u00e9n suave y brillante ofrece una sensaci\u00f3n lujosa superior al poli\u00e9ster est\u00e1ndar.<\/p>\n<\/li>\n<li>\n<p data-path-to-node=\"9,1,0\"><b>Impresi\u00f3n fotorrealista:<\/b> La sublimaci\u00f3n de tinta avanzada permite colores ilimitados, degradados y reproducci\u00f3n de im\u00e1genes complejas.<\/p>\n<\/li>\n<li>\n<p data-path-to-node=\"9,2,0\"><b>Acabado duradero:<\/b> La tinta se ti\u00f1e directamente en las fibras de la tela, lo que garantiza que el dise\u00f1o no se agriete, pele ni desvanezca.<\/p>\n<\/li>\n<li>\n<p data-path-to-node=\"9,3,0\"><b>VIP listo:<\/b> La combinaci\u00f3n perfecta de comodidad y atractivo visual para eventos corporativos de alto nivel y pases exclusivos.<\/p>\n<\/li>\n<\/ul>","protected":false},"featured_media":6797,"comment_status":"closed","ping_status":"closed","template":"","meta":[],"product_brand":[],"product_cat":[104,106],"product_tag":[],"class_list":{"0":"post-1264","1":"product","2":"type-product","3":"status-publish","4":"has-post-thumbnail","6":"product_cat-custom-printed-lanyards","7":"product_cat-breakaway-lanyards","9":"first","10":"instock","11":"shipping-taxable","12":"purchasable","13":"product-type-simple"},"_links":{"self":[{"href":"https:\/\/displayproducts.eu\/es\/wp-json\/wp\/v2\/product\/1264","targetHints":{"allow":["GET"]}}],"collection":[{"href":"https:\/\/displayproducts.eu\/es\/wp-json\/wp\/v2\/product"}],"about":[{"href":"https:\/\/displayproducts.eu\/es\/wp-json\/wp\/v2\/types\/product"}],"replies":[{"embeddable":true,"href":"https:\/\/displayproducts.eu\/es\/wp-json\/wp\/v2\/comments?post=1264"}],"wp:featuredmedia":[{"embeddable":true,"href":"https:\/\/displayproducts.eu\/es\/wp-json\/wp\/v2\/media\/6797"}],"wp:attachment":[{"href":"https:\/\/displayproducts.eu\/es\/wp-json\/wp\/v2\/media?parent=1264"}],"wp:term":[{"taxonomy":"product_brand","embeddable":true,"href":"https:\/\/displayproducts.eu\/es\/wp-json\/wp\/v2\/product_brand?post=1264"},{"taxonomy":"product_cat","embeddable":true,"href":"https:\/\/displayproducts.eu\/es\/wp-json\/wp\/v2\/product_cat?post=1264"},{"taxonomy":"product_tag","embeddable":true,"href":"https:\/\/displayproducts.eu\/es\/wp-json\/wp\/v2\/product_tag?post=1264"}],"curies":[{"name":"wp","href":"https:\/\/api.w.org\/{rel}","templated":true}]}}