{"id":1263,"date":"2024-10-27T11:53:52","date_gmt":"2024-10-27T08:53:52","guid":{"rendered":"https:\/\/wristbandfactory.eu\/toode\/3d-printed-lanyards\/"},"modified":"2026-04-01T21:52:36","modified_gmt":"2026-04-01T18:52:36","slug":"3d-printed-lanyards-raised-silicone-logo","status":"publish","type":"product","link":"https:\/\/displayproducts.eu\/es\/p\/3d-printed-lanyards-raised-silicone-logo\/","title":{"rendered":"Lanyards con impresi\u00f3n 3D en relieve (silicona)"},"content":{"rendered":"<div class=\"mx-12 md:mx-24 lg:mx-48\">\n<div class=\"container my-8 svelte-zlsknf\">\n<div class=\"my-24 rounded-lg border-0 border-gray-700 bg-gray-100 px-16 py-24\">\n<div class=\"mt-11 !text-gray-500\">\n<p data-path-to-node=\"11\">Eleve su marca corporativa con nuestro <b>Cintas de cuello impresos en 3D<\/b>, Una soluci\u00f3n de identificaci\u00f3n premium dise\u00f1ada para causar una impresi\u00f3n duradera. M\u00e1s all\u00e1 de las t\u00e9cnicas de impresi\u00f3n plana est\u00e1ndar, este innovador cord\u00f3n aplica su logotipo como... <b>capa de silicona elevada de alta densidad<\/b>. Esto crea un acabado distintivo y t\u00e1ctil que agrega profundidad y una sensaci\u00f3n de exclusividad a su marca, lo que lo convierte en la opci\u00f3n ideal para eventos VIP, conferencias tecnol\u00f3gicas y uso corporativo de alto nivel.<\/p>\n<p data-path-to-node=\"12\">El cord\u00f3n de 90 cm est\u00e1 fabricado con poli\u00e9ster resistente y de alta calidad, lo que garantiza su durabilidad para el uso diario del personal. Imprimimos su dise\u00f1o personalizado en una cara de la cinta, lo que ofrece una precisi\u00f3n <b>Coincidencia de colores Pantone<\/b> O a todo color para garantizar que su logotipo destaque con un efecto arquitect\u00f3nico moderno. A diferencia de las impresiones tradicionales, que se desgastan, la textura de silicona en relieve es resistente y conserva su aspecto premium con el paso del tiempo.<\/p>\n<p data-path-to-node=\"13\">Cada unidad se suministra con un robusto <b>mosquet\u00f3n de metal<\/b> De serie, refuerza la sensaci\u00f3n de alta calidad del producto. Ya sea para sujetar tarjetas de acceso seguras o juegos de llaves resistentes, este cord\u00f3n combina resistencia funcional con un atractivo visual y t\u00e1ctil \u00fanico que har\u00e1 que su marca destaque.<\/p>\n<p data-path-to-node=\"14\"><b>Caracter\u00edsticas principales:<\/b><\/p>\n<ul data-path-to-node=\"15\">\n<li>\n<p data-path-to-node=\"15,0,0\"><b>Tecnolog\u00eda 3D elevada:<\/b> Los logotipos est\u00e1n impresos en silicona de alta densidad para lograr un efecto t\u00e1ctil en relieve.<\/p>\n<\/li>\n<li>\n<p data-path-to-node=\"15,1,0\"><b>Im\u00e1genes premium:<\/b> Agrega profundidad y una sensaci\u00f3n de lujo, perfecto para distinguir a los VIP o al personal.<\/p>\n<\/li>\n<li>\n<p data-path-to-node=\"15,2,0\"><b>Personalizaci\u00f3n:<\/b> Coincidencia total de Pantone disponible para la capa de impresi\u00f3n en relieve.<\/p>\n<\/li>\n<li>\n<p data-path-to-node=\"15,3,0\"><b>Durabilidad:<\/b> La correa de poli\u00e9ster y la impresi\u00f3n de silicona est\u00e1n dise\u00f1adas para un uso diario a largo plazo.<\/p>\n<\/li>\n<li>\n<p data-path-to-node=\"15,4,0\"><b>Hardware:<\/b> Incluye un mosquet\u00f3n de metal de alta resistencia; otros accesorios disponibles a pedido.<\/p>\n<\/li>\n<\/ul>\n<\/div>\n<\/div>\n<\/div>\n<\/div>","protected":false},"excerpt":{"rendered":"<ul>\n<li>\n<p data-path-to-node=\"9,0,0\"><b>Marca t\u00e1ctil:<\/b> La innovadora impresi\u00f3n de alta densidad crea un efecto de logotipo 3D en relieve que puedes sentir.<\/p>\n<\/li>\n<li>\n<p data-path-to-node=\"9,1,0\"><b>Est\u00e9tica Premium:<\/b> Ofrece un aspecto sofisticado y moderno, superior a la serigraf\u00eda plana est\u00e1ndar.<\/p>\n<\/li>\n<li>\n<p data-path-to-node=\"9,2,0\"><b>Acabado duradero:<\/b> La impresi\u00f3n 3D a base de silicona es altamente resistente al desgaste, al lavado y a la decoloraci\u00f3n.<\/p>\n<\/li>\n<li>\n<p data-path-to-node=\"9,3,0\"><b>Identidad corporativa:<\/b> Disponible con colores Pantone en una correa de poli\u00e9ster duradera de 90 cm.<\/p>\n<\/li>\n<li><\/li>\n<\/ul>","protected":false},"featured_media":6826,"comment_status":"closed","ping_status":"closed","template":"","meta":[],"product_brand":[],"product_cat":[104],"product_tag":[],"class_list":{"0":"post-1263","1":"product","2":"type-product","3":"status-publish","4":"has-post-thumbnail","6":"product_cat-custom-printed-lanyards","8":"first","9":"instock","10":"shipping-taxable","11":"purchasable","12":"product-type-simple"},"_links":{"self":[{"href":"https:\/\/displayproducts.eu\/es\/wp-json\/wp\/v2\/product\/1263","targetHints":{"allow":["GET"]}}],"collection":[{"href":"https:\/\/displayproducts.eu\/es\/wp-json\/wp\/v2\/product"}],"about":[{"href":"https:\/\/displayproducts.eu\/es\/wp-json\/wp\/v2\/types\/product"}],"replies":[{"embeddable":true,"href":"https:\/\/displayproducts.eu\/es\/wp-json\/wp\/v2\/comments?post=1263"}],"wp:featuredmedia":[{"embeddable":true,"href":"https:\/\/displayproducts.eu\/es\/wp-json\/wp\/v2\/media\/6826"}],"wp:attachment":[{"href":"https:\/\/displayproducts.eu\/es\/wp-json\/wp\/v2\/media?parent=1263"}],"wp:term":[{"taxonomy":"product_brand","embeddable":true,"href":"https:\/\/displayproducts.eu\/es\/wp-json\/wp\/v2\/product_brand?post=1263"},{"taxonomy":"product_cat","embeddable":true,"href":"https:\/\/displayproducts.eu\/es\/wp-json\/wp\/v2\/product_cat?post=1263"},{"taxonomy":"product_tag","embeddable":true,"href":"https:\/\/displayproducts.eu\/es\/wp-json\/wp\/v2\/product_tag?post=1263"}],"curies":[{"name":"wp","href":"https:\/\/api.w.org\/{rel}","templated":true}]}}