{"id":1259,"date":"2024-10-27T11:54:13","date_gmt":"2024-10-27T08:54:13","guid":{"rendered":"https:\/\/wristbandfactory.eu\/toode\/recycled-pet-sublimation-lanyards\/"},"modified":"2026-04-01T21:52:36","modified_gmt":"2026-04-01T18:52:36","slug":"eco-friendly-rpet-lanyards-full-color-sublimation","status":"publish","type":"product","link":"https:\/\/displayproducts.eu\/es\/p\/eco-friendly-rpet-lanyards-full-color-sublimation\/","title":{"rendered":"Lanyards ecol\u00f3gicos de rPET con sublimaci\u00f3n a todo color"},"content":{"rendered":"<div class=\"mx-12 md:mx-24 lg:mx-48\">\n<div class=\"container my-8 svelte-zlsknf\">\n<div class=\"my-24 rounded-lg border-0 border-gray-700 bg-gray-100 px-16 py-24\">\n<div class=\"mt-11 !text-gray-500\">\n<p data-path-to-node=\"11\">Demuestre el compromiso de su marca con la sostenibilidad sin sacrificar una identidad visual de alto impacto. Nuestra <b>Cintas de cuello de sublimaci\u00f3n rPET ecol\u00f3gicos<\/b> Son la mejor opci\u00f3n para organizaciones con conciencia ambiental, conferencias ecol\u00f3gicas y festivales que buscan reducir su huella de carbono.<\/p>\n<p data-path-to-node=\"12\"><span data-path-to-node=\"12,1\"><span class=\"citation-171\">Fabricados con PET reciclado 100% (rPET), estos cintas de cuello reutilizan los desechos pl\u00e1sticos posconsumo en una cinta textil duradera y de alta calidad.<\/span><\/span><span data-path-to-node=\"12,3\">. A pesar de ser reciclado, el material presenta un tejido excepcionalmente fino que proporciona una superficie suave y de primera calidad. Esta superficie est\u00e1 dise\u00f1ada espec\u00edficamente para <b>impresi\u00f3n por sublimaci\u00f3n de tinta<\/b>, lo que permite crear dise\u00f1os fotorrealistas impactantes en una o ambas caras. A diferencia de la serigraf\u00eda, la sublimaci\u00f3n ti\u00f1e las fibras de la tela directamente, lo que garantiza que logotipos complejos, im\u00e1genes detalladas y degradados vibrantes no se agrieten, desti\u00f1an ni descascarillen con el tiempo.<\/span><\/p>\n<p data-path-to-node=\"13\"><span data-path-to-node=\"13,1\"><span class=\"citation-170\">Cada cord\u00f3n se suministra con un cord\u00f3n duradero. <\/span><b><span class=\"citation-170\">mosquet\u00f3n de metal<\/span><\/b><span class=\"citation-170\"> Como est\u00e1ndar, proporciona una fijaci\u00f3n segura para tarjetas de identificaci\u00f3n y pases.<\/span><\/span><span data-path-to-node=\"13,3\">. <\/span><span data-path-to-node=\"13,5\"><span class=\"citation-169\">Para entornos corporativos o eventos a gran escala donde el cumplimiento de la salud y la seguridad es una prioridad, recomendamos encarecidamente agregar la opci\u00f3n <\/span><b><span class=\"citation-169\">clip de seguridad de ruptura<\/span><\/b><\/span><span data-path-to-node=\"13,7\">, que libera el cord\u00f3n si se tira con fuerza.<\/span><\/p>\n<p data-path-to-node=\"14\"><b>Caracter\u00edsticas principales:<\/b><\/p>\n<ul data-path-to-node=\"15\">\n<li>\n<p data-path-to-node=\"15,0,0\"><b>Material ecol\u00f3gico:<\/b> Fabricado a partir de PET reciclado 100% (rPET) derivado de pl\u00e1sticos posconsumo.<\/p>\n<\/li>\n<li>\n<p data-path-to-node=\"15,1,0\"><b>Sublimaci\u00f3n a todo color:<\/b> Permite gr\u00e1ficos vibrantes, resistentes a la decoloraci\u00f3n y fotorrealistas en 1 o 2 lados.<\/p>\n<\/li>\n<li>\n<p data-path-to-node=\"15,2,0\"><b>Ajuste c\u00f3modo:<\/b> Correa de 90 cm de largo con acabado suave para un uso c\u00f3modo durante todo el d\u00eda.<\/p>\n<\/li>\n<li>\n<p data-path-to-node=\"15,3,0\"><b>Opciones de seguridad:<\/b> Clip de seguridad opcional disponible para una mayor seguridad del usuario en entornos activos.<\/p>\n<\/li>\n<li>\n<p data-path-to-node=\"15,4,0\"><b>Hardware vers\u00e1til:<\/b> Viene con un mosquet\u00f3n de metal robusto; otros estilos de clip est\u00e1n disponibles a pedido.<\/p>\n<\/li>\n<\/ul>\n<\/div>\n<\/div>\n<\/div>\n<\/div>","protected":false},"excerpt":{"rendered":"<ul>\n<li>\n<p data-path-to-node=\"9,0,0\"><b>Sostenibilidad certificada:<\/b> Fabricado a partir de botellas de pl\u00e1stico recicladas 100% (rPET), reduciendo el impacto ambiental.<\/p>\n<\/li>\n<li>\n<p data-path-to-node=\"9,1,0\"><b>Marca de alta definici\u00f3n:<\/b> La superficie lisa permite la impresi\u00f3n por sublimaci\u00f3n a todo color de borde a borde.<\/p>\n<\/li>\n<li>\n<p data-path-to-node=\"9,2,0\"><b>Dise\u00f1os complejos:<\/b> Perfecto para logotipos intrincados, degradados e im\u00e1genes fotogr\u00e1ficas.<\/p>\n<\/li>\n<li>\n<p data-path-to-node=\"9,3,0\"><b>Seguridad y utilidad:<\/b> Incluye un mosquet\u00f3n de metal est\u00e1ndar; dispositivo de seguridad opcional disponible para mayor cumplimiento.<\/p>\n<\/li>\n<li><\/li>\n<\/ul>","protected":false},"featured_media":6833,"comment_status":"closed","ping_status":"closed","template":"","meta":[],"product_brand":[],"product_cat":[43,104,106],"product_tag":[],"class_list":{"0":"post-1259","1":"product","2":"type-product","3":"status-publish","4":"has-post-thumbnail","6":"product_cat-lanyards","7":"product_cat-custom-printed-lanyards","8":"product_cat-breakaway-lanyards","10":"first","11":"instock","12":"shipping-taxable","13":"purchasable","14":"product-type-simple"},"_links":{"self":[{"href":"https:\/\/displayproducts.eu\/es\/wp-json\/wp\/v2\/product\/1259","targetHints":{"allow":["GET"]}}],"collection":[{"href":"https:\/\/displayproducts.eu\/es\/wp-json\/wp\/v2\/product"}],"about":[{"href":"https:\/\/displayproducts.eu\/es\/wp-json\/wp\/v2\/types\/product"}],"replies":[{"embeddable":true,"href":"https:\/\/displayproducts.eu\/es\/wp-json\/wp\/v2\/comments?post=1259"}],"wp:featuredmedia":[{"embeddable":true,"href":"https:\/\/displayproducts.eu\/es\/wp-json\/wp\/v2\/media\/6833"}],"wp:attachment":[{"href":"https:\/\/displayproducts.eu\/es\/wp-json\/wp\/v2\/media?parent=1259"}],"wp:term":[{"taxonomy":"product_brand","embeddable":true,"href":"https:\/\/displayproducts.eu\/es\/wp-json\/wp\/v2\/product_brand?post=1259"},{"taxonomy":"product_cat","embeddable":true,"href":"https:\/\/displayproducts.eu\/es\/wp-json\/wp\/v2\/product_cat?post=1259"},{"taxonomy":"product_tag","embeddable":true,"href":"https:\/\/displayproducts.eu\/es\/wp-json\/wp\/v2\/product_tag?post=1259"}],"curies":[{"name":"wp","href":"https:\/\/api.w.org\/{rel}","templated":true}]}}