{"id":1256,"date":"2024-10-27T11:54:13","date_gmt":"2024-10-27T08:54:13","guid":{"rendered":"https:\/\/wristbandfactory.eu\/toode\/cork-lanyards\/"},"modified":"2026-04-01T21:52:36","modified_gmt":"2026-04-01T18:52:36","slug":"printed-cork-lanyards","status":"publish","type":"product","link":"https:\/\/displayproducts.eu\/es\/p\/printed-cork-lanyards\/","title":{"rendered":"Lanyards de corcho personalizados (Natural)"},"content":{"rendered":"<div class=\"mx-12 md:mx-24 lg:mx-48\">\n<div class=\"container my-8 svelte-zlsknf\">\n<div class=\"my-24 rounded-lg border-0 border-gray-700 bg-gray-100 px-16 py-24\">\n<div class=\"mt-11 !text-gray-500\">\n<p data-path-to-node=\"11\">Haga una declaraci\u00f3n de estilo y responsabilidad en su pr\u00f3xima conferencia o feria comercial con nuestra <b>Cintas de cuello de corcho impresos<\/b>. Este cord\u00f3n es la soluci\u00f3n ideal para organizaciones con conciencia ecol\u00f3gica que buscan combinar materiales sostenibles con una marca profesional, ofreciendo una alternativa sofisticada a las fibras sint\u00e9ticas.<\/p>\n<p data-path-to-node=\"12\">Elaborado a partir de <b>corcho natural genuino<\/b>, Este cord\u00f3n de 90 cm ofrece una sensaci\u00f3n \u00fanica y de alta calidad, reconocible al instante. El material se extrae de la corteza del alcornoque sin da\u00f1arlo, lo que lo convierte en un recurso verdaderamente renovable. Adem\u00e1s de sus credenciales ecol\u00f3gicas, el corcho es naturalmente duradero, resistente al agua e hipoalerg\u00e9nico, lo que garantiza comodidad para el uso diario.<\/p>\n<p data-path-to-node=\"13\">Podemos <b>Imprime tu logotipo de forma personalizada<\/b> en uno o ambos lados de la correa. Si bien el corcho tiene una textura natural, nuestro avanzado proceso de serigraf\u00eda garantiza que su dise\u00f1o se mantenga legible y con colores precisos (utilizando <b>Coincidencia de Pantone<\/b>). El color bronceado natural del corcho proporciona un hermoso fondo neutro que resalta los logotipos oscuros. Cada cord\u00f3n viene de serie con un confiable <b>mosquet\u00f3n de metal<\/b>, proporcionando una fijaci\u00f3n segura para pases de eventos o credenciales de identificaci\u00f3n.<\/p>\n<p data-path-to-node=\"14\"><b>Caracter\u00edsticas principales:<\/b><\/p>\n<ul data-path-to-node=\"15\">\n<li>\n<p data-path-to-node=\"15,0,0\"><b>Material:<\/b> Corcho natural genuino (renovable y biodegradable).<\/p>\n<\/li>\n<li>\n<p data-path-to-node=\"15,1,0\"><b>Impacto visual:<\/b> La textura \u00fanica con vetas de madera transmite \u201cPremium Eco\u201d.<\/p>\n<\/li>\n<li>\n<p data-path-to-node=\"15,2,0\"><b>Impresi\u00f3n:<\/b> Serigraf\u00eda con precisi\u00f3n Pantone a 1 o 2 caras.<\/p>\n<\/li>\n<li>\n<p data-path-to-node=\"15,3,0\"><b>Durabilidad:<\/b> Naturalmente resistente al agua y lo suficientemente resistente para un uso a largo plazo.<\/p>\n<\/li>\n<li>\n<p data-path-to-node=\"15,4,0\"><b>Hardware:<\/b> Incluye un mosquet\u00f3n de metal resistente; otras opciones de clip disponibles.<\/p>\n<\/li>\n<li>\n<p data-path-to-node=\"15,5,0\"><b>Comodidad:<\/b> Ligero y suave al tacto.<\/p>\n<\/li>\n<\/ul>\n<\/div>\n<\/div>\n<\/div>\n<\/div>","protected":false},"excerpt":{"rendered":"<ul>\n<li>\n<p data-path-to-node=\"9,0,0\"><b>Est\u00e9tica distintiva:<\/b> La textura natural similar a la madera del corcho crea una apariencia \u00fanica y de primera calidad que se distingue de los cintas de cuello est\u00e1ndar.<\/p>\n<\/li>\n<li>\n<p data-path-to-node=\"9,1,0\"><b>Certificado como sostenible:<\/b> Fabricado con aut\u00e9ntico corcho renovable, lo que demuestra un fuerte compromiso con la responsabilidad medioambiental.<\/p>\n<\/li>\n<li>\n<p data-path-to-node=\"9,2,0\"><b>Marca personalizada:<\/b> A pesar de la superficie texturizada, ofrecemos serigraf\u00eda clara con coincidencia de colores Pantone en 1 o 2 lados.<\/p>\n<\/li>\n<li>\n<p data-path-to-node=\"9,3,0\"><b>Durable y resistente al agua:<\/b> El corcho es naturalmente robusto y resistente a la humedad, lo que lo hace ideal para eventos de varios d\u00edas.<\/p>\n<\/li>\n<\/ul>","protected":false},"featured_media":6730,"comment_status":"closed","ping_status":"closed","template":"","meta":[],"product_brand":[],"product_cat":[43,107],"product_tag":[],"class_list":{"0":"post-1256","1":"product","2":"type-product","3":"status-publish","4":"has-post-thumbnail","6":"product_cat-lanyards","7":"product_cat-eco-friendly-lanyards","9":"first","10":"instock","11":"shipping-taxable","12":"purchasable","13":"product-type-simple"},"_links":{"self":[{"href":"https:\/\/displayproducts.eu\/es\/wp-json\/wp\/v2\/product\/1256","targetHints":{"allow":["GET"]}}],"collection":[{"href":"https:\/\/displayproducts.eu\/es\/wp-json\/wp\/v2\/product"}],"about":[{"href":"https:\/\/displayproducts.eu\/es\/wp-json\/wp\/v2\/types\/product"}],"replies":[{"embeddable":true,"href":"https:\/\/displayproducts.eu\/es\/wp-json\/wp\/v2\/comments?post=1256"}],"wp:featuredmedia":[{"embeddable":true,"href":"https:\/\/displayproducts.eu\/es\/wp-json\/wp\/v2\/media\/6730"}],"wp:attachment":[{"href":"https:\/\/displayproducts.eu\/es\/wp-json\/wp\/v2\/media?parent=1256"}],"wp:term":[{"taxonomy":"product_brand","embeddable":true,"href":"https:\/\/displayproducts.eu\/es\/wp-json\/wp\/v2\/product_brand?post=1256"},{"taxonomy":"product_cat","embeddable":true,"href":"https:\/\/displayproducts.eu\/es\/wp-json\/wp\/v2\/product_cat?post=1256"},{"taxonomy":"product_tag","embeddable":true,"href":"https:\/\/displayproducts.eu\/es\/wp-json\/wp\/v2\/product_tag?post=1256"}],"curies":[{"name":"wp","href":"https:\/\/api.w.org\/{rel}","templated":true}]}}