{"id":1254,"date":"2024-10-27T11:54:13","date_gmt":"2024-10-27T08:54:13","guid":{"rendered":"https:\/\/wristbandfactory.eu\/toode\/organic-cotton-lanyards\/"},"modified":"2026-04-01T21:52:36","modified_gmt":"2026-04-01T18:52:36","slug":"printed-organic-cotton-lanyards-sustainable-branding","status":"publish","type":"product","link":"https:\/\/displayproducts.eu\/es\/p\/printed-organic-cotton-lanyards-sustainable-branding\/","title":{"rendered":"Lanyards de algod\u00f3n org\u00e1nico impresos"},"content":{"rendered":"<div class=\"mx-12 md:mx-24 lg:mx-48\">\n<div class=\"container my-8 svelte-zlsknf\">\n<div class=\"my-24 rounded-lg border-0 border-gray-700 bg-gray-100 px-16 py-24\">\n<div class=\"mt-11 !text-gray-500\">\n<p data-path-to-node=\"11\">Demuestre el compromiso de su organizaci\u00f3n con la sostenibilidad sin comprometer la calidad. Nuestra <b>Cintas de cuello de algod\u00f3n org\u00e1nico estampados<\/b> Son la opci\u00f3n premium para conferencias, ferias comerciales y entornos corporativos con conciencia ecol\u00f3gica donde reducir los desechos pl\u00e1sticos es una prioridad.<\/p>\n<p data-path-to-node=\"12\">Elaborado a partir de <b>Algod\u00f3n org\u00e1nico 100%<\/b>, Este cord\u00f3n ofrece una ventaja distintiva sobre el poli\u00e9ster est\u00e1ndar: una sensaci\u00f3n de suavidad natural y comodidad en la piel durante largos periodos. La textura mate natural de la cinta transmite un mensaje inmediato de responsabilidad ambiental a sus asistentes y clientes.<\/p>\n<p data-path-to-node=\"13\">A pesar de ser una fibra natural, el material proporciona una superficie duradera para la marca. Utilizamos <b>Serigraf\u00eda con colores Pantone<\/b> Para garantizar que su logotipo se reproduzca con precisi\u00f3n en uno o ambos lados de la correa. Esto le permite mantener estrictas normas de marca y, al mismo tiempo, utilizar un recurso renovable. Cada cord\u00f3n viene de serie con un... <b>mosquet\u00f3n de metal<\/b>, garantizando una sujeci\u00f3n segura de credenciales y pases.<\/p>\n<p data-path-to-node=\"14\"><b>Caracter\u00edsticas principales:<\/b><\/p>\n<ul data-path-to-node=\"15\">\n<li>\n<p data-path-to-node=\"15,0,0\"><b>Material ecol\u00f3gico:<\/b> El algod\u00f3n org\u00e1nico 100% reduce el impacto ambiental y apoya los objetivos de RSE.<\/p>\n<\/li>\n<li>\n<p data-path-to-node=\"15,1,0\"><b>Comodidad superior:<\/b> La textura excepcionalmente suave y natural evita la irritaci\u00f3n durante el uso durante todo el d\u00eda.<\/p>\n<\/li>\n<li>\n<p data-path-to-node=\"15,2,0\"><b>Marca personalizada:<\/b> Serigraf\u00eda de alta calidad con combinaci\u00f3n de colores Pantone.<\/p>\n<\/li>\n<li>\n<p data-path-to-node=\"15,3,0\"><b>Tama\u00f1o est\u00e1ndar:<\/b> 90 cm de largo x 20 mm de ancho (est\u00e1ndar) se adapta c\u00f3modamente a todos los asistentes.<\/p>\n<\/li>\n<li>\n<p data-path-to-node=\"15,4,0\"><b>Hardware:<\/b> Mosquet\u00f3n de metal resistente incluido; compatible con nuestros porta identificaci\u00f3n ecol\u00f3gicos.<\/p>\n<\/li>\n<\/ul>\n<\/div>\n<\/div>\n<\/div>\n<\/div>","protected":false},"excerpt":{"rendered":"<ul>\n<li>\n<p data-path-to-node=\"9,0,0\"><b>Sostenibilidad certificada:<\/b> Fabricado con algod\u00f3n org\u00e1nico natural 100%, ideal para eventos ecol\u00f3gicos y marcas centradas en la RSE.<\/p>\n<\/li>\n<li>\n<p data-path-to-node=\"9,1,0\"><b>Suavidad Premium:<\/b> Las fibras naturales ofrecen una textura superior y agradable para la piel en comparaci\u00f3n con las alternativas sint\u00e9ticas.<\/p>\n<\/li>\n<li>\n<p data-path-to-node=\"9,2,0\"><b>Marca precisa:<\/b> Serigrafiado con su logotipo Pantone en 1 o 2 lados para una apariencia limpia y profesional.<\/p>\n<\/li>\n<li>\n<p data-path-to-node=\"9,3,0\"><b>Hardware robusto:<\/b> Incluye un mosquet\u00f3n de metal de alta calidad para la fijaci\u00f3n segura de porta identificaciones biodegradables o est\u00e1ndar.<\/p>\n<\/li>\n<li><\/li>\n<\/ul>","protected":false},"featured_media":6745,"comment_status":"closed","ping_status":"closed","template":"","meta":[],"product_brand":[],"product_cat":[104,107],"product_tag":[],"class_list":{"0":"post-1254","1":"product","2":"type-product","3":"status-publish","4":"has-post-thumbnail","6":"product_cat-custom-printed-lanyards","7":"product_cat-eco-friendly-lanyards","9":"first","10":"instock","11":"shipping-taxable","12":"purchasable","13":"product-type-simple"},"_links":{"self":[{"href":"https:\/\/displayproducts.eu\/es\/wp-json\/wp\/v2\/product\/1254","targetHints":{"allow":["GET"]}}],"collection":[{"href":"https:\/\/displayproducts.eu\/es\/wp-json\/wp\/v2\/product"}],"about":[{"href":"https:\/\/displayproducts.eu\/es\/wp-json\/wp\/v2\/types\/product"}],"replies":[{"embeddable":true,"href":"https:\/\/displayproducts.eu\/es\/wp-json\/wp\/v2\/comments?post=1254"}],"wp:featuredmedia":[{"embeddable":true,"href":"https:\/\/displayproducts.eu\/es\/wp-json\/wp\/v2\/media\/6745"}],"wp:attachment":[{"href":"https:\/\/displayproducts.eu\/es\/wp-json\/wp\/v2\/media?parent=1254"}],"wp:term":[{"taxonomy":"product_brand","embeddable":true,"href":"https:\/\/displayproducts.eu\/es\/wp-json\/wp\/v2\/product_brand?post=1254"},{"taxonomy":"product_cat","embeddable":true,"href":"https:\/\/displayproducts.eu\/es\/wp-json\/wp\/v2\/product_cat?post=1254"},{"taxonomy":"product_tag","embeddable":true,"href":"https:\/\/displayproducts.eu\/es\/wp-json\/wp\/v2\/product_tag?post=1254"}],"curies":[{"name":"wp","href":"https:\/\/api.w.org\/{rel}","templated":true}]}}