{"id":1253,"date":"2024-10-27T11:54:13","date_gmt":"2024-10-27T08:54:13","guid":{"rendered":"https:\/\/wristbandfactory.eu\/toode\/sublimation-lanyards-with-2-metal-hooks\/"},"modified":"2026-04-01T21:52:36","modified_gmt":"2026-04-01T18:52:36","slug":"dual-hook-sublimation-lanyards","status":"publish","type":"product","link":"https:\/\/displayproducts.eu\/es\/p\/dual-hook-sublimation-lanyards\/","title":{"rendered":"Cintas de cuello de sublimaci\u00f3n con doble gancho"},"content":{"rendered":"<div class=\"mx-12 md:mx-24 lg:mx-48\">\n<div class=\"container my-8 svelte-zlsknf\">\n<div class=\"my-24 rounded-lg border-0 border-gray-700 bg-gray-100 px-16 py-24\">\n<div class=\"mt-11 !text-gray-500\">\n<p>Aseg\u00farese de que su marca y las credenciales de su evento est\u00e9n siempre en primer plano con nuestro <b>Cintas de cuello de sublimaci\u00f3n con doble gancho<\/b>. Este cord\u00f3n de alta calidad es la soluci\u00f3n profesional para gestionar acreditaciones o portaidentificaciones de eventos de mayor tama\u00f1o, ya que utiliza dos puntos de sujeci\u00f3n para evitar que giren o se den la vuelta.<\/p>\n<p>Confeccionada con una fina cinta de poli\u00e9ster de 90 cm, esta cinta ofrece una superficie lisa ideal para nuestra avanzada impresi\u00f3n por sublimaci\u00f3n. Este proceso permite dise\u00f1os fotorrealistas ilimitados, incluyendo logotipos complejos, degradados e im\u00e1genes a todo color en una o ambas caras. El resultado es un acabado vibrante y resistente a la decoloraci\u00f3n que no se agrieta ni se pela.<\/p>\n<p>Ideal para conferencias, ferias comerciales y eventos corporativos, los mosquetones met\u00e1licos dobles proporcionan una sujeci\u00f3n estable y segura para cualquier portaidentificaci\u00f3n con dos orificios. Como se indica en las categor\u00edas, este cord\u00f3n est\u00e1 disponible con un clip de seguridad de liberaci\u00f3n r\u00e1pida para mayor seguridad del usuario en entornos concurridos.<\/p>\n<p><b>Caracter\u00edsticas principales:<\/b><\/p>\n<ul>\n<li><b>Dise\u00f1o de doble gancho:<\/b> Incluye dos mosquetones met\u00e1licos para mantener seguras y orientadas hacia adelante las credenciales de identificaci\u00f3n grandes o los pases para eventos.<\/li>\n<li><b>Sublimaci\u00f3n a todo color:<\/b> Ofrece una impresi\u00f3n vibrante y fotorrealista para logotipos complejos y degradados en 1 o 2 caras.<\/li>\n<li><b>Poli\u00e9ster duradero de 90 cm:<\/b> Una c\u00f3moda y fina correa de poli\u00e9ster dise\u00f1ada para usar durante todo el d\u00eda en eventos de varios d\u00edas.<\/li>\n<li><b>Opci\u00f3n de desconexi\u00f3n de seguridad:<\/b> Disponible con un clip de seguridad desmontable, una caracter\u00edstica de seguridad crucial para entornos corporativos.<\/li>\n<li><b>Accesorios vers\u00e1tiles:<\/b> Viene de serie con dos mosquetones met\u00e1licos, con otras opciones de clips disponibles.<\/li>\n<\/ul>\n<\/div>\n<\/div>\n<\/div>\n<\/div>","protected":false},"excerpt":{"rendered":"<ul>\n<li>Evite que la credencial gire gracias a su dise\u00f1o seguro de doble gancho (2 mosquetones met\u00e1licos).<\/li>\n<li>Promociona tu marca con una vibrante impresi\u00f3n a todo color mediante sublimaci\u00f3n (1 o 2 caras).<\/li>\n<li>Correa de poli\u00e9ster fino y resistente de 90 cm, ideal para conferencias de varios d\u00edas.<\/li>\n<li>Disponible con un clip de seguridad de ruptura opcional para mayor seguridad del usuario.<\/li>\n<\/ul>","protected":false},"featured_media":6694,"comment_status":"closed","ping_status":"closed","template":"","meta":[],"product_brand":[],"product_cat":[43,106],"product_tag":[],"class_list":{"0":"post-1253","1":"product","2":"type-product","3":"status-publish","4":"has-post-thumbnail","6":"product_cat-lanyards","7":"product_cat-breakaway-lanyards","9":"first","10":"instock","11":"shipping-taxable","12":"purchasable","13":"product-type-simple"},"_links":{"self":[{"href":"https:\/\/displayproducts.eu\/es\/wp-json\/wp\/v2\/product\/1253","targetHints":{"allow":["GET"]}}],"collection":[{"href":"https:\/\/displayproducts.eu\/es\/wp-json\/wp\/v2\/product"}],"about":[{"href":"https:\/\/displayproducts.eu\/es\/wp-json\/wp\/v2\/types\/product"}],"replies":[{"embeddable":true,"href":"https:\/\/displayproducts.eu\/es\/wp-json\/wp\/v2\/comments?post=1253"}],"wp:featuredmedia":[{"embeddable":true,"href":"https:\/\/displayproducts.eu\/es\/wp-json\/wp\/v2\/media\/6694"}],"wp:attachment":[{"href":"https:\/\/displayproducts.eu\/es\/wp-json\/wp\/v2\/media?parent=1253"}],"wp:term":[{"taxonomy":"product_brand","embeddable":true,"href":"https:\/\/displayproducts.eu\/es\/wp-json\/wp\/v2\/product_brand?post=1253"},{"taxonomy":"product_cat","embeddable":true,"href":"https:\/\/displayproducts.eu\/es\/wp-json\/wp\/v2\/product_cat?post=1253"},{"taxonomy":"product_tag","embeddable":true,"href":"https:\/\/displayproducts.eu\/es\/wp-json\/wp\/v2\/product_tag?post=1253"}],"curies":[{"name":"wp","href":"https:\/\/api.w.org\/{rel}","templated":true}]}}