{"id":1250,"date":"2024-10-27T11:54:13","date_gmt":"2024-10-27T08:54:13","guid":{"rendered":"https:\/\/wristbandfactory.eu\/toode\/sublimation-lanyards-with-metal-carabiner\/"},"modified":"2026-04-01T21:52:36","modified_gmt":"2026-04-01T18:52:36","slug":"full-color-sublimation-lanyards-safety-breakaway","status":"publish","type":"product","link":"https:\/\/displayproducts.eu\/es\/p\/full-color-sublimation-lanyards-safety-breakaway\/","title":{"rendered":"Lanyards de sublimaci\u00f3n con cierre de seguridad"},"content":{"rendered":"<p data-path-to-node=\"11\">Haga una declaraci\u00f3n de alto impacto mientras prioriza la seguridad de los asistentes con nuestro <b>Cintas de cuello de sublimaci\u00f3n a todo color con cierre de seguridad<\/b>. Este producto es la mejor opci\u00f3n para organizaciones que requieren una imagen de marca compleja (como logotipos multicolor, degradados o im\u00e1genes fotorrealistas) sin comprometer el cumplimiento de las normas de salud y seguridad.<\/p>\n<p data-path-to-node=\"12\">La caracter\u00edstica definitoria de este cord\u00f3n es el sistema integrado <b>clip de seguridad de ruptura<\/b> Se coloca en la nuca. Este mecanismo est\u00e1 dise\u00f1ado para liberarse autom\u00e1ticamente si se tira con fuerza del cord\u00f3n o si se engancha en maquinaria o puertas, lo que previene lesiones. Esto lo convierte en un requisito esencial para escuelas, hospitales, entornos industriales y eventos p\u00fablicos a gran escala.<\/p>\n<p data-path-to-node=\"13\">Visualmente, el cord\u00f3n utiliza tecnolog\u00eda avanzada. <b>impresi\u00f3n por sublimaci\u00f3n de tinta<\/b>. Su dise\u00f1o se imprime de forma permanente directamente en las fibras de la fina cinta de poli\u00e9ster de 90 cm, en lugar de quedar sobre ella. Esto garantiza una cobertura completa y un acabado totalmente resistente a las grietas, el desprendimiento y la decoloraci\u00f3n. El suave poli\u00e9ster es excepcionalmente suave, lo que garantiza comodidad durante todo el d\u00eda para el personal y los hu\u00e9spedes. Cada cord\u00f3n incluye de serie un... <b>mosquet\u00f3n de metal<\/b> para fijar de forma segura credenciales de identificaci\u00f3n o tarjetas de acceso.<\/p>\n<p data-path-to-node=\"14\"><b>Caracter\u00edsticas principales:<\/b><\/p>\n<ul data-path-to-node=\"15\">\n<li>\n<p data-path-to-node=\"15,0,0\"><b>Clip de seguridad de ruptura:<\/b> Caracter\u00edstica de seguridad esencial que se libera bajo presi\u00f3n; ideal para uso corporativo, m\u00e9dico e industrial.<\/p>\n<\/li>\n<li>\n<p data-path-to-node=\"15,1,0\"><b>Sublimaci\u00f3n a todo color:<\/b> Permite dise\u00f1os fotorrealistas, complejos y degradados en toda la superficie.<\/p>\n<\/li>\n<li>\n<p data-path-to-node=\"15,2,0\"><b>Poli\u00e9ster fino y duradero:<\/b> Cinta suave de 90cm que evita la irritaci\u00f3n de la piel y resiste el uso diario.<\/p>\n<\/li>\n<li>\n<p data-path-to-node=\"15,3,0\"><b>Impresi\u00f3n a doble cara:<\/b> Disponible con marca en uno o ambos lados para maximizar la exposici\u00f3n.<\/p>\n<\/li>\n<li>\n<p data-path-to-node=\"15,4,0\"><b>Adjunto seguro:<\/b> Incluye un mosquet\u00f3n de metal resistente (otras opciones de clip disponibles a pedido).<\/p>\n<\/li>\n<\/ul>","protected":false},"excerpt":{"rendered":"<ul>\n<li>\n<p data-path-to-node=\"9,0,0\"><b>Seguridad obligatoria:<\/b> Equipado con un clip de seguridad que se libera bajo tensi\u00f3n, cumpliendo con las normas de seguridad corporativa y de eventos est\u00e1ndar.<\/p>\n<\/li>\n<li>\n<p data-path-to-node=\"9,1,0\"><b>Dise\u00f1o ilimitado:<\/b> La tecnolog\u00eda de sublimaci\u00f3n de tinta permite la impresi\u00f3n a todo color, de borde a borde, de logotipos, fotograf\u00edas y degradados complejos.<\/p>\n<\/li>\n<li>\n<p data-path-to-node=\"9,2,0\"><b>Acabado permanente:<\/b> La tinta se infunde en la tela, lo que garantiza que el dise\u00f1o nunca se agrietar\u00e1, pelar\u00e1 ni descolorar\u00e1.<\/p>\n<\/li>\n<li>\n<p data-path-to-node=\"9,3,0\"><b>Comodidad y durabilidad:<\/b> Fabricado en poli\u00e9ster suave de tejido fino (90 cm) que es c\u00f3modo para uso prolongado.<\/p>\n<\/li>\n<\/ul>","protected":false},"featured_media":6712,"comment_status":"closed","ping_status":"closed","template":"","meta":[],"product_brand":[],"product_cat":[43,104,106],"product_tag":[],"class_list":{"0":"post-1250","1":"product","2":"type-product","3":"status-publish","4":"has-post-thumbnail","6":"product_cat-lanyards","7":"product_cat-custom-printed-lanyards","8":"product_cat-breakaway-lanyards","10":"first","11":"instock","12":"shipping-taxable","13":"purchasable","14":"product-type-simple"},"_links":{"self":[{"href":"https:\/\/displayproducts.eu\/es\/wp-json\/wp\/v2\/product\/1250","targetHints":{"allow":["GET"]}}],"collection":[{"href":"https:\/\/displayproducts.eu\/es\/wp-json\/wp\/v2\/product"}],"about":[{"href":"https:\/\/displayproducts.eu\/es\/wp-json\/wp\/v2\/types\/product"}],"replies":[{"embeddable":true,"href":"https:\/\/displayproducts.eu\/es\/wp-json\/wp\/v2\/comments?post=1250"}],"wp:featuredmedia":[{"embeddable":true,"href":"https:\/\/displayproducts.eu\/es\/wp-json\/wp\/v2\/media\/6712"}],"wp:attachment":[{"href":"https:\/\/displayproducts.eu\/es\/wp-json\/wp\/v2\/media?parent=1250"}],"wp:term":[{"taxonomy":"product_brand","embeddable":true,"href":"https:\/\/displayproducts.eu\/es\/wp-json\/wp\/v2\/product_brand?post=1250"},{"taxonomy":"product_cat","embeddable":true,"href":"https:\/\/displayproducts.eu\/es\/wp-json\/wp\/v2\/product_cat?post=1250"},{"taxonomy":"product_tag","embeddable":true,"href":"https:\/\/displayproducts.eu\/es\/wp-json\/wp\/v2\/product_tag?post=1250"}],"curies":[{"name":"wp","href":"https:\/\/api.w.org\/{rel}","templated":true}]}}