{"id":1247,"date":"2024-10-27T11:54:13","date_gmt":"2024-10-27T08:54:13","guid":{"rendered":"https:\/\/wristbandfactory.eu\/toode\/satin-lanyards-with-1-sided-silkscreen-logo-design\/"},"modified":"2026-04-01T21:52:36","modified_gmt":"2026-04-01T18:52:36","slug":"printed-satin-lanyards-premium-vip-branding","status":"publish","type":"product","link":"https:\/\/displayproducts.eu\/es\/p\/printed-satin-lanyards-premium-vip-branding\/","title":{"rendered":"Lanyards de sat\u00e9n personalizados"},"content":{"rendered":"<p data-path-to-node=\"11\">Causa una impresi\u00f3n sofisticada en tu pr\u00f3xima conferencia, feria comercial o reuni\u00f3n corporativa con nuestro <b>Cintas de cuello de sat\u00e9n estampados<\/b>. A diferencia del poli\u00e9ster est\u00e1ndar, el sat\u00e9n ofrece una soluci\u00f3n de alta gama que realza la imagen de su marca gracias a su textura y brillo. Su acabado liso y brillante proporciona un aspecto y tacto profesionales, lo que lo convierte en la opci\u00f3n perfecta para invitados VIP, personal corporativo y activaciones de marca premium.<\/p>\n<p data-path-to-node=\"12\">Estos cintas de cuello est\u00e1n confeccionados con cinta de sat\u00e9n fina de aproximadamente 90 cm de largo. Gracias a la suavidad del material, aplicamos su logotipo con un acabado de alta calidad. <b>serigraf\u00eda de una sola cara<\/b>. Este m\u00e9todo garantiza su <b>Colores Pantone<\/b> permanecen n\u00edtidos y vibrantes, creando un hermoso contraste contra el fondo brillante.<\/p>\n<p data-path-to-node=\"13\"><i>Nota sobre la impresi\u00f3n:<\/i> Debido a la naturaleza delicada y ligeramente transl\u00facida del sat\u00e9n fino, el dise\u00f1o suele ser apenas visible en el reverso. Esta es una caracter\u00edstica est\u00e1ndar de la industria de los cintas de cuello de sat\u00e9n de alta calidad y contribuye a su aut\u00e9ntica textura textil.<\/p>\n<p data-path-to-node=\"14\">Cada cord\u00f3n viene de serie con un cord\u00f3n duradero. <b>mosquet\u00f3n de metal<\/b>, Garantiza una sujeci\u00f3n segura para credenciales o llaves. Para una experiencia premium y totalmente cohesiva, recomendamos combinar estos cintas de cuello con nuestros porta credenciales r\u00edgidos.<\/p>\n<p data-path-to-node=\"15\"><b>Caracter\u00edsticas principales:<\/b><\/p>\n<ul data-path-to-node=\"16\">\n<li>\n<p data-path-to-node=\"16,0,0\"><b>Material:<\/b> Sat\u00e9n fino con un acabado suave y brillante para una est\u00e9tica de lujo.<\/p>\n<\/li>\n<li>\n<p data-path-to-node=\"16,1,0\"><b>Impresi\u00f3n:<\/b> Impresi\u00f3n serigr\u00e1fica de una sola cara para una marca vibrante y de alto contraste.<\/p>\n<\/li>\n<li>\n<p data-path-to-node=\"16,2,0\"><b>Combinaci\u00f3n de colores:<\/b> Coincidencia precisa de Pantone para su logotipo corporativo.<\/p>\n<\/li>\n<li>\n<p data-path-to-node=\"16,3,0\"><b>Dimensiones est\u00e1ndar:<\/b> ~90 cm de largo, c\u00f3modo para ropa formal.<\/p>\n<\/li>\n<li>\n<p data-path-to-node=\"16,4,0\"><b>Hardware:<\/b> Incluye un mosquet\u00f3n de metal robusto; clips personalizados disponibles.<\/p>\n<\/li>\n<li>\n<p data-path-to-node=\"16,5,0\"><b>Solicitud:<\/b> Ideal para acceso VIP, ceremonias de premios y eventos de moda.<\/p>\n<\/li>\n<\/ul>","protected":false},"excerpt":{"rendered":"<ul>\n<li>\n<p data-path-to-node=\"9,0,0\"><b>Acabado de lujo:<\/b> El fino tejido de sat\u00e9n ofrece una superficie suave y brillante que se siente de primera calidad al tacto.<\/p>\n<\/li>\n<li>\n<p data-path-to-node=\"9,1,0\"><b>Detalles n\u00edtidos:<\/b> La serigraf\u00eda de alta calidad garantiza que su logotipo se vea vibrante y distintivo contra el fondo brillante.<\/p>\n<\/li>\n<li>\n<p data-path-to-node=\"9,2,0\"><b>VIP y corporativo:<\/b> La opci\u00f3n preferida para conferencias de alto nivel, cenas de gala y promociones de marcas exclusivas.<\/p>\n<\/li>\n<li>\n<p data-path-to-node=\"9,3,0\"><b>Hardware profesional:<\/b> Incluye un mosquet\u00f3n de metal duradero como est\u00e1ndar; otros accesorios premium disponibles.<\/p>\n<\/li>\n<li><\/li>\n<\/ul>","protected":false},"featured_media":6758,"comment_status":"closed","ping_status":"closed","template":"","meta":[],"product_brand":[],"product_cat":[43,104],"product_tag":[],"class_list":{"0":"post-1247","1":"product","2":"type-product","3":"status-publish","4":"has-post-thumbnail","6":"product_cat-lanyards","7":"product_cat-custom-printed-lanyards","9":"first","10":"instock","11":"shipping-taxable","12":"purchasable","13":"product-type-simple"},"_links":{"self":[{"href":"https:\/\/displayproducts.eu\/es\/wp-json\/wp\/v2\/product\/1247","targetHints":{"allow":["GET"]}}],"collection":[{"href":"https:\/\/displayproducts.eu\/es\/wp-json\/wp\/v2\/product"}],"about":[{"href":"https:\/\/displayproducts.eu\/es\/wp-json\/wp\/v2\/types\/product"}],"replies":[{"embeddable":true,"href":"https:\/\/displayproducts.eu\/es\/wp-json\/wp\/v2\/comments?post=1247"}],"wp:featuredmedia":[{"embeddable":true,"href":"https:\/\/displayproducts.eu\/es\/wp-json\/wp\/v2\/media\/6758"}],"wp:attachment":[{"href":"https:\/\/displayproducts.eu\/es\/wp-json\/wp\/v2\/media?parent=1247"}],"wp:term":[{"taxonomy":"product_brand","embeddable":true,"href":"https:\/\/displayproducts.eu\/es\/wp-json\/wp\/v2\/product_brand?post=1247"},{"taxonomy":"product_cat","embeddable":true,"href":"https:\/\/displayproducts.eu\/es\/wp-json\/wp\/v2\/product_cat?post=1247"},{"taxonomy":"product_tag","embeddable":true,"href":"https:\/\/displayproducts.eu\/es\/wp-json\/wp\/v2\/product_tag?post=1247"}],"curies":[{"name":"wp","href":"https:\/\/api.w.org\/{rel}","templated":true}]}}