{"id":1246,"date":"2024-10-27T11:54:13","date_gmt":"2024-10-27T08:54:13","guid":{"rendered":"https:\/\/wristbandfactory.eu\/toode\/flat-polyester-lanyards\/"},"modified":"2026-04-01T21:52:04","modified_gmt":"2026-04-01T18:52:04","slug":"custom-printed-polyester-lanyards-corporate-branding","status":"publish","type":"product","link":"https:\/\/displayproducts.eu\/es\/p\/custom-printed-polyester-lanyards-corporate-branding\/","title":{"rendered":"Cintas de cuello de poli\u00e9ster con impresi\u00f3n personalizada: marca corporativa"},"content":{"rendered":"<div class=\"mx-12 md:mx-24 lg:mx-48\">\n<div class=\"container my-8 svelte-zlsknf\">\n<div class=\"my-24 rounded-lg border-0 border-gray-700 bg-gray-100 px-16 py-24\">\n<div class=\"mt-11 !text-gray-500\">\n<p data-path-to-node=\"12\">Asegura tu evento y unifica a tu equipo con nuestro <b>Cintas de cuello de poli\u00e9ster con impresi\u00f3n personalizada<\/b>, La soluci\u00f3n est\u00e1ndar de la industria para una visibilidad de marca eficaz. Dise\u00f1adas para eventos de gran volumen, como conferencias internacionales, ferias comerciales y festivales a gran escala, estas cintas ofrecen el equilibrio perfecto entre durabilidad, calidad de impresi\u00f3n y rentabilidad.<\/p>\n<p data-path-to-node=\"13\">Fabricado con poli\u00e9ster plano de alta calidad, este material proporciona una superficie lisa, esencial para una imagen de marca clara y legible. A diferencia de las alternativas texturizadas, esta superficie plana permite una reproducci\u00f3n precisa del logotipo, garantizando que su identidad corporativa se muestre sin distorsiones. Ofrecemos <b>Coincidencia de colores Pantone<\/b>, lo que nos permite te\u00f1ir la tela e imprimir su dise\u00f1o con los colores exactos de su marca en uno o ambos lados.<\/p>\n<p data-path-to-node=\"14\">Dise\u00f1ado para brindar comodidad y funcionalidad, cada cord\u00f3n mide aproximadamente 90 cm de largo, lo que lo hace adecuado para todos los asistentes. La unidad viene preensamblada con un robusto... <b>mosquet\u00f3n de metal<\/b>, Garantizando que las tarjetas de identificaci\u00f3n, los pases de visitante y los llaveros de acceso permanezcan bien sujetos durante todo el evento. Para organizaciones con necesidades espec\u00edficas de seguridad o funcionales, se ofrecen accesorios alternativos (como cierres de seguridad o diferentes clips) previa solicitud.<\/p>\n<p data-path-to-node=\"15\"><b>Caracter\u00edsticas principales:<\/b><\/p>\n<ul data-path-to-node=\"16\">\n<li>\n<p data-path-to-node=\"16,0,0\"><b>Material:<\/b> Poli\u00e9ster plano duradero dise\u00f1ado para impresi\u00f3n de alta definici\u00f3n.<\/p>\n<\/li>\n<li>\n<p data-path-to-node=\"16,1,0\"><b>Personalizaci\u00f3n:<\/b> Coincidencia total de colores Pantone tanto para el tejido como para la impresi\u00f3n.<\/p>\n<\/li>\n<li>\n<p data-path-to-node=\"16,2,0\"><b>Opciones de impresi\u00f3n:<\/b> Disponible con colocaci\u00f3n de logotipo en una o dos caras para m\u00e1xima visibilidad.<\/p>\n<\/li>\n<li>\n<p data-path-to-node=\"16,3,0\"><b>Dimensiones est\u00e1ndar:<\/b> 90 cm de largo x 20 mm de ancho (est\u00e1ndar) para un ajuste universal.<\/p>\n<\/li>\n<li>\n<p data-path-to-node=\"16,4,0\"><b>Hardware:<\/b> Mosquet\u00f3n de metal resistente incluido; accesorios personalizados disponibles.<\/p>\n<\/li>\n<li>\n<p data-path-to-node=\"16,5,0\"><b>Caso de uso:<\/b> Perfecto para identificaci\u00f3n corporativa, credenciales de personal y obsequios de eventos promocionales.<\/p>\n<\/li>\n<\/ul>\n<\/div>\n<\/div>\n<\/div>\n<\/div>","protected":false},"excerpt":{"rendered":"<ul data-path-to-node=\"10\">\n<li>\n<p data-path-to-node=\"10,0,0\"><b>Marca de alto impacto:<\/b> La superficie lisa y plana de poli\u00e9ster garantiza una reproducci\u00f3n del logotipo n\u00edtida y de alto contraste.<\/p>\n<\/li>\n<li>\n<p data-path-to-node=\"10,1,0\"><b>Precisi\u00f3n Pantone:<\/b> Impresi\u00f3n totalmente personalizable en 1 o 2 caras para que coincida exactamente con sus colores corporativos.<\/p>\n<\/li>\n<li>\n<p data-path-to-node=\"10,2,0\"><b>Soluci\u00f3n a granel rentable:<\/b> El est\u00e1ndar de la industria para conferencias, festivales y ferias comerciales de gran escala.<\/p>\n<\/li>\n<li>\n<p data-path-to-node=\"10,3,0\"><b>Hardware confiable:<\/b> Incluye un mosquet\u00f3n de metal resistente como est\u00e1ndar para sujetar de forma segura la identificaci\u00f3n y la credencial.<\/p>\n<\/li>\n<\/ul>","protected":false},"featured_media":6815,"comment_status":"closed","ping_status":"closed","template":"","meta":[],"product_brand":[],"product_cat":[104],"product_tag":[],"class_list":{"0":"post-1246","1":"product","2":"type-product","3":"status-publish","4":"has-post-thumbnail","6":"product_cat-custom-printed-lanyards","8":"first","9":"instock","10":"shipping-taxable","11":"purchasable","12":"product-type-simple"},"_links":{"self":[{"href":"https:\/\/displayproducts.eu\/es\/wp-json\/wp\/v2\/product\/1246","targetHints":{"allow":["GET"]}}],"collection":[{"href":"https:\/\/displayproducts.eu\/es\/wp-json\/wp\/v2\/product"}],"about":[{"href":"https:\/\/displayproducts.eu\/es\/wp-json\/wp\/v2\/types\/product"}],"replies":[{"embeddable":true,"href":"https:\/\/displayproducts.eu\/es\/wp-json\/wp\/v2\/comments?post=1246"}],"wp:featuredmedia":[{"embeddable":true,"href":"https:\/\/displayproducts.eu\/es\/wp-json\/wp\/v2\/media\/6815"}],"wp:attachment":[{"href":"https:\/\/displayproducts.eu\/es\/wp-json\/wp\/v2\/media?parent=1246"}],"wp:term":[{"taxonomy":"product_brand","embeddable":true,"href":"https:\/\/displayproducts.eu\/es\/wp-json\/wp\/v2\/product_brand?post=1246"},{"taxonomy":"product_cat","embeddable":true,"href":"https:\/\/displayproducts.eu\/es\/wp-json\/wp\/v2\/product_cat?post=1246"},{"taxonomy":"product_tag","embeddable":true,"href":"https:\/\/displayproducts.eu\/es\/wp-json\/wp\/v2\/product_tag?post=1246"}],"curies":[{"name":"wp","href":"https:\/\/api.w.org\/{rel}","templated":true}]}}