{"id":1243,"date":"2024-10-27T11:54:13","date_gmt":"2024-10-27T08:54:13","guid":{"rendered":"https:\/\/wristbandfactory.eu\/toode\/seed-paper-lanyard\/"},"modified":"2026-04-01T21:52:36","modified_gmt":"2026-04-01T18:52:36","slug":"seed-paper-lanyards","status":"publish","type":"product","link":"https:\/\/displayproducts.eu\/es\/p\/seed-paper-lanyards\/","title":{"rendered":"Lanyards de papel con semillas (Plantable)"},"content":{"rendered":"<p data-path-to-node=\"11\">Haga una declaraci\u00f3n ambiental duradera en su pr\u00f3ximo evento, exposici\u00f3n o festival con nuestro innovador <b>Cintas de cuello de papel de semillas<\/b>. Dise\u00f1ados para darle un nuevo prop\u00f3sito ecol\u00f3gico a un producto tradicionalmente de un solo uso, estos cintas de cuello ofrecen una forma \u00fanica de demostrar el compromiso de su organizaci\u00f3n con la regeneraci\u00f3n y la sostenibilidad.<\/p>\n<p data-path-to-node=\"12\">En lugar de desechar el cord\u00f3n despu\u00e9s del evento, se invita a los asistentes a plantarlo directamente en la tierra. Con el tiempo, el papel biodegradable se descompone y las semillas incrustadas florecen en una hermosa mezcla de... <b>flores silvestres<\/b>. Esto crea un recordatorio positivo y vivo de su marca y mensaje mucho despu\u00e9s de que se hayan cerrado las puertas de la conferencia.<\/p>\n<p data-path-to-node=\"13\">Cada cord\u00f3n est\u00e1 elaborado en Europa a partir de <b>Papel con semillas de 80 g\/m\u00b2<\/b>. Aunque es delicado, es perfecto para eventos de un solo d\u00eda, pases VIP o invitaciones exclusivas. Su dise\u00f1o a todo color se puede imprimir por una cara. Para apoyar la naturaleza ecol\u00f3gica del producto y garantizar las mejores tasas de germinaci\u00f3n, recomendamos dise\u00f1os que cubran menos del 50% de la superficie (lo que tambi\u00e9n ofrece una ventaja en el costo).<\/p>\n<p data-path-to-node=\"14\"><b>Caracter\u00edsticas principales:<\/b><\/p>\n<ul data-path-to-node=\"15\">\n<li>\n<p data-path-to-node=\"15,0,0\"><b>Material:<\/b> Papel biodegradable de 80 g\/m\u00b2 con mezcla de semillas de flores silvestres incrustadas.<\/p>\n<\/li>\n<li>\n<p data-path-to-node=\"15,1,0\"><b>Uso posterior al evento:<\/b> Totalmente plantable; transforma los residuos en un jard\u00edn de flores silvestres.<\/p>\n<\/li>\n<li>\n<p data-path-to-node=\"15,2,0\"><b>Impresi\u00f3n:<\/b> Impresi\u00f3n a todo color por una sola cara (se recomienda una cobertura de tinta baja y ecol\u00f3gica).<\/p>\n<\/li>\n<li>\n<p data-path-to-node=\"15,3,0\"><b>Dimensiones:<\/b> Tama\u00f1o est\u00e1ndar 90 x 20 mm (aprox.).<\/p>\n<\/li>\n<li>\n<p data-path-to-node=\"15,4,0\"><b>Origen:<\/b> Fabricado en Europa para una menor huella de carbono.<\/p>\n<\/li>\n<li>\n<p data-path-to-node=\"15,5,0\"><b>Caso de uso:<\/b> Ideal para eventos de corta duraci\u00f3n, lanzamientos de productos y bodas ecol\u00f3gicas.<\/p>\n<\/li>\n<\/ul>","protected":false},"excerpt":{"rendered":"<ul data-path-to-node=\"9\">\n<li>\n<p data-path-to-node=\"9,0,0\"><b>Marca Plantable:<\/b> El cord\u00f3n contiene una mezcla de semillas de flores silvestres que florecen cuando se plantan en el suelo despu\u00e9s del evento.<\/p>\n<\/li>\n<li>\n<p data-path-to-node=\"9,1,0\"><b>Ciclo de Cero Residuos:<\/b> Un producto completamente biodegradable que no deja basura, solo flores.<\/p>\n<\/li>\n<li>\n<p data-path-to-node=\"9,2,0\"><b>Ecodise\u00f1o:<\/b> La impresi\u00f3n est\u00e1 optimizada para un uso m\u00ednimo de tinta (cobertura recomendada &lt;50%) para garantizar la viabilidad de las semillas.<\/p>\n<\/li>\n<li>\n<p data-path-to-node=\"9,3,0\"><b>Hecho en Europa:<\/b> Producido localmente con papel de 80 g\/m\u00b2 para minimizar las emisiones del transporte.<\/p>\n<\/li>\n<\/ul>","protected":false},"featured_media":6780,"comment_status":"closed","ping_status":"closed","template":"","meta":[],"product_brand":[],"product_cat":[43,107],"product_tag":[],"class_list":{"0":"post-1243","1":"product","2":"type-product","3":"status-publish","4":"has-post-thumbnail","6":"product_cat-lanyards","7":"product_cat-eco-friendly-lanyards","9":"first","10":"instock","11":"shipping-taxable","12":"purchasable","13":"product-type-simple"},"_links":{"self":[{"href":"https:\/\/displayproducts.eu\/es\/wp-json\/wp\/v2\/product\/1243","targetHints":{"allow":["GET"]}}],"collection":[{"href":"https:\/\/displayproducts.eu\/es\/wp-json\/wp\/v2\/product"}],"about":[{"href":"https:\/\/displayproducts.eu\/es\/wp-json\/wp\/v2\/types\/product"}],"replies":[{"embeddable":true,"href":"https:\/\/displayproducts.eu\/es\/wp-json\/wp\/v2\/comments?post=1243"}],"wp:featuredmedia":[{"embeddable":true,"href":"https:\/\/displayproducts.eu\/es\/wp-json\/wp\/v2\/media\/6780"}],"wp:attachment":[{"href":"https:\/\/displayproducts.eu\/es\/wp-json\/wp\/v2\/media?parent=1243"}],"wp:term":[{"taxonomy":"product_brand","embeddable":true,"href":"https:\/\/displayproducts.eu\/es\/wp-json\/wp\/v2\/product_brand?post=1243"},{"taxonomy":"product_cat","embeddable":true,"href":"https:\/\/displayproducts.eu\/es\/wp-json\/wp\/v2\/product_cat?post=1243"},{"taxonomy":"product_tag","embeddable":true,"href":"https:\/\/displayproducts.eu\/es\/wp-json\/wp\/v2\/product_tag?post=1243"}],"curies":[{"name":"wp","href":"https:\/\/api.w.org\/{rel}","templated":true}]}}