{"id":1242,"date":"2024-10-27T11:54:14","date_gmt":"2024-10-27T08:54:14","guid":{"rendered":"https:\/\/wristbandfactory.eu\/toode\/corn-lanyards\/"},"modified":"2026-04-01T21:52:36","modified_gmt":"2026-04-01T18:52:36","slug":"printed-eco-corn-lanyards","status":"publish","type":"product","link":"https:\/\/displayproducts.eu\/es\/p\/printed-eco-corn-lanyards\/","title":{"rendered":"Lanyards de fibra de ma\u00edz (PLA biodegradable)"},"content":{"rendered":"<div class=\"mx-12 md:mx-24 lg:mx-48\">\n<div class=\"container my-8 svelte-zlsknf\">\n<div class=\"my-24 rounded-lg border-0 border-gray-700 bg-gray-100 px-16 py-24\">\n<div class=\"mt-11 !text-gray-500\">\n<p data-path-to-node=\"11\">Demostrar un liderazgo ambiental genuino con nuestra <b>Cintas de cuello de ma\u00edz ecol\u00f3gicos impresos<\/b>. A diferencia de los cintas de cuello sint\u00e9ticos tradicionales derivados del petr\u00f3leo, estas innovadoras correas de identificaci\u00f3n est\u00e1n fabricadas a partir de <b>100% Almid\u00f3n de ma\u00edz (PLA)<\/b> fibra. Esto los convierte en una soluci\u00f3n totalmente biodegradable y de origen vegetal, perfecta para organizaciones vanguardistas y eventos sostenibles.<\/p>\n<p data-path-to-node=\"12\">Lo que hace \u00fanico a este producto es su car\u00e1cter sin concesiones. Si bien est\u00e1 hecho de ma\u00edz, la fibra de PLA resultante imita la durabilidad, textura y resistencia del poli\u00e9ster est\u00e1ndar. Esto significa que obtienes un cord\u00f3n robusto y de alta calidad que puede soportar conferencias de varios d\u00edas, adem\u00e1s de ser compostable al final de su vida \u00fatil.<\/p>\n<p data-path-to-node=\"13\">Ofrecemos servicios profesionales <b>serigraf\u00eda<\/b> sobre la superficie lisa del PLA, lo que garantiza que su logotipo se reproduzca con exactitud. <b>Colores de la marca Pantone<\/b>. Ya sea que necesite impresi\u00f3n a una o dos caras, el resultado es n\u00edtido y vibrante. Cada unidad se suministra con un... <b>mosquet\u00f3n de metal<\/b>, combinando durabilidad industrial con sensibilidad ambiental.<\/p>\n<p data-path-to-node=\"14\"><b>Caracter\u00edsticas principales:<\/b><\/p>\n<ul data-path-to-node=\"15\">\n<li>\n<p data-path-to-node=\"15,0,0\"><b>Material:<\/b> 100% Fibra de almid\u00f3n de ma\u00edz (PLA) \u2013 De origen vegetal y biodegradable.<\/p>\n<\/li>\n<li>\n<p data-path-to-node=\"15,1,0\"><b>Actuaci\u00f3n:<\/b> Textura duradera y suave similar al poli\u00e9ster tradicional.<\/p>\n<\/li>\n<li>\n<p data-path-to-node=\"15,2,0\"><b>Sostenibilidad:<\/b> Huella de carbono significativamente menor en comparaci\u00f3n con los pl\u00e1sticos derivados del petr\u00f3leo.<\/p>\n<\/li>\n<li>\n<p data-path-to-node=\"15,3,0\"><b>Impresi\u00f3n:<\/b> Serigraf\u00eda de alta calidad con combinaci\u00f3n de colores Pantone.<\/p>\n<\/li>\n<li>\n<p data-path-to-node=\"15,4,0\"><b>Hardware:<\/b> Incluye un mosquet\u00f3n de metal confiable para sujetar la insignia de forma segura.<\/p>\n<\/li>\n<li>\n<p data-path-to-node=\"15,5,0\"><b>Caso de uso:<\/b> Perfecto para conferencias \u201cverdes\u201d, festivales ecol\u00f3gicos e iniciativas de RSE.<\/p>\n<\/li>\n<\/ul>\n<\/div>\n<\/div>\n<\/div>\n<\/div>","protected":false},"excerpt":{"rendered":"<ul>\n<li>\n<p data-path-to-node=\"9,0,0\"><b>Innovaci\u00f3n basada en plantas:<\/b> Fabricado a partir de fibra de almid\u00f3n de ma\u00edz 100% (PLA), ofreciendo una alternativa totalmente biodegradable a los pl\u00e1sticos a base de petr\u00f3leo.<\/p>\n<\/li>\n<li>\n<p data-path-to-node=\"9,1,0\"><b>Rendimiento similar al poli\u00e9ster:<\/b> Se siente y funciona exactamente como una tela sint\u00e9tica (duradera y suave), pero proviene completamente de plantas.<\/p>\n<\/li>\n<li>\n<p data-path-to-node=\"9,2,0\"><b>Responsabilidad corporativa:<\/b> La opci\u00f3n ideal para empresas con pol\u00edticas estrictas de cero residuos o carbono neutral.<\/p>\n<\/li>\n<li>\n<p data-path-to-node=\"9,3,0\"><b>Marca personalizada:<\/b> La superficie lisa permite una serigraf\u00eda n\u00edtida, compatible con Pantone, en una o dos caras.<\/p>\n<\/li>\n<\/ul>","protected":false},"featured_media":6736,"comment_status":"closed","ping_status":"closed","template":"","meta":[],"product_brand":[],"product_cat":[104,107],"product_tag":[],"class_list":{"0":"post-1242","1":"product","2":"type-product","3":"status-publish","4":"has-post-thumbnail","6":"product_cat-custom-printed-lanyards","7":"product_cat-eco-friendly-lanyards","9":"first","10":"instock","11":"shipping-taxable","12":"purchasable","13":"product-type-simple"},"_links":{"self":[{"href":"https:\/\/displayproducts.eu\/es\/wp-json\/wp\/v2\/product\/1242","targetHints":{"allow":["GET"]}}],"collection":[{"href":"https:\/\/displayproducts.eu\/es\/wp-json\/wp\/v2\/product"}],"about":[{"href":"https:\/\/displayproducts.eu\/es\/wp-json\/wp\/v2\/types\/product"}],"replies":[{"embeddable":true,"href":"https:\/\/displayproducts.eu\/es\/wp-json\/wp\/v2\/comments?post=1242"}],"wp:featuredmedia":[{"embeddable":true,"href":"https:\/\/displayproducts.eu\/es\/wp-json\/wp\/v2\/media\/6736"}],"wp:attachment":[{"href":"https:\/\/displayproducts.eu\/es\/wp-json\/wp\/v2\/media?parent=1242"}],"wp:term":[{"taxonomy":"product_brand","embeddable":true,"href":"https:\/\/displayproducts.eu\/es\/wp-json\/wp\/v2\/product_brand?post=1242"},{"taxonomy":"product_cat","embeddable":true,"href":"https:\/\/displayproducts.eu\/es\/wp-json\/wp\/v2\/product_cat?post=1242"},{"taxonomy":"product_tag","embeddable":true,"href":"https:\/\/displayproducts.eu\/es\/wp-json\/wp\/v2\/product_tag?post=1242"}],"curies":[{"name":"wp","href":"https:\/\/api.w.org\/{rel}","templated":true}]}}