{"id":1238,"date":"2024-10-27T11:54:14","date_gmt":"2024-10-27T08:54:14","guid":{"rendered":"https:\/\/wristbandfactory.eu\/toode\/standard-shoelace-lanyards\/"},"modified":"2026-04-01T21:52:36","modified_gmt":"2026-04-01T18:52:36","slug":"plain-shoelace-lanyards","status":"publish","type":"product","link":"https:\/\/displayproducts.eu\/es\/p\/plain-shoelace-lanyards\/","title":{"rendered":"Cintas de cuello lisos para zapatos"},"content":{"rendered":"<p>Equipe a su equipo con una soluci\u00f3n pr\u00e1ctica y profesional para la identificaci\u00f3n diaria. Nuestros cintas de cuello para cintas de cuello son una opci\u00f3n econ\u00f3mica y elegante para empresas y organizaciones que necesitan una forma fiable de mostrar las identificaciones del personal o las tarjetas de acceso a eventos.<\/p>\n<p>Estos cintas de cuello presentan el popular dise\u00f1o de cintas de cuello, conocido por su comodidad y durabilidad, lo que los hace perfectos para usar todo el d\u00eda en conferencias, ferias comerciales o en la oficina. Aunque no est\u00e1n impresos, est\u00e1n disponibles en una amplia gama de colores, lo que le permite combinarlos f\u00e1cilmente con la imagen corporativa o el tema de su evento. Cada cord\u00f3n incluye un resistente soporte met\u00e1lico para sujetar de forma segura cualquier tarjeta de identificaci\u00f3n o pase de acceso.<\/p>\n<p><b>Caracter\u00edsticas principales:<\/b><\/p>\n<ul>\n<li><b>Dise\u00f1o cl\u00e1sico de cintas de cuello:<\/b> Ofrece una soluci\u00f3n c\u00f3moda, ligera y duradera para usar durante todo el d\u00eda.<\/li>\n<li><b>Soluci\u00f3n de identificaci\u00f3n rentable:<\/b> Ideal para pedidos al por mayor para eventos a gran escala, conferencias o identificaci\u00f3n diaria del personal.<\/li>\n<li><b>M\u00faltiples opciones de color:<\/b> Disponible en una amplia gama de colores lisos para combinar con la imagen corporativa o para categorizar a los asistentes.<\/li>\n<li><b>Clip met\u00e1lico est\u00e1ndar:<\/b> Incluye un clip met\u00e1lico fiable para sujetar de forma segura los portaidentificaciones o pases para eventos.<\/li>\n<\/ul>\n<p>&nbsp;<\/p>","protected":false},"excerpt":{"rendered":"<ul>\n<li>Una soluci\u00f3n rentable para la identificaci\u00f3n diaria del personal y el acceso a eventos.<\/li>\n<li>Presenta un dise\u00f1o cl\u00e1sico y duradero de cord\u00f3n tipo cord\u00f3n para brindar comodidad durante todo el d\u00eda.<\/li>\n<li>Disponible en una amplia gama de colores lisos para que coincidan con su identidad corporativa.<\/li>\n<li>Incluye un clip met\u00e1lico est\u00e1ndar para tarjetas de identificaci\u00f3n y de acceso.<\/li>\n<li><\/li>\n<\/ul>","protected":false},"featured_media":6723,"comment_status":"closed","ping_status":"closed","template":"","meta":[],"product_brand":[],"product_cat":[43,113],"product_tag":[],"class_list":{"0":"post-1238","1":"product","2":"type-product","3":"status-publish","4":"has-post-thumbnail","6":"product_cat-lanyards","7":"product_cat-plain-lanyards","9":"first","10":"instock","11":"shipping-taxable","12":"purchasable","13":"product-type-simple"},"_links":{"self":[{"href":"https:\/\/displayproducts.eu\/es\/wp-json\/wp\/v2\/product\/1238","targetHints":{"allow":["GET"]}}],"collection":[{"href":"https:\/\/displayproducts.eu\/es\/wp-json\/wp\/v2\/product"}],"about":[{"href":"https:\/\/displayproducts.eu\/es\/wp-json\/wp\/v2\/types\/product"}],"replies":[{"embeddable":true,"href":"https:\/\/displayproducts.eu\/es\/wp-json\/wp\/v2\/comments?post=1238"}],"wp:featuredmedia":[{"embeddable":true,"href":"https:\/\/displayproducts.eu\/es\/wp-json\/wp\/v2\/media\/6723"}],"wp:attachment":[{"href":"https:\/\/displayproducts.eu\/es\/wp-json\/wp\/v2\/media?parent=1238"}],"wp:term":[{"taxonomy":"product_brand","embeddable":true,"href":"https:\/\/displayproducts.eu\/es\/wp-json\/wp\/v2\/product_brand?post=1238"},{"taxonomy":"product_cat","embeddable":true,"href":"https:\/\/displayproducts.eu\/es\/wp-json\/wp\/v2\/product_cat?post=1238"},{"taxonomy":"product_tag","embeddable":true,"href":"https:\/\/displayproducts.eu\/es\/wp-json\/wp\/v2\/product_tag?post=1238"}],"curies":[{"name":"wp","href":"https:\/\/api.w.org\/{rel}","templated":true}]}}