{"id":1235,"date":"2024-10-27T11:54:14","date_gmt":"2024-10-27T08:54:14","guid":{"rendered":"https:\/\/wristbandfactory.eu\/toode\/fluorescent-lanyards\/"},"modified":"2026-04-01T21:52:04","modified_gmt":"2026-04-01T18:52:04","slug":"fluorescent-lanyards","status":"publish","type":"product","link":"https:\/\/displayproducts.eu\/es\/p\/fluorescent-lanyards\/","title":{"rendered":"Cintas de cuello fluorescentes"},"content":{"rendered":"<p>Aumente la visibilidad y la seguridad en su pr\u00f3ximo evento con nuestros cintas de cuello fluorescentes. Estos cintas de cuello son una herramienta esencial para los organizadores de eventos que necesitan identificar f\u00e1cilmente al personal, a los VIP o a los invitados en cualquier condici\u00f3n de iluminaci\u00f3n.<\/p>\n<p>Fabricados con materiales duraderos de alta calidad, estos cintas de cuello est\u00e1n dise\u00f1ados para usarse durante varios d\u00edas. El material fluorescente de colores vivos es altamente visible a la luz del d\u00eda y <b>Brilla intensamente bajo luz ultravioleta (luz negra).<\/b>, lo que las convierte en la soluci\u00f3n perfecta para discotecas, conciertos, festivales y eventos corporativos nocturnos.<\/p>\n<p>Este elemento de alta visibilidad proporciona una mayor seguridad y permite la r\u00e1pida identificaci\u00f3n visual del personal autorizado. Disponibles en una variedad de colores brillantes, ofrecen un lienzo ideal para su logotipo personalizado, convirtiendo un art\u00edculo de seguridad en una herramienta promocional. Compre al por mayor para una forma rentable de gestionar su evento y promocionar su marca.<\/p>\n<p><b>Caracter\u00edsticas principales:<\/b><\/p>\n<ul>\n<li><b>Material de alta visibilidad:<\/b> Proporciona una excelente visibilidad a la luz del d\u00eda y brilla intensamente bajo luz ultravioleta\/luz negra.<\/li>\n<li><b>Construcci\u00f3n duradera:<\/b> Fabricado con materiales de alta calidad y larga duraci\u00f3n, adecuados para eventos de varios d\u00edas.<\/li>\n<li><b>Seguridad de eventos mejorada:<\/b> Permite la identificaci\u00f3n visual f\u00e1cil y r\u00e1pida del personal o los hu\u00e9spedes en condiciones de poca luz.<\/li>\n<li><b>Marca rentable:<\/b> Una soluci\u00f3n asequible para promocionar su marca o mensaje a gran escala en eventos multitudinarios.<\/li>\n<li><b>M\u00faltiples opciones de color:<\/b> Disponible en una gama de brillantes colores fluorescentes que combinan con la tem\u00e1tica de su evento.<\/li>\n<\/ul>","protected":false},"excerpt":{"rendered":"<ul>\n<li>Aumentar la visibilidad del personal y de los hu\u00e9spedes en entornos con poca luz.<\/li>\n<li>El material fluorescente vibrante brilla intensamente bajo luz ultravioleta\/luz negra.<\/li>\n<li>Material duradero y de alta calidad para uso en eventos de varios d\u00edas.<\/li>\n<li>Ideal para la identificaci\u00f3n del personal en festivales, conciertos y eventos corporativos.<\/li>\n<\/ul>","protected":false},"featured_media":6706,"comment_status":"closed","ping_status":"closed","template":"","meta":[],"product_brand":[],"product_cat":[43,109],"product_tag":[],"class_list":{"0":"post-1235","1":"product","2":"type-product","3":"status-publish","4":"has-post-thumbnail","6":"product_cat-lanyards","7":"product_cat-reflective-lanyards","9":"first","10":"instock","11":"shipping-taxable","12":"purchasable","13":"product-type-simple"},"_links":{"self":[{"href":"https:\/\/displayproducts.eu\/es\/wp-json\/wp\/v2\/product\/1235","targetHints":{"allow":["GET"]}}],"collection":[{"href":"https:\/\/displayproducts.eu\/es\/wp-json\/wp\/v2\/product"}],"about":[{"href":"https:\/\/displayproducts.eu\/es\/wp-json\/wp\/v2\/types\/product"}],"replies":[{"embeddable":true,"href":"https:\/\/displayproducts.eu\/es\/wp-json\/wp\/v2\/comments?post=1235"}],"wp:featuredmedia":[{"embeddable":true,"href":"https:\/\/displayproducts.eu\/es\/wp-json\/wp\/v2\/media\/6706"}],"wp:attachment":[{"href":"https:\/\/displayproducts.eu\/es\/wp-json\/wp\/v2\/media?parent=1235"}],"wp:term":[{"taxonomy":"product_brand","embeddable":true,"href":"https:\/\/displayproducts.eu\/es\/wp-json\/wp\/v2\/product_brand?post=1235"},{"taxonomy":"product_cat","embeddable":true,"href":"https:\/\/displayproducts.eu\/es\/wp-json\/wp\/v2\/product_cat?post=1235"},{"taxonomy":"product_tag","embeddable":true,"href":"https:\/\/displayproducts.eu\/es\/wp-json\/wp\/v2\/product_tag?post=1235"}],"curies":[{"name":"wp","href":"https:\/\/api.w.org\/{rel}","templated":true}]}}