{"id":1233,"date":"2024-10-27T11:54:14","date_gmt":"2024-10-27T08:54:14","guid":{"rendered":"https:\/\/wristbandfactory.eu\/toode\/rpet-eco-lanyards\/"},"modified":"2026-04-01T21:52:36","modified_gmt":"2026-04-01T18:52:36","slug":"printed-rpet-lanyards","status":"publish","type":"product","link":"https:\/\/displayproducts.eu\/es\/p\/printed-rpet-lanyards\/","title":{"rendered":"Lanyards de rPET impresos (Serigraf\u00eda)"},"content":{"rendered":"<p data-path-to-node=\"11\">\u00danase al movimiento hacia la sostenibilidad y promueva su marca de manera responsable con nuestra <b>Cintas de cuello de rPET impresos<\/b>. Este producto es la opci\u00f3n ideal para organizaciones que necesitan un cord\u00f3n rentable y de gran volumen que se ajuste a los valores ambientales corporativos sin salirse del presupuesto.<\/p>\n<p data-path-to-node=\"12\">Estos cintas de cuello est\u00e1n tejidos a partir de <b>poli\u00e9ster rPET 100%<\/b>, Una fibra resistente derivada \u00edntegramente de botellas de pl\u00e1stico recicladas. Al elegir rPET, evita activamente que los residuos pl\u00e1sticos terminen en los vertederos y reduce la huella de carbono de su evento. A diferencia de nuestra versi\u00f3n de sublimaci\u00f3n, este modelo espec\u00edfico utiliza <b>serigraf\u00eda<\/b>. Este m\u00e9todo es ideal para logotipos con colores s\u00f3lidos, ya que proporciona un acabado n\u00edtido y llamativo que resalta en la tela con textura acanalada.<\/p>\n<p data-path-to-node=\"13\">Ofrecemos <b>coincidencia precisa de colores Pantone<\/b> Para la impresi\u00f3n de su logotipo, garantizando la perfecta conservaci\u00f3n de su identidad corporativa. El material es robusto y duradero, con una resistencia indistinguible del poli\u00e9ster virgen, lo que lo convierte en un elemento indispensable para conferencias, festivales y uso diario en la oficina. Cada cord\u00f3n incluye un mosquet\u00f3n met\u00e1lico de serie, lo que ofrece una soluci\u00f3n funcional y ecol\u00f3gica para sus asistentes.<\/p>\n<p data-path-to-node=\"14\"><b>Caracter\u00edsticas principales:<\/b><\/p>\n<ul data-path-to-node=\"15\">\n<li>\n<p data-path-to-node=\"15,0,0\"><b>Material:<\/b> 100% rPET (Tereftalato de polietileno reciclado).<\/p>\n<\/li>\n<li>\n<p data-path-to-node=\"15,1,0\"><b>Tecnolog\u00eda de impresi\u00f3n:<\/b> Serigraf\u00eda (mejor para 1 a 4 colores directos).<\/p>\n<\/li>\n<li>\n<p data-path-to-node=\"15,2,0\"><b>Econom\u00eda:<\/b> Una alternativa sostenible y econ\u00f3mica al poli\u00e9ster virgen.<\/p>\n<\/li>\n<li>\n<p data-path-to-node=\"15,3,0\"><b>Precisi\u00f3n del color:<\/b> Coincidencia Pantone disponible para el logotipo impreso.<\/p>\n<\/li>\n<li>\n<p data-path-to-node=\"15,4,0\"><b>Durabilidad:<\/b> Alta resistencia a la tracci\u00f3n, adecuada para insignias y llaves pesadas.<\/p>\n<\/li>\n<li>\n<p data-path-to-node=\"15,5,0\"><b>Hardware:<\/b> Incluye un mosquet\u00f3n de metal est\u00e1ndar (clips personalizados disponibles).<\/p>\n<\/li>\n<\/ul>","protected":false},"excerpt":{"rendered":"<ul>\n<li>\n<p data-path-to-node=\"9,0,0\"><b>Elecci\u00f3n sostenible:<\/b> Fabricado a partir de PET reciclado 100% (rPET) derivado de botellas de pl\u00e1stico posconsumo.<\/p>\n<\/li>\n<li>\n<p data-path-to-node=\"9,1,0\"><b>Eco-rentable:<\/b> El punto de entrada m\u00e1s asequible para las marcas que buscan cambiar a soluciones de identificaci\u00f3n sostenibles.<\/p>\n<\/li>\n<li>\n<p data-path-to-node=\"9,2,0\"><b>Marca n\u00edtida:<\/b> Cuenta con serigraf\u00eda de alta calidad para logotipos llamativos y n\u00edtidos utilizando una precisa combinaci\u00f3n de colores Pantone.<\/p>\n<\/li>\n<li>\n<p data-path-to-node=\"9,3,0\"><b>Durable y resistente:<\/b> Mantiene la resistencia del poli\u00e9ster est\u00e1ndar, lo que lo hace adecuado para eventos de varios d\u00edas y uso del personal.<\/p>\n<\/li>\n<\/ul>","protected":false},"featured_media":6754,"comment_status":"closed","ping_status":"closed","template":"","meta":[],"product_brand":[],"product_cat":[104,107],"product_tag":[],"class_list":{"0":"post-1233","1":"product","2":"type-product","3":"status-publish","4":"has-post-thumbnail","6":"product_cat-custom-printed-lanyards","7":"product_cat-eco-friendly-lanyards","9":"first","10":"instock","11":"shipping-taxable","12":"purchasable","13":"product-type-simple"},"_links":{"self":[{"href":"https:\/\/displayproducts.eu\/es\/wp-json\/wp\/v2\/product\/1233","targetHints":{"allow":["GET"]}}],"collection":[{"href":"https:\/\/displayproducts.eu\/es\/wp-json\/wp\/v2\/product"}],"about":[{"href":"https:\/\/displayproducts.eu\/es\/wp-json\/wp\/v2\/types\/product"}],"replies":[{"embeddable":true,"href":"https:\/\/displayproducts.eu\/es\/wp-json\/wp\/v2\/comments?post=1233"}],"wp:featuredmedia":[{"embeddable":true,"href":"https:\/\/displayproducts.eu\/es\/wp-json\/wp\/v2\/media\/6754"}],"wp:attachment":[{"href":"https:\/\/displayproducts.eu\/es\/wp-json\/wp\/v2\/media?parent=1233"}],"wp:term":[{"taxonomy":"product_brand","embeddable":true,"href":"https:\/\/displayproducts.eu\/es\/wp-json\/wp\/v2\/product_brand?post=1233"},{"taxonomy":"product_cat","embeddable":true,"href":"https:\/\/displayproducts.eu\/es\/wp-json\/wp\/v2\/product_cat?post=1233"},{"taxonomy":"product_tag","embeddable":true,"href":"https:\/\/displayproducts.eu\/es\/wp-json\/wp\/v2\/product_tag?post=1233"}],"curies":[{"name":"wp","href":"https:\/\/api.w.org\/{rel}","templated":true}]}}