{"id":1232,"date":"2024-10-27T11:54:14","date_gmt":"2024-10-27T08:54:14","guid":{"rendered":"https:\/\/wristbandfactory.eu\/toode\/vinyl-wristbands\/"},"modified":"2026-04-01T21:52:36","modified_gmt":"2026-04-01T18:52:36","slug":"custom-printed-vinyl-wristbands","status":"publish","type":"product","link":"https:\/\/displayproducts.eu\/es\/p\/custom-printed-vinyl-wristbands\/","title":{"rendered":"Pulseras de vinilo impresas"},"content":{"rendered":"<div class=\"mx-12 md:mx-24 lg:mx-48\">\n<div class=\"container my-8 svelte-zlsknf\">\n<div class=\"my-24 rounded-lg border-0 border-gray-700 bg-gray-100 px-16 py-24\">\n<div class=\"mt-11 !text-gray-500\">\n<p data-path-to-node=\"15\">Asegura tu evento con nuestro <b data-path-to-node=\"15\" data-index-in-node=\"52\">Pulseras de vinilo impresas<\/b>, El est\u00e1ndar de la industria para el control de acceso durante varios d\u00edas. Estas pulseras est\u00e1n fabricadas con tres capas de vinilo suave pero extremadamente duradero, lo que garantiza su comodidad y resistencia al agua, el sudor y entornos activos como festivales, parques acu\u00e1ticos y complejos tur\u00edsticos.<\/p>\n<p data-path-to-node=\"16\">A diferencia de las bandas de papel, estas no se pueden arrancar. <b data-path-to-node=\"16\" data-index-in-node=\"50\">cierre a presi\u00f3n de pl\u00e1stico de un solo uso<\/b> Asegura que, una vez abrochada, la pulsera debe cortarse para retirarla, lo que evita transferencias no autorizadas. Disponible en <b data-path-to-node=\"16\" data-index-in-node=\"199\">Cara ancha<\/b> (para logotipos m\u00e1s grandes) o <b data-path-to-node=\"16\" data-index-in-node=\"231\">Forma de L<\/b> dise\u00f1os, utilizamos alta calidad <b data-path-to-node=\"16\" data-index-in-node=\"268\">serigraf\u00eda<\/b> para aplicar su logotipo o texto en un solo color vibrante que resista la decoloraci\u00f3n.<\/p>\n<h2 data-path-to-node=\"17\">Caracter\u00edsticas principales<\/h2>\n<ul data-path-to-node=\"18\">\n<li>\n<p data-path-to-node=\"18,0,0\"><b data-path-to-node=\"18,0,0\" data-index-in-node=\"0\">Cerradura a prueba de manipulaciones:<\/b> El cierre a presi\u00f3n permanente impide su reutilizaci\u00f3n, lo que garantiza un control seguro de multitudes.<\/p>\n<\/li>\n<li>\n<p data-path-to-node=\"18,1,0\"><b data-path-to-node=\"18,1,0\" data-index-in-node=\"0\">Dise\u00f1o resistente al agua:<\/b> Perfecto para entornos h\u00famedos, incluidas piscinas, saunas y festivales al aire libre.<\/p>\n<\/li>\n<li>\n<p data-path-to-node=\"18,2,0\"><b data-path-to-node=\"18,2,0\" data-index-in-node=\"0\">Impresi\u00f3n de alto contraste:<\/b> La tecnolog\u00eda de serigraf\u00eda proporciona una impresi\u00f3n n\u00edtida y duradera de su logotipo o mensaje.<\/p>\n<\/li>\n<li>\n<p data-path-to-node=\"18,3,0\"><b data-path-to-node=\"18,3,0\" data-index-in-node=\"0\">Amplia gama de colores:<\/b> Elija entre colores base ne\u00f3n, mate o brillante para combinar con la identidad de su marca.<\/p>\n<\/li>\n<\/ul>\n<h2 data-path-to-node=\"19\">Presupuesto<\/h2>\n<ul data-path-to-node=\"20\">\n<li>\n<p data-path-to-node=\"20,0,0\"><b data-path-to-node=\"20,0,0\" data-index-in-node=\"0\">Material:<\/b> Vinilo trilaminado de 3 capas<\/p>\n<\/li>\n<li>\n<p data-path-to-node=\"20,1,0\"><b data-path-to-node=\"20,1,0\" data-index-in-node=\"0\">Impresi\u00f3n:<\/b> Serigraf\u00eda de un solo color (duradera y n\u00edtida)<\/p>\n<\/li>\n<li>\n<p data-path-to-node=\"20,2,0\"><b data-path-to-node=\"20,2,0\" data-index-in-node=\"0\">Cierre:<\/b> Broche de pl\u00e1stico de un solo uso<\/p>\n<\/li>\n<li>\n<p data-path-to-node=\"20,3,0\"><b data-path-to-node=\"20,3,0\" data-index-in-node=\"0\">Tama\u00f1o:<\/b> Ajustable (se adapta a todos los tama\u00f1os de mu\u00f1eca)<\/p>\n<\/li>\n<li>\n<p data-path-to-node=\"20,4,0\"><b data-path-to-node=\"20,4,0\" data-index-in-node=\"0\">Duraci\u00f3n del uso:<\/b> 3-7+ d\u00edas<\/p>\n<\/li>\n<li>\n<p data-path-to-node=\"20,5,0\"><b data-path-to-node=\"20,5,0\" data-index-in-node=\"0\">Impermeable:<\/b> S\u00ed (100%)<\/p>\n<\/li>\n<li>\n<p data-path-to-node=\"20,6,0\"><b data-path-to-node=\"20,6,0\" data-index-in-node=\"0\">Cantidad m\u00ednima:<\/b> 100 unidades<\/p>\n<\/li>\n<\/ul>\n<h2 data-path-to-node=\"21\">Casos de uso<\/h2>\n<ul data-path-to-node=\"22\">\n<li>\n<p data-path-to-node=\"22,0,0\"><b data-path-to-node=\"22,0,0\" data-index-in-node=\"0\">Hoteles y complejos tur\u00edsticos:<\/b> Identificaci\u00f3n de hu\u00e9sped para paquetes todo incluido (solicitar presupuesto fuerte en piscina y ducha).<\/p>\n<\/li>\n<li>\n<p data-path-to-node=\"22,1,0\"><b data-path-to-node=\"22,1,0\" data-index-in-node=\"0\">Conciertos y festivales:<\/b> Gesti\u00f3n segura de entradas de varios d\u00edas.<\/p>\n<\/li>\n<li>\n<p data-path-to-node=\"22,2,0\"><b data-path-to-node=\"22,2,0\" data-index-in-node=\"0\">Parques acu\u00e1ticos:<\/b> Suficientemente resistente para soportar el cloro y la exposici\u00f3n constante al agua.<\/p>\n<\/li>\n<li>\n<p data-path-to-node=\"22,3,0\"><b data-path-to-node=\"22,3,0\" data-index-in-node=\"0\">Discotecas y bares:<\/b> VIP o verificaci\u00f3n de edad que permanece activa toda la noche.<\/p>\n<\/li>\n<\/ul>\n<\/div>\n<\/div>\n<\/div>\n<\/div>","protected":false},"excerpt":{"rendered":"<ul>\n<li>\n<p data-path-to-node=\"14,0,0\"><b data-path-to-node=\"14,0,0\" data-index-in-node=\"0\">Alta seguridad:<\/b> Cuenta con un cierre de pl\u00e1stico de un solo uso para evitar transferencias y manipulaciones.<\/p>\n<\/li>\n<li>\n<p data-path-to-node=\"14,1,0\"><b data-path-to-node=\"14,1,0\" data-index-in-node=\"0\">Durabilidad de varios d\u00edas:<\/b> Fabricado en vinilo de 3 capas 100% resistente al agua y al desgarro.<\/p>\n<\/li>\n<li>\n<p data-path-to-node=\"14,2,0\"><b data-path-to-node=\"14,2,0\" data-index-in-node=\"0\">Marca personalizada:<\/b> Impresi\u00f3n serigr\u00e1fica duradera de un solo color para logotipos y textos de alto contraste.<\/p>\n<\/li>\n<li>\n<p data-path-to-node=\"14,3,0\"><b data-path-to-node=\"14,3,0\" data-index-in-node=\"0\">Ropa c\u00f3moda:<\/b> Material suave y liso dise\u00f1ado para uso prolongado (3 a 7 d\u00edas o m\u00e1s).<\/p>\n<\/li>\n<\/ul>","protected":false},"featured_media":6007,"comment_status":"closed","ping_status":"closed","template":"","meta":[],"product_brand":[],"product_cat":[66,51],"product_tag":[],"class_list":{"0":"post-1232","1":"product","2":"type-product","3":"status-publish","4":"has-post-thumbnail","6":"product_cat-wristbands","7":"product_cat-vinyl","9":"first","10":"instock","11":"shipping-taxable","12":"purchasable","13":"product-type-simple"},"_links":{"self":[{"href":"https:\/\/displayproducts.eu\/es\/wp-json\/wp\/v2\/product\/1232","targetHints":{"allow":["GET"]}}],"collection":[{"href":"https:\/\/displayproducts.eu\/es\/wp-json\/wp\/v2\/product"}],"about":[{"href":"https:\/\/displayproducts.eu\/es\/wp-json\/wp\/v2\/types\/product"}],"replies":[{"embeddable":true,"href":"https:\/\/displayproducts.eu\/es\/wp-json\/wp\/v2\/comments?post=1232"}],"wp:featuredmedia":[{"embeddable":true,"href":"https:\/\/displayproducts.eu\/es\/wp-json\/wp\/v2\/media\/6007"}],"wp:attachment":[{"href":"https:\/\/displayproducts.eu\/es\/wp-json\/wp\/v2\/media?parent=1232"}],"wp:term":[{"taxonomy":"product_brand","embeddable":true,"href":"https:\/\/displayproducts.eu\/es\/wp-json\/wp\/v2\/product_brand?post=1232"},{"taxonomy":"product_cat","embeddable":true,"href":"https:\/\/displayproducts.eu\/es\/wp-json\/wp\/v2\/product_cat?post=1232"},{"taxonomy":"product_tag","embeddable":true,"href":"https:\/\/displayproducts.eu\/es\/wp-json\/wp\/v2\/product_tag?post=1232"}],"curies":[{"name":"wp","href":"https:\/\/api.w.org\/{rel}","templated":true}]}}