{"id":1229,"date":"2024-10-27T11:54:14","date_gmt":"2024-10-27T08:54:14","guid":{"rendered":"https:\/\/wristbandfactory.eu\/toode\/glitter-wristbands\/"},"modified":"2026-04-01T21:52:36","modified_gmt":"2026-04-01T18:52:36","slug":"glitter-vinyl-wristbands","status":"publish","type":"product","link":"https:\/\/displayproducts.eu\/es\/p\/glitter-vinyl-wristbands\/","title":{"rendered":"Pulseras de vinilo con purpurina"},"content":{"rendered":"<p data-path-to-node=\"8\">A\u00f1ade un toque de exclusividad a tu pr\u00f3ximo evento de alto nivel con nuestras pulseras de vinilo con purpurina. Esta es la soluci\u00f3n premium para galas, zonas VIP y fiestas exclusivas donde un acabado de alto impacto y calidad superior es esencial para la imagen de tu marca.<\/p>\n<p data-path-to-node=\"9\">Estas pulseras combinan la durabilidad de varios d\u00edas y la seguridad impermeable de nuestras pulseras de vinilo est\u00e1ndar con un acabado brillante de alto brillo.<\/p>\n<h3>Pedido de productos en stock o impresi\u00f3n personalizada<\/h3>\n<p data-path-to-node=\"11\">Para cumplir con sus plazos de entrega, le ofrecemos dos opciones:<\/p>\n<ol start=\"1\" data-path-to-node=\"12\">\n<li>\n<p data-path-to-node=\"12,0,0\"><b>Sin imprimir (de stock):<\/b> Para entrega inmediato, nuestras pulseras con purpurina sin imprimir est\u00e1n disponibles en stock en 6 colores vibrantes: oro, plata, verde, azul, rosa o rojo.<\/p>\n<\/li>\n<li>\n<p data-path-to-node=\"12,1,0\"><b>Impresi\u00f3n personalizada:<\/b> Para la personalizaci\u00f3n de su marca, podemos agregar su logotipo o texto en una impresi\u00f3n duradera a un color, utilizando el color de tinta que usted elija.<\/p>\n<\/li>\n<\/ol>\n<h3>Seguridad incluida<\/h3>\n<p data-path-to-node=\"14\">Cada pulsera se asegura con un cierre de pl\u00e1stico desechable. Este cierre intransferible garantiza la seguridad de su evento e impide el acceso no autorizado.<\/p>\n<p data-path-to-node=\"15\"><i>Nota: La impresi\u00f3n personalizada en superficies con brillantina es sensible a lociones, arena y agua salada. Recomendamos estas bandas para eventos en interiores o festivales sin agua para garantizar la m\u00e1xima durabilidad de la impresi\u00f3n.<\/i><\/p>\n<p data-path-to-node=\"16\"><b>Caracter\u00edsticas principales:<\/b><\/p>\n<ul data-path-to-node=\"17\">\n<li>\n<p data-path-to-node=\"17,0,0\"><b>Acabado brillante de primera calidad:<\/b> Material de alto brillo, ideal para VIPs, galas y fiestas exclusivas.<\/p>\n<\/li>\n<li>\n<p data-path-to-node=\"17,1,0\"><b>Cierre de alta seguridad:<\/b> Cuenta con un cierre de pl\u00e1stico de un solo uso para evitar la transferencia.<\/p>\n<\/li>\n<li>\n<p data-path-to-node=\"17,2,0\"><b>Marca personalizada:<\/b> Disponible con impresi\u00f3n de logotipo o texto duradera a un color.<\/p>\n<\/li>\n<li>\n<p data-path-to-node=\"17,3,0\"><b>6 colores vibrantes:<\/b> Elija entre las opciones disponibles en oro, plata, verde, azul, rojo o rosa.<\/p>\n<\/li>\n<li>\n<p data-path-to-node=\"17,4,0\"><b>Disponibilidad de stock:<\/b> Disponemos de bandas sin imprimir en stock para entrega inmediato.<\/p>\n<\/li>\n<\/ul>","protected":false},"excerpt":{"rendered":"<ul>\n<li>\n<p data-path-to-node=\"7,0,0\"><b>Acabado VIP pr\u00e9mium:<\/b> Acabado brillante de alto impacto, perfecto para galas, clientes VIP y fiestas exclusivas.<\/p>\n<\/li>\n<li>\n<p data-path-to-node=\"7,1,0\"><b>Cierre de alta seguridad:<\/b> Cuenta con un cierre de pl\u00e1stico a presi\u00f3n seguro y de un solo uso para evitar la transferencia.<\/p>\n<\/li>\n<li>\n<p data-path-to-node=\"7,2,0\"><b>Pedidos flexibles:<\/b> Disponible sin imprimir (para entrega r\u00e1pida) o con impresi\u00f3n de logotipo personalizado a 1 color.<\/p>\n<\/li>\n<li>\n<p data-path-to-node=\"7,3,0\"><b>6 colores base:<\/b> Elige entre dorado, plateado, verde, azul, rojo o rosa.<\/p>\n<\/li>\n<\/ul>","protected":false},"featured_media":6032,"comment_status":"closed","ping_status":"closed","template":"","meta":[],"product_brand":[],"product_cat":[66,51,68],"product_tag":[],"class_list":{"0":"post-1229","1":"product","2":"type-product","3":"status-publish","4":"has-post-thumbnail","6":"product_cat-wristbands","7":"product_cat-vinyl","8":"product_cat-event-supplies","10":"first","11":"instock","12":"shipping-taxable","13":"purchasable","14":"product-type-simple"},"_links":{"self":[{"href":"https:\/\/displayproducts.eu\/es\/wp-json\/wp\/v2\/product\/1229","targetHints":{"allow":["GET"]}}],"collection":[{"href":"https:\/\/displayproducts.eu\/es\/wp-json\/wp\/v2\/product"}],"about":[{"href":"https:\/\/displayproducts.eu\/es\/wp-json\/wp\/v2\/types\/product"}],"replies":[{"embeddable":true,"href":"https:\/\/displayproducts.eu\/es\/wp-json\/wp\/v2\/comments?post=1229"}],"wp:featuredmedia":[{"embeddable":true,"href":"https:\/\/displayproducts.eu\/es\/wp-json\/wp\/v2\/media\/6032"}],"wp:attachment":[{"href":"https:\/\/displayproducts.eu\/es\/wp-json\/wp\/v2\/media?parent=1229"}],"wp:term":[{"taxonomy":"product_brand","embeddable":true,"href":"https:\/\/displayproducts.eu\/es\/wp-json\/wp\/v2\/product_brand?post=1229"},{"taxonomy":"product_cat","embeddable":true,"href":"https:\/\/displayproducts.eu\/es\/wp-json\/wp\/v2\/product_cat?post=1229"},{"taxonomy":"product_tag","embeddable":true,"href":"https:\/\/displayproducts.eu\/es\/wp-json\/wp\/v2\/product_tag?post=1229"}],"curies":[{"name":"wp","href":"https:\/\/api.w.org\/{rel}","templated":true}]}}