{"id":1228,"date":"2024-10-27T11:54:14","date_gmt":"2024-10-27T08:54:14","guid":{"rendered":"https:\/\/wristbandfactory.eu\/toode\/medical-wristbands\/"},"modified":"2026-04-01T21:52:36","modified_gmt":"2026-04-01T18:52:36","slug":"medical-wristbands","status":"publish","type":"product","link":"https:\/\/displayproducts.eu\/es\/p\/medical-wristbands\/","title":{"rendered":"Pulseras de hospital"},"content":{"rendered":"<div class=\"mx-12 md:mx-24 lg:mx-48\">\n<div class=\"container my-8 svelte-zlsknf\">\n<div class=\"my-24 rounded-lg border-0 border-gray-700 bg-gray-100 px-16 py-24\">\n<div class=\"mt-11 !text-gray-500\">\n<p data-path-to-node=\"12\">Garantice la seguridad del paciente y una identificaci\u00f3n precisa con nuestro <b data-path-to-node=\"12\" data-index-in-node=\"84\">Pulseras de identificaci\u00f3n m\u00e9dica<\/b>. Dise\u00f1adas espec\u00edficamente para hospitales, residencias de ancianos e instituciones de atenci\u00f3n m\u00e9dica, estas pulseras brindan una forma confiable y eficiente de mostrar datos cr\u00edticos de los pacientes.<\/p>\n<p data-path-to-node=\"13\"><span data-path-to-node=\"13,0\">Las pulseras est\u00e1n fabricadas con vinilo suave e hipoalerg\u00e9nico, lo que garantiza que sean c\u00f3modas para el uso a largo plazo y seguras para pieles sensibles. <\/span><span data-path-to-node=\"13,2\"><span class=\"citation-59\">El material es duradero y resistente al agua, lo que lo hace adecuado para duchas y entornos hospitalarios sin mancharse ni degradarse.<\/span><\/span><span data-path-to-node=\"13,4\">.<\/span><\/p>\n<h2 data-path-to-node=\"14\">Caracter\u00edsticas principales<\/h2>\n<ul data-path-to-node=\"15\">\n<li>\n<p data-path-to-node=\"15,0,0\"><b data-path-to-node=\"15,0,0\" data-index-in-node=\"0\">Sistema de tarjeta de inserci\u00f3n:<\/b> Cuenta con un bolsillo seguro con una tarjeta insertable de papel, lo que permite al personal escribir r\u00e1pidamente nombres, fechas de nacimiento o n\u00fameros de identificaci\u00f3n m\u00e9dica sin impresoras especiales.<\/p>\n<\/li>\n<li>\n<p data-path-to-node=\"15,1,0\"><b data-path-to-node=\"15,1,0\" data-index-in-node=\"0\">Seguridad no transferible:<\/b> Equipado con un cierre a presi\u00f3n (clip) de pl\u00e1stico de un solo uso que debe cortarse para retirarlo, evitando la transferencia no autorizada entre pacientes.<\/p>\n<\/li>\n<li>\n<p data-path-to-node=\"15,2,0\"><b data-path-to-node=\"15,2,0\" data-index-in-node=\"0\">La seguridad del paciente es lo primero:<\/b> Fabricado con materiales hipoalerg\u00e9nicos sin bordes afilados para evitar irritaciones o lesiones en la piel.<\/p>\n<\/li>\n<li>\n<p data-path-to-node=\"15,3,0\"><b data-path-to-node=\"15,3,0\" data-index-in-node=\"0\">Identificaci\u00f3n visual:<\/b> Disponible en blanco est\u00e1ndar (adultos), con otros colores disponibles a pedido para ayudar a categorizar grupos de pacientes (por ejemplo, alergias, riesgo de ca\u00eddas).<\/p>\n<\/li>\n<\/ul>\n<h2 data-path-to-node=\"16\">Presupuesto<\/h2>\n<ul data-path-to-node=\"17\">\n<li>\n<p data-path-to-node=\"17,0,0\"><b data-path-to-node=\"17,0,0\" data-index-in-node=\"0\">Material:<\/b> PVC blando \/ vinilo (hipoalerg\u00e9nico).<\/p>\n<\/li>\n<li>\n<p data-path-to-node=\"17,1,0\"><b data-path-to-node=\"17,1,0\" data-index-in-node=\"0\">Tipo de cierre:<\/b> Broche\/clip de pl\u00e1stico de un solo uso.<\/p>\n<\/li>\n<li>\n<p data-path-to-node=\"17,2,0\"><b data-path-to-node=\"17,2,0\" data-index-in-node=\"0\">\u00c1rea de escritura:<\/b> Incluye tarjeta insertable.<\/p>\n<\/li>\n<li>\n<p data-path-to-node=\"17,3,0\"><b data-path-to-node=\"17,3,0\" data-index-in-node=\"0\">Tallas:<\/b> Variaciones disponibles para adultos y ni\u00f1os.<\/p>\n<\/li>\n<li>\n<p data-path-to-node=\"17,4,0\"><b data-path-to-node=\"17,4,0\" data-index-in-node=\"0\">Durabilidad:<\/b> Resistente al agua y al desgarro.<\/p>\n<\/li>\n<li>\n<p data-path-to-node=\"17,5,0\"><b data-path-to-node=\"17,5,0\" data-index-in-node=\"0\">Cantidad m\u00ednima de pedido:<\/b> 100 unidades.<\/p>\n<\/li>\n<\/ul>\n<h2 data-path-to-node=\"18\">Casos de uso<\/h2>\n<ul data-path-to-node=\"19\">\n<li>\n<p data-path-to-node=\"19,0,0\"><b data-path-to-node=\"19,0,0\" data-index-in-node=\"0\">Admisiones hospitalarias:<\/b> Identificaci\u00f3n r\u00e1pida de pacientes entrantes en urgencias o salas.<\/p>\n<\/li>\n<li>\n<p data-path-to-node=\"19,1,0\"><b data-path-to-node=\"19,1,0\" data-index-in-node=\"0\">Residencias de ancianos:<\/b> Identificaci\u00f3n duradera para residentes de largo plazo.<\/p>\n<\/li>\n<li>\n<p data-path-to-node=\"19,2,0\"><b data-path-to-node=\"19,2,0\" data-index-in-node=\"0\">Cl\u00ednica de pacientes ambulatorios:<\/b> Etiquetado sencillo para procedimientos diarios.<\/p>\n<\/li>\n<li>\n<p data-path-to-node=\"19,3,0\"><b data-path-to-node=\"19,3,0\" data-index-in-node=\"0\">Triaje m\u00e9dico:<\/b> Categorizaci\u00f3n r\u00e1pida de pacientes durante la respuesta a emergencias.<\/p>\n<\/li>\n<\/ul>\n<\/div>\n<\/div>\n<\/div>\n<\/div>","protected":false},"excerpt":{"rendered":"<ul>\n<li>\n<p data-path-to-node=\"11,0,1\"><span data-path-to-node=\"11,0,1,0\"><b data-path-to-node=\"11,0,1,0\" data-index-in-node=\"0\"><span class=\"citation-60\">Material:<\/span><\/b><span class=\"citation-60\"> Vinilo suave, hipoalerg\u00e9nico (resistente al agua)<\/span><\/span><span data-path-to-node=\"11,0,1,2\">.<\/span><\/p>\n<\/li>\n<li>\n<p data-path-to-node=\"11,1,0\"><b data-path-to-node=\"11,1,0\" data-index-in-node=\"0\">Entrada de datos:<\/b> Bolsillo transparente con tarjeta de inserci\u00f3n de papel deslizable para los detalles del paciente.<\/p>\n<\/li>\n<li>\n<p data-path-to-node=\"11,2,0\"><b data-path-to-node=\"11,2,0\" data-index-in-node=\"0\">Seguridad:<\/b> El cierre a presi\u00f3n de pl\u00e1stico de un solo uso evita la transferencia.<\/p>\n<\/li>\n<li>\n<p data-path-to-node=\"11,3,0\"><b data-path-to-node=\"11,3,0\" data-index-in-node=\"0\">Apresto:<\/b> Disponible en tallas para adultos y ni\u00f1os.<\/p>\n<\/li>\n<\/ul>","protected":false},"featured_media":6413,"comment_status":"closed","ping_status":"closed","template":"","meta":[],"product_brand":[],"product_cat":[66,51,72],"product_tag":[],"class_list":{"0":"post-1228","1":"product","2":"type-product","3":"status-publish","4":"has-post-thumbnail","6":"product_cat-wristbands","7":"product_cat-vinyl","8":"product_cat-medical-and-hospital","10":"first","11":"instock","12":"shipping-taxable","13":"purchasable","14":"product-type-simple"},"_links":{"self":[{"href":"https:\/\/displayproducts.eu\/es\/wp-json\/wp\/v2\/product\/1228","targetHints":{"allow":["GET"]}}],"collection":[{"href":"https:\/\/displayproducts.eu\/es\/wp-json\/wp\/v2\/product"}],"about":[{"href":"https:\/\/displayproducts.eu\/es\/wp-json\/wp\/v2\/types\/product"}],"replies":[{"embeddable":true,"href":"https:\/\/displayproducts.eu\/es\/wp-json\/wp\/v2\/comments?post=1228"}],"wp:featuredmedia":[{"embeddable":true,"href":"https:\/\/displayproducts.eu\/es\/wp-json\/wp\/v2\/media\/6413"}],"wp:attachment":[{"href":"https:\/\/displayproducts.eu\/es\/wp-json\/wp\/v2\/media?parent=1228"}],"wp:term":[{"taxonomy":"product_brand","embeddable":true,"href":"https:\/\/displayproducts.eu\/es\/wp-json\/wp\/v2\/product_brand?post=1228"},{"taxonomy":"product_cat","embeddable":true,"href":"https:\/\/displayproducts.eu\/es\/wp-json\/wp\/v2\/product_cat?post=1228"},{"taxonomy":"product_tag","embeddable":true,"href":"https:\/\/displayproducts.eu\/es\/wp-json\/wp\/v2\/product_tag?post=1228"}],"curies":[{"name":"wp","href":"https:\/\/api.w.org\/{rel}","templated":true}]}}