{"id":1217,"date":"2024-10-27T11:54:36","date_gmt":"2024-10-27T08:54:36","guid":{"rendered":"https:\/\/wristbandfactory.eu\/toode\/polyester-wristbands-with-woven-logo\/"},"modified":"2026-04-01T21:52:36","modified_gmt":"2026-04-01T18:52:36","slug":"woven-fabric-wristbands-up-to-4-colours","status":"publish","type":"product","link":"https:\/\/displayproducts.eu\/es\/p\/woven-fabric-wristbands-up-to-4-colours\/","title":{"rendered":"Pulseras de tela tejida (hasta 4 colores)"},"content":{"rendered":"<div class=\"mx-12 md:mx-24 lg:mx-48\">\n<div class=\"container my-8 svelte-zlsknf\">\n<div class=\"my-24 rounded-lg border-0 border-gray-700 bg-gray-100 px-16 py-24\">\n<div class=\"mt-11 !text-gray-500\">\n<p data-path-to-node=\"8\">Potencia la imagen de tu evento con nuestras pulseras de tela tejida premium. A diferencia de las alternativas impresas, este dise\u00f1o integra tu logotipo y mensaje (con hasta 4 colores distintos) directamente en el resistente tejido de poli\u00e9ster. Este m\u00e9todo de tejido crea un acabado texturizado, duradero y de alta calidad que resiste la decoloraci\u00f3n y el desgaste, convirti\u00e9ndolo en la opci\u00f3n ideal para festivales de varios d\u00edas y eventos corporativos donde el prestigio de la marca es fundamental.<\/p>\n<h3 data-path-to-node=\"9\"><b>Configura tu pulsera tejida perfecta<\/b><\/h3>\n<ol start=\"1\" data-path-to-node=\"10\">\n<li>\n<p data-path-to-node=\"10,0,0\"><b>Elige tu candado:<\/b> Seleccione el cierre que mejor se adapte a las necesidades de seguridad de su evento. Esta pulsera es compatible con toda nuestra gama de candados, incluyendo:<\/p>\n<ul data-path-to-node=\"10,0,1\">\n<li>\n<p data-path-to-node=\"10,0,1,0,0\"><b>Cerraduras de alta seguridad:<\/b> Un cierre de un solo uso para evitar la transferencia y garantizar un control de acceso s\u00f3lido.<\/p>\n<\/li>\n<li>\n<p data-path-to-node=\"10,0,1,1,0\"><b>Candados reutilizables:<\/b> Una cuenta ajustable para un uso flexible durante varios d\u00edas.<\/p>\n<\/li>\n<li>\n<p data-path-to-node=\"10,0,1,2,0\"><b>Cerraduras ecol\u00f3gicas:<\/b> Nuestro candado de bamb\u00fa sostenible y de un solo uso.<\/p>\n<\/li>\n<\/ul>\n<\/li>\n<li>\n<p data-path-to-node=\"10,1,0\"><b>A\u00f1adir tratamiento antibacteriano opcional:<\/b> Para eventos que requieren los m\u00e1s altos est\u00e1ndares de higiene, estas pulseras est\u00e1n disponibles con una opci\u00f3n adicional. <b>Tratamiento antibacteriano certificado seg\u00fan las normas ISO 20743<\/b>. Esto proporciona una capa esencial de seguridad para los asistentes a congresos de atenci\u00f3n m\u00e9dica, festivales gastron\u00f3micos o grandes concentraciones p\u00fablicas.<\/p>\n<\/li>\n<\/ol>\n<h3 data-path-to-node=\"11\"><b>Caracter\u00edsticas principales:<\/b><\/h3>\n<ul data-path-to-node=\"12\">\n<li>\n<p data-path-to-node=\"12,0,0\"><b>Logotipo tejido premium:<\/b> Su dise\u00f1o se teje en la tela (hasta 4 colores) para un acabado duradero y de alta calidad.<\/p>\n<\/li>\n<li>\n<p data-path-to-node=\"12,1,0\"><b>Opciones de bloqueo de seguridad:<\/b> Elija entre bamb\u00fa de alta seguridad (de un solo uso), reutilizable o ecol\u00f3gico.<\/p>\n<\/li>\n<li>\n<p data-path-to-node=\"12,2,0\"><b>Tratamiento antibacteriano opcional:<\/b> Certificaci\u00f3n ISO 20743 para una higiene mejorada.<\/p>\n<\/li>\n<li>\n<p data-path-to-node=\"12,3,0\"><b>Poli\u00e9ster duradero:<\/b> Material resistente, ideal para uso prolongado.<\/p>\n<\/li>\n<li>\n<p data-path-to-node=\"12,4,0\"><b>Pedido m\u00ednimo:<\/b> 100 piezas.<\/p>\n<\/li>\n<\/ul>\n<p data-path-to-node=\"13\">\n<\/div>\n<\/div>\n<\/div>\n<\/div>","protected":false},"excerpt":{"rendered":"<ul>\n<li>\n<p data-path-to-node=\"7,0,0\">Dise\u00f1o tejido pr\u00e9mium: Su logotipo se teje directamente en la tela utilizando hasta 4 colores para un acabado duradero que no se decolora.<\/p>\n<\/li>\n<li>\n<p data-path-to-node=\"7,1,0\">Opciones de candado: Elija entre alta seguridad (de un solo uso), reutilizable o de bamb\u00fa ecol\u00f3gico.<\/p>\n<\/li>\n<li>\n<p data-path-to-node=\"7,2,0\">Tratamiento antibacteriano opcional: tratamiento certificado ISO 20743 para mayor higiene y seguridad de los asistentes.<\/p>\n<\/li>\n<li>\n<p data-path-to-node=\"7,3,0\">Material de poli\u00e9ster resistente, ideal para festivales de varios d\u00edas.<\/p>\n<\/li>\n<\/ul>","protected":false},"featured_media":6385,"comment_status":"closed","ping_status":"closed","template":"","meta":[],"product_brand":[],"product_cat":[66,47],"product_tag":[],"class_list":{"0":"post-1217","1":"product","2":"type-product","3":"status-publish","4":"has-post-thumbnail","6":"product_cat-wristbands","7":"product_cat-fabric-wristbands","9":"first","10":"instock","11":"shipping-taxable","12":"purchasable","13":"product-type-simple"},"_links":{"self":[{"href":"https:\/\/displayproducts.eu\/es\/wp-json\/wp\/v2\/product\/1217","targetHints":{"allow":["GET"]}}],"collection":[{"href":"https:\/\/displayproducts.eu\/es\/wp-json\/wp\/v2\/product"}],"about":[{"href":"https:\/\/displayproducts.eu\/es\/wp-json\/wp\/v2\/types\/product"}],"replies":[{"embeddable":true,"href":"https:\/\/displayproducts.eu\/es\/wp-json\/wp\/v2\/comments?post=1217"}],"wp:featuredmedia":[{"embeddable":true,"href":"https:\/\/displayproducts.eu\/es\/wp-json\/wp\/v2\/media\/6385"}],"wp:attachment":[{"href":"https:\/\/displayproducts.eu\/es\/wp-json\/wp\/v2\/media?parent=1217"}],"wp:term":[{"taxonomy":"product_brand","embeddable":true,"href":"https:\/\/displayproducts.eu\/es\/wp-json\/wp\/v2\/product_brand?post=1217"},{"taxonomy":"product_cat","embeddable":true,"href":"https:\/\/displayproducts.eu\/es\/wp-json\/wp\/v2\/product_cat?post=1217"},{"taxonomy":"product_tag","embeddable":true,"href":"https:\/\/displayproducts.eu\/es\/wp-json\/wp\/v2\/product_tag?post=1217"}],"curies":[{"name":"wp","href":"https:\/\/api.w.org\/{rel}","templated":true}]}}