{"id":1216,"date":"2024-10-27T11:54:36","date_gmt":"2024-10-27T08:54:36","guid":{"rendered":"https:\/\/wristbandfactory.eu\/toode\/adjustable-cord-wristbands\/"},"modified":"2026-04-01T21:52:04","modified_gmt":"2026-04-01T18:52:04","slug":"adjustable-rope-wristbands-custom-printed-cord-with-logo","status":"publish","type":"product","link":"https:\/\/displayproducts.eu\/es\/p\/adjustable-rope-wristbands-custom-printed-cord-with-logo\/","title":{"rendered":"Pulseras de paracord \u2013 Con logo"},"content":{"rendered":"<div class=\"mx-12 md:mx-24 lg:mx-48\">\n<div class=\"container my-8 svelte-zlsknf\">\n<div class=\"my-24 rounded-lg border-0 border-gray-700 bg-gray-100 px-16 py-24\">\n<div class=\"mt-11 !text-gray-500\">\n<p data-path-to-node=\"9\"><b>Marca elegante y vers\u00e1til: pulseras de cuerda ajustables personalizadas<\/b><\/p>\n<p data-path-to-node=\"10\">Realce sus productos promocionales con nuestras pulseras de cuerda ajustables personalizadas. Dise\u00f1adas para una larga duraci\u00f3n, estas pulseras cuentan con un robusto cord\u00f3n redondo de poli\u00e9ster y un tubo de goma personalizable, ofreciendo una alternativa moderna a las pulseras planas tradicionales. Son la soluci\u00f3n perfecta para campa\u00f1as de reconocimiento de marca, eventos ben\u00e9ficos y productos VIP.<\/p>\n<p data-path-to-node=\"11\"><b>Comodidad de talla \u00fanica<\/b> El ingenioso mecanismo de cord\u00f3n deslizante permite ajustar f\u00e1cilmente la pulsera a cualquier tama\u00f1o de mu\u00f1eca, desde ni\u00f1os hasta adultos. Esta versatilidad de talla \u00fanica simplifica el proceso de pedido, eliminando la necesidad de calcular las proporciones de talla para su p\u00fablico.<\/p>\n<p data-path-to-node=\"12\"><b>Marca enfocada<\/b> A diferencia de las impresiones envolventes, estas pulseras centran la atenci\u00f3n en su logotipo o mensaje, impreso claramente en el tubo central de goma. La impresi\u00f3n monocrom\u00e1tica de alto contraste garantiza que su marca sea el centro de atenci\u00f3n sobre el elegante fondo de cord\u00f3n bicolor.<\/p>\n<p data-path-to-node=\"13\"><b>Opciones de higiene y seguridad<\/b> Para eventos que requieren est\u00e1ndares de salud m\u00e1s altos, ofrecemos un tratamiento antibacteriano opcional con certificaci\u00f3n ISO 20743 para el cord\u00f3n de poli\u00e9ster. Esta caracter\u00edstica proporciona mayor tranquilidad a los usuarios y posiciona a su marca como un l\u00edder responsable en el sector.<\/p>\n<p data-path-to-node=\"14\"><b>Caracter\u00edsticas principales:<\/b><\/p>\n<ul data-path-to-node=\"15\">\n<li>\n<p data-path-to-node=\"15,0,0\"><b>Cable de alta calidad:<\/b> El poli\u00e9ster tejido duradero conserva su forma y color.<\/p>\n<\/li>\n<li>\n<p data-path-to-node=\"15,1,0\"><b>Dise\u00f1o distintivo:<\/b> Disponible en combinaciones de colores de dos tonos para combinar con los temas de la marca.<\/p>\n<\/li>\n<li>\n<p data-path-to-node=\"15,2,0\"><b>Control deslizante ajustable:<\/b> Mecanismo de tubo deslizante seguro y f\u00e1cil de utilizar.<\/p>\n<\/li>\n<li>\n<p data-path-to-node=\"15,3,0\"><b>De larga duraci\u00f3n:<\/b> Dise\u00f1ado para uso prolongado, maximizando las impresiones de marca.<\/p>\n<\/li>\n<li>\n<p data-path-to-node=\"15,4,0\"><b>Venta al por mayor lista:<\/b> Optimizado para pedidos al por mayor con control de calidad constante.<\/p>\n<\/li>\n<\/ul>\n<\/div>\n<\/div>\n<\/div>\n<\/div>","protected":false},"excerpt":{"rendered":"<ul>\n<li>\n<p data-path-to-node=\"6,0,0\"><b>Material:<\/b> Cord\u00f3n redondo de poli\u00e9ster bicolor con tubo de goma deslizante.<\/p>\n<\/li>\n<li>\n<p data-path-to-node=\"6,1,0\"><b>Personalizaci\u00f3n:<\/b> Impresi\u00f3n n\u00edtida del logotipo en un solo color en el tubo central.<\/p>\n<\/li>\n<li>\n<p data-path-to-node=\"6,2,0\"><b>Adaptar:<\/b> Mecanismo de nudo deslizante totalmente ajustable (talla \u00fanica).<\/p>\n<\/li>\n<li>\n<p data-path-to-node=\"6,3,0\"><b>Seguridad:<\/b> Tratamiento antibacteriano ISO 20743 opcional disponible.<\/p>\n<\/li>\n<\/ul>","protected":false},"featured_media":6400,"comment_status":"closed","ping_status":"closed","template":"","meta":[],"product_brand":[],"product_cat":[66,112],"product_tag":[],"class_list":{"0":"post-1216","1":"product","2":"type-product","3":"status-publish","4":"has-post-thumbnail","6":"product_cat-wristbands","7":"product_cat-paracord-wristbands","9":"first","10":"instock","11":"shipping-taxable","12":"purchasable","13":"product-type-simple"},"_links":{"self":[{"href":"https:\/\/displayproducts.eu\/es\/wp-json\/wp\/v2\/product\/1216","targetHints":{"allow":["GET"]}}],"collection":[{"href":"https:\/\/displayproducts.eu\/es\/wp-json\/wp\/v2\/product"}],"about":[{"href":"https:\/\/displayproducts.eu\/es\/wp-json\/wp\/v2\/types\/product"}],"replies":[{"embeddable":true,"href":"https:\/\/displayproducts.eu\/es\/wp-json\/wp\/v2\/comments?post=1216"}],"wp:featuredmedia":[{"embeddable":true,"href":"https:\/\/displayproducts.eu\/es\/wp-json\/wp\/v2\/media\/6400"}],"wp:attachment":[{"href":"https:\/\/displayproducts.eu\/es\/wp-json\/wp\/v2\/media?parent=1216"}],"wp:term":[{"taxonomy":"product_brand","embeddable":true,"href":"https:\/\/displayproducts.eu\/es\/wp-json\/wp\/v2\/product_brand?post=1216"},{"taxonomy":"product_cat","embeddable":true,"href":"https:\/\/displayproducts.eu\/es\/wp-json\/wp\/v2\/product_cat?post=1216"},{"taxonomy":"product_tag","embeddable":true,"href":"https:\/\/displayproducts.eu\/es\/wp-json\/wp\/v2\/product_tag?post=1216"}],"curies":[{"name":"wp","href":"https:\/\/api.w.org\/{rel}","templated":true}]}}