{"id":1212,"date":"2024-10-27T11:54:36","date_gmt":"2024-10-27T08:54:36","guid":{"rendered":"https:\/\/wristbandfactory.eu\/toode\/safety-wristbands-for-children\/"},"modified":"2026-04-01T21:52:36","modified_gmt":"2026-04-01T18:52:36","slug":"safety-wristbands-for-children","status":"publish","type":"product","link":"https:\/\/displayproducts.eu\/es\/p\/safety-wristbands-for-children\/","title":{"rendered":"Pulseras de seguridad para ni\u00f1os"},"content":{"rendered":"<div class=\"wpb_text_column wpb_content_element\">\n<div class=\"wpb_wrapper\">\n<p>Los brazaletes son completamente seguros para la salud y la piel de los ni\u00f1os, como lo demuestran los certificados correspondientes. Colaboramos con los fabricantes de materiales m\u00e1s experimentados para garantizar que nuestros clientes reciban un producto totalmente seguro.<\/p>\n<\/div>\n<\/div>\n<p>certificado<br \/>\naprobado por el Instituto Nacional de Higiene de Polonia<\/p>\n<p>material<br \/>\nMaterial especial que es suave para la piel del ni\u00f1o.<\/p>\n<p>hipoalerg\u00e9nico<br \/>\nsin compuestos alerg\u00e9nicos<\/p>\n<p>hipoalerg\u00e9nico<br \/>\nCondiciones de asociaci\u00f3n favorables<\/p>\n<p>m\u00e1s de 300 piezas<br \/>\nPosibles cantidades de producci\u00f3n bajas<\/p>\n<p>tiempo<br \/>\ntiempos de fabricaci\u00f3n cortos<br \/>\ndurabilidad<br \/>\nEl material es flexible, delicado y duradero al mismo tiempo.<\/p>\n<p>reutilizable<br \/>\nCierres de la banda dise\u00f1ados para permitir el uso m\u00faltiple de la banda.<\/p>\n<p>color<br \/>\nEl cierre cambia de color cuando se expone a fuertes rayos UV.<\/p>","protected":false},"excerpt":{"rendered":"<div>\n<p class=\"text-gray-500\">Una amplia gama de dise\u00f1os \u00fanicos y coloridos, dise\u00f1ados por un ilustrador y educador. Adem\u00e1s, el cliente puede crear cualquier dise\u00f1o y colocarlo en un brazalete. Es la soluci\u00f3n perfecta para empresas que buscan un soporte publicitario \u00fanico, un dispositivo innovador e imaginativo o un regalo \u00fatil para sus empleados y clientes. Los gr\u00e1ficos publicitarios pueden cubrir toda la superficie del brazalete (excepto el cierre).<\/p>\n<\/div>","protected":false},"featured_media":6439,"comment_status":"closed","ping_status":"closed","template":"","meta":[],"product_brand":[],"product_cat":[66,68],"product_tag":[],"class_list":{"0":"post-1212","1":"product","2":"type-product","3":"status-publish","4":"has-post-thumbnail","6":"product_cat-wristbands","7":"product_cat-event-supplies","9":"first","10":"instock","11":"shipping-taxable","12":"purchasable","13":"product-type-simple"},"_links":{"self":[{"href":"https:\/\/displayproducts.eu\/es\/wp-json\/wp\/v2\/product\/1212","targetHints":{"allow":["GET"]}}],"collection":[{"href":"https:\/\/displayproducts.eu\/es\/wp-json\/wp\/v2\/product"}],"about":[{"href":"https:\/\/displayproducts.eu\/es\/wp-json\/wp\/v2\/types\/product"}],"replies":[{"embeddable":true,"href":"https:\/\/displayproducts.eu\/es\/wp-json\/wp\/v2\/comments?post=1212"}],"wp:featuredmedia":[{"embeddable":true,"href":"https:\/\/displayproducts.eu\/es\/wp-json\/wp\/v2\/media\/6439"}],"wp:attachment":[{"href":"https:\/\/displayproducts.eu\/es\/wp-json\/wp\/v2\/media?parent=1212"}],"wp:term":[{"taxonomy":"product_brand","embeddable":true,"href":"https:\/\/displayproducts.eu\/es\/wp-json\/wp\/v2\/product_brand?post=1212"},{"taxonomy":"product_cat","embeddable":true,"href":"https:\/\/displayproducts.eu\/es\/wp-json\/wp\/v2\/product_cat?post=1212"},{"taxonomy":"product_tag","embeddable":true,"href":"https:\/\/displayproducts.eu\/es\/wp-json\/wp\/v2\/product_tag?post=1212"}],"curies":[{"name":"wp","href":"https:\/\/api.w.org\/{rel}","templated":true}]}}